{"id":3662,"date":"2025-10-09T00:00:00","date_gmt":"2025-10-08T22:00:00","guid":{"rendered":"https:\/\/yotavis.ch\/product\/n-n-6l\/"},"modified":"2026-04-24T13:28:23","modified_gmt":"2026-04-24T11:28:23","slug":"n-n-6l","status":"publish","type":"product","link":"https:\/\/yotavis.ch\/fr\/produit\/n-n-6l\/","title":{"rendered":"N-N-6L"},"content":{"rendered":"<p>Le Siglent N-N-6L est un c\u00e2ble N-N con\u00e7u pour supporter une bande passante de 6 GHz. Il est \u00e9quip\u00e9 de connecteurs de type N, couramment utilis\u00e9s pour les applications RF n\u00e9cessitant des connexions fiables et durables. Ce c\u00e2ble peut \u00eatre utilis\u00e9 dans des syst\u00e8mes fonctionnant dans la gamme de fr\u00e9quences de 6 GHz, assurant ainsi la compatibilit\u00e9 avec divers dispositifs \u00e0 haute fr\u00e9quence. La construction et les sp\u00e9cifications du c\u00e2ble sont con\u00e7ues pour maintenir l'int\u00e9grit\u00e9 du signal sur toute la bande passante. Sa conception facilite la transmission efficace des signaux sans perte ou interf\u00e9rence significative. Le c\u00e2ble est destin\u00e9 aux applications n\u00e9cessitant une connexion stable et coh\u00e9rente \u00e0 des fr\u00e9quences allant jusqu'\u00e0 6 GHz.<\/p>","protected":false},"excerpt":{"rendered":"<p>C\u00e2ble N-N, largeur de bande 6GHz<\/p>","protected":false},"featured_media":5267,"comment_status":"closed","ping_status":"closed","template":"","meta":{"_acf_changed":false,"slim_seo":{"title":"N-N-6L - YOTAVIS AG","description":"C\u00e2ble N-N, largeur de bande 6GHz"}},"product_brand":[506],"product_cat":[526,530],"product_tag":[],"class_list":{"0":"post-3662","1":"product","2":"type-product","3":"status-publish","4":"has-post-thumbnail","6":"product_brand-siglent","7":"product_cat-accessories","8":"product_cat-cable","9":"pa_connector-type-n","11":"first","12":"instock","13":"taxable","14":"shipping-taxable","15":"purchasable","16":"product-type-simple"},"acf":[],"_links":{"self":[{"href":"https:\/\/yotavis.ch\/fr\/wp-json\/wp\/v2\/product\/3662","targetHints":{"allow":["GET"]}}],"collection":[{"href":"https:\/\/yotavis.ch\/fr\/wp-json\/wp\/v2\/product"}],"about":[{"href":"https:\/\/yotavis.ch\/fr\/wp-json\/wp\/v2\/types\/product"}],"replies":[{"embeddable":true,"href":"https:\/\/yotavis.ch\/fr\/wp-json\/wp\/v2\/comments?post=3662"}],"wp:featuredmedia":[{"embeddable":true,"href":"https:\/\/yotavis.ch\/fr\/wp-json\/wp\/v2\/media\/5267"}],"wp:attachment":[{"href":"https:\/\/yotavis.ch\/fr\/wp-json\/wp\/v2\/media?parent=3662"}],"wp:term":[{"taxonomy":"product_brand","embeddable":true,"href":"https:\/\/yotavis.ch\/fr\/wp-json\/wp\/v2\/product_brand?post=3662"},{"taxonomy":"product_cat","embeddable":true,"href":"https:\/\/yotavis.ch\/fr\/wp-json\/wp\/v2\/product_cat?post=3662"},{"taxonomy":"product_tag","embeddable":true,"href":"https:\/\/yotavis.ch\/fr\/wp-json\/wp\/v2\/product_tag?post=3662"}],"curies":[{"name":"wp","href":"https:\/\/api.w.org\/{rel}","templated":true}]}}