{"id":3663,"date":"2025-10-09T00:00:00","date_gmt":"2025-10-08T22:00:00","guid":{"rendered":"https:\/\/yotavis.ch\/product\/n-bnc-2l\/"},"modified":"2026-04-24T13:28:24","modified_gmt":"2026-04-24T11:28:24","slug":"n-bnc-2l","status":"publish","type":"product","link":"https:\/\/yotavis.ch\/fr\/produit\/n-bnc-2l\/","title":{"rendered":"N-BNC-2L"},"content":{"rendered":"<p>Le N-BNC-2L est un c\u00e2ble N-BNC con\u00e7u par Siglent, avec une bande passante de 2GHz. Il est \u00e9quip\u00e9 de connecteurs Type-N et BNC, assurant la compatibilit\u00e9 avec une vari\u00e9t\u00e9 d'appareils et de configurations. Ce c\u00e2ble prend en charge la transmission de signaux haute fr\u00e9quence jusqu'\u00e0 2 GHz, ce qui le rend adapt\u00e9 aux applications n\u00e9cessitant une connectivit\u00e9 fiable et efficace. La conception met l'accent sur le maintien de l'int\u00e9grit\u00e9 du signal sur toute la bande passante, ce qui est essentiel pour un transfert de donn\u00e9es et des mesures pr\u00e9cises. La construction et les connecteurs du c\u00e2ble sont con\u00e7us pour assurer des connexions stables dans les environnements professionnels. Il est destin\u00e9 \u00e0 \u00eatre utilis\u00e9 dans des sc\u00e9narios o\u00f9 les performances \u00e0 haute fr\u00e9quence sont critiques, comme dans les \u00e9quipements de test et de mesure. Le c\u00e2ble N-BNC-2L est un composant qui s'int\u00e8gre parfaitement aux instruments compatibles de Siglent et d'autres fabricants utilisant les interfaces Type-N et BNC.<\/p>","protected":false},"excerpt":{"rendered":"<p>C\u00e2ble N-BNC, largeur de bande 2GHz<\/p>","protected":false},"featured_media":5268,"comment_status":"closed","ping_status":"closed","template":"","meta":{"_acf_changed":false,"slim_seo":{"title":"N-BNC-2L - YOTAVIS AG","description":"C\u00e2ble N-BNC, largeur de bande 2GHz"}},"product_brand":[506],"product_cat":[526,530],"product_tag":[],"class_list":{"0":"post-3663","1":"product","2":"type-product","3":"status-publish","4":"has-post-thumbnail","6":"product_brand-siglent","7":"product_cat-accessories","8":"product_cat-cable","9":"pa_connector-type-n-bnc","11":"first","12":"instock","13":"taxable","14":"shipping-taxable","15":"purchasable","16":"product-type-simple"},"acf":[],"_links":{"self":[{"href":"https:\/\/yotavis.ch\/fr\/wp-json\/wp\/v2\/product\/3663","targetHints":{"allow":["GET"]}}],"collection":[{"href":"https:\/\/yotavis.ch\/fr\/wp-json\/wp\/v2\/product"}],"about":[{"href":"https:\/\/yotavis.ch\/fr\/wp-json\/wp\/v2\/types\/product"}],"replies":[{"embeddable":true,"href":"https:\/\/yotavis.ch\/fr\/wp-json\/wp\/v2\/comments?post=3663"}],"wp:featuredmedia":[{"embeddable":true,"href":"https:\/\/yotavis.ch\/fr\/wp-json\/wp\/v2\/media\/5268"}],"wp:attachment":[{"href":"https:\/\/yotavis.ch\/fr\/wp-json\/wp\/v2\/media?parent=3663"}],"wp:term":[{"taxonomy":"product_brand","embeddable":true,"href":"https:\/\/yotavis.ch\/fr\/wp-json\/wp\/v2\/product_brand?post=3663"},{"taxonomy":"product_cat","embeddable":true,"href":"https:\/\/yotavis.ch\/fr\/wp-json\/wp\/v2\/product_cat?post=3663"},{"taxonomy":"product_tag","embeddable":true,"href":"https:\/\/yotavis.ch\/fr\/wp-json\/wp\/v2\/product_tag?post=3663"}],"curies":[{"name":"wp","href":"https:\/\/api.w.org\/{rel}","templated":true}]}}