{"id":3666,"date":"2025-10-09T00:00:00","date_gmt":"2025-10-08T22:00:00","guid":{"rendered":"https:\/\/yotavis.ch\/product\/spa1010\/"},"modified":"2026-04-24T13:28:30","modified_gmt":"2026-04-24T11:28:30","slug":"spa1010","status":"publish","type":"product","link":"https:\/\/yotavis.ch\/fr\/produit\/spa1010\/","title":{"rendered":"SPA1010"},"content":{"rendered":"<p>Le SPA1010 a une puissance de sortie typique de 10W et une imp\u00e9dance d'entr\u00e9e de 15k\u03a9. Il accepte des tensions d'entr\u00e9e de +\/- 6,5V Vpp \u00e0 un gain de X1 et de +\/- 1,3V \u00e0 un gain de X10. Le dispositif prend en charge la commutation de gain entre les r\u00e9glages 10V\/1V et 10V\/10V. Sa tension de sortie atteint 25,4 Vpp avec un courant de sortie de 1,12 A. La vitesse de balayage est \u00e9valu\u00e9e \u00e0 90 V\/\u03bcs ou plus, garantissant des changements de tension rapides. Le d\u00e9passement est maintenu \u00e0 4% ou moins. Ce produit est con\u00e7u pour fonctionner avec les g\u00e9n\u00e9rateurs SIGLENT et porte la marque Siglent.<\/p>","protected":false},"excerpt":{"rendered":"<p>Puissance de sortie : 10W (typique) ; Imp\u00e9dance d'entr\u00e9e : 15k\u03a9 ; Entr\u00e9e : +\/- 6,5V Vpp(Gain:X1) ; +\/- 1,3V (Gain:X10) ; Gain : Commutation en 10V\/1V et 10V\/10V ; Tension de sortie : 25,4 Vpp ; Courant de sortie : 1,12 A ; Slew Rate : \u2265 90 V\/\u03bcs ; Overshoot : \u2264 4%. Travail avec le g\u00e9n\u00e9rateur SIGLENT.<\/p>","protected":false},"featured_media":5279,"comment_status":"closed","ping_status":"closed","template":"","meta":{"_acf_changed":false,"slim_seo":{"title":"SPA1010 - YOTAVIS AG","description":"Output Power: 10W (typical); Input Impedance: 15k\u03a9; Input: +\/- 6.5V Vpp(Gain:X1); +\/- 1.3V (Gain:X10); Gain: Switching in 10V\/1V and 10V\/10V; Output Voltage: 25"}},"product_brand":[506],"product_cat":[526,531],"product_tag":[],"class_list":{"0":"post-3666","1":"product","2":"type-product","3":"status-publish","4":"has-post-thumbnail","6":"product_brand-siglent","7":"product_cat-accessories","8":"product_cat-rf-amplifier-attenuator-converter","10":"first","11":"instock","12":"taxable","13":"shipping-taxable","14":"purchasable","15":"product-type-simple"},"acf":[],"_links":{"self":[{"href":"https:\/\/yotavis.ch\/fr\/wp-json\/wp\/v2\/product\/3666","targetHints":{"allow":["GET"]}}],"collection":[{"href":"https:\/\/yotavis.ch\/fr\/wp-json\/wp\/v2\/product"}],"about":[{"href":"https:\/\/yotavis.ch\/fr\/wp-json\/wp\/v2\/types\/product"}],"replies":[{"embeddable":true,"href":"https:\/\/yotavis.ch\/fr\/wp-json\/wp\/v2\/comments?post=3666"}],"wp:featuredmedia":[{"embeddable":true,"href":"https:\/\/yotavis.ch\/fr\/wp-json\/wp\/v2\/media\/5279"}],"wp:attachment":[{"href":"https:\/\/yotavis.ch\/fr\/wp-json\/wp\/v2\/media?parent=3666"}],"wp:term":[{"taxonomy":"product_brand","embeddable":true,"href":"https:\/\/yotavis.ch\/fr\/wp-json\/wp\/v2\/product_brand?post=3666"},{"taxonomy":"product_cat","embeddable":true,"href":"https:\/\/yotavis.ch\/fr\/wp-json\/wp\/v2\/product_cat?post=3666"},{"taxonomy":"product_tag","embeddable":true,"href":"https:\/\/yotavis.ch\/fr\/wp-json\/wp\/v2\/product_tag?post=3666"}],"curies":[{"name":"wp","href":"https:\/\/api.w.org\/{rel}","templated":true}]}}