{"id":3671,"date":"2025-10-09T00:00:00","date_gmt":"2025-10-08T22:00:00","guid":{"rendered":"https:\/\/yotavis.ch\/product\/pak1\/"},"modified":"2026-04-24T13:28:34","modified_gmt":"2026-04-24T11:28:34","slug":"pak1","status":"publish","type":"product","link":"https:\/\/yotavis.ch\/fr\/produit\/pak1\/","title":{"rendered":"PAK1"},"content":{"rendered":"<p>Le PAK1 est un kit d'accessoires pour sondes con\u00e7u pour \u00eatre utilis\u00e9 avec plusieurs mod\u00e8les Siglent, notamment les PB470, PP510, PP215, PP430, SP2030A et SP2035A. Ce kit fournit des composants essentiels pour soutenir et am\u00e9liorer la fonctionnalit\u00e9 de ces sondes sp\u00e9cifiques. Il est compatible avec une gamme d'appareils, assurant la polyvalence des utilisateurs qui utilisent plusieurs instruments Siglent. Le kit est commercialis\u00e9 par Siglent, une soci\u00e9t\u00e9 connue pour ses \u00e9quipements de test \u00e9lectronique. Bien que les sp\u00e9cifications d\u00e9taill\u00e9es telles que la puissance, la tension, le courant et la fr\u00e9quence ne soient pas indiqu\u00e9es, le PAK1 sert d'accessoire suppl\u00e9mentaire aux sondes mentionn\u00e9es. Il est destin\u00e9 \u00e0 faciliter l'entretien, le remplacement ou la mise \u00e0 niveau des pi\u00e8ces de la sonde, contribuant ainsi aux performances globales et \u00e0 la long\u00e9vit\u00e9 de l'\u00e9quipement. La compatibilit\u00e9 du kit avec plusieurs mod\u00e8les en fait un choix pratique pour les utilisateurs qui ont besoin d'accessoires de sonde coh\u00e9rents pour diff\u00e9rents appareils.<\/p>","protected":false},"excerpt":{"rendered":"<p>Kit d'accessoires pour sondes PB470, PP510, PP215, PP430, SP2030A, SP2035A, SP2035<\/p>","protected":false},"featured_media":5287,"comment_status":"closed","ping_status":"closed","template":"","meta":{"_acf_changed":false,"slim_seo":{"title":"PAK1 - YOTAVIS AG","description":"Kit d'accessoires pour sondes PB470, PP510, PP215, PP430, SP2030A, SP2035A, SP2035"}},"product_brand":[506],"product_cat":[510,509],"product_tag":[],"class_list":{"0":"post-3671","1":"product","2":"type-product","3":"status-publish","4":"has-post-thumbnail","6":"product_brand-siglent","7":"product_cat-others-en","8":"product_cat-probes-en","10":"first","11":"instock","12":"taxable","13":"shipping-taxable","14":"purchasable","15":"product-type-simple"},"acf":[],"_links":{"self":[{"href":"https:\/\/yotavis.ch\/fr\/wp-json\/wp\/v2\/product\/3671","targetHints":{"allow":["GET"]}}],"collection":[{"href":"https:\/\/yotavis.ch\/fr\/wp-json\/wp\/v2\/product"}],"about":[{"href":"https:\/\/yotavis.ch\/fr\/wp-json\/wp\/v2\/types\/product"}],"replies":[{"embeddable":true,"href":"https:\/\/yotavis.ch\/fr\/wp-json\/wp\/v2\/comments?post=3671"}],"wp:featuredmedia":[{"embeddable":true,"href":"https:\/\/yotavis.ch\/fr\/wp-json\/wp\/v2\/media\/5287"}],"wp:attachment":[{"href":"https:\/\/yotavis.ch\/fr\/wp-json\/wp\/v2\/media?parent=3671"}],"wp:term":[{"taxonomy":"product_brand","embeddable":true,"href":"https:\/\/yotavis.ch\/fr\/wp-json\/wp\/v2\/product_brand?post=3671"},{"taxonomy":"product_cat","embeddable":true,"href":"https:\/\/yotavis.ch\/fr\/wp-json\/wp\/v2\/product_cat?post=3671"},{"taxonomy":"product_tag","embeddable":true,"href":"https:\/\/yotavis.ch\/fr\/wp-json\/wp\/v2\/product_tag?post=3671"}],"curies":[{"name":"wp","href":"https:\/\/api.w.org\/{rel}","templated":true}]}}