{"id":3672,"date":"2025-10-09T00:00:00","date_gmt":"2025-10-08T22:00:00","guid":{"rendered":"https:\/\/yotavis.ch\/product\/pak2\/"},"modified":"2026-04-24T13:28:34","modified_gmt":"2026-04-24T11:28:34","slug":"pak2","status":"publish","type":"product","link":"https:\/\/yotavis.ch\/fr\/produit\/pak2\/","title":{"rendered":"PAK2"},"content":{"rendered":"<p>Le PAK2 est un kit d'accessoires de sonde con\u00e7u sp\u00e9cifiquement pour le mod\u00e8le SP3050A. Fabriqu\u00e9 par Siglent, ce kit fournit des composants essentiels \u00e0 la fonctionnalit\u00e9 et \u00e0 la maintenance du SP3050A. Il est con\u00e7u pour compl\u00e9ter l'\u00e9quipement existant, garantissant ainsi la compatibilit\u00e9 et la facilit\u00e9 d'utilisation. Le kit comprend divers accessoires de sonde n\u00e9cessaires pour obtenir des mesures pr\u00e9cises et des performances fiables. Il est destin\u00e9 \u00e0 \u00eatre utilis\u00e9 parall\u00e8lement au SP3050A, afin d'am\u00e9liorer ses capacit\u00e9s op\u00e9rationnelles. Le kit PAK2 est un compl\u00e9ment pratique pour les utilisateurs qui ont besoin d'accessoires de sonde suppl\u00e9mentaires pour leur \u00e9quipement Siglent.<\/p>","protected":false},"excerpt":{"rendered":"<p>Kit d'accessoires pour sondes pour SP3050A<\/p>","protected":false},"featured_media":5288,"comment_status":"closed","ping_status":"closed","template":"","meta":{"_acf_changed":false,"slim_seo":{"title":"PAK2 - YOTAVIS AG","description":"Kit d'accessoires pour sondes pour SP3050A"}},"product_brand":[506],"product_cat":[510,509],"product_tag":[],"class_list":{"0":"post-3672","1":"product","2":"type-product","3":"status-publish","4":"has-post-thumbnail","6":"product_brand-siglent","7":"product_cat-others-en","8":"product_cat-probes-en","10":"first","11":"instock","12":"taxable","13":"shipping-taxable","14":"purchasable","15":"product-type-simple"},"acf":[],"_links":{"self":[{"href":"https:\/\/yotavis.ch\/fr\/wp-json\/wp\/v2\/product\/3672","targetHints":{"allow":["GET"]}}],"collection":[{"href":"https:\/\/yotavis.ch\/fr\/wp-json\/wp\/v2\/product"}],"about":[{"href":"https:\/\/yotavis.ch\/fr\/wp-json\/wp\/v2\/types\/product"}],"replies":[{"embeddable":true,"href":"https:\/\/yotavis.ch\/fr\/wp-json\/wp\/v2\/comments?post=3672"}],"wp:featuredmedia":[{"embeddable":true,"href":"https:\/\/yotavis.ch\/fr\/wp-json\/wp\/v2\/media\/5288"}],"wp:attachment":[{"href":"https:\/\/yotavis.ch\/fr\/wp-json\/wp\/v2\/media?parent=3672"}],"wp:term":[{"taxonomy":"product_brand","embeddable":true,"href":"https:\/\/yotavis.ch\/fr\/wp-json\/wp\/v2\/product_brand?post=3672"},{"taxonomy":"product_cat","embeddable":true,"href":"https:\/\/yotavis.ch\/fr\/wp-json\/wp\/v2\/product_cat?post=3672"},{"taxonomy":"product_tag","embeddable":true,"href":"https:\/\/yotavis.ch\/fr\/wp-json\/wp\/v2\/product_tag?post=3672"}],"curies":[{"name":"wp","href":"https:\/\/api.w.org\/{rel}","templated":true}]}}