{"id":3673,"date":"2025-10-09T00:00:00","date_gmt":"2025-10-08T22:00:00","guid":{"rendered":"https:\/\/yotavis.ch\/product\/sap-st1\/"},"modified":"2026-04-24T13:28:35","modified_gmt":"2026-04-24T11:28:35","slug":"sap-st1","status":"publish","type":"product","link":"https:\/\/yotavis.ch\/fr\/produit\/sap-st1\/","title":{"rendered":"SAP-ST1"},"content":{"rendered":"<p>Le SAP-ST1 se pr\u00e9sente sous la forme d'une bo\u00eete contenant 5 pi\u00e8ces, chacune dot\u00e9e d'une pointe droite con\u00e7ue pour les applications de sondage g\u00e9n\u00e9rales. Ces pointes droites sont robustes et con\u00e7ues pour s'adapter en toute s\u00e9curit\u00e9 \u00e0 l'une ou l'autre des prises de sonde, assurant ainsi la compatibilit\u00e9 avec les mod\u00e8les SAP1000, SAP2500 et SAP2500D. Fabriqu\u00e9es par Siglent, ces pointes sont con\u00e7ues pour fournir des performances fiables lors des t\u00e2ches de sondage. Leur conception met l'accent sur la durabilit\u00e9 et la facilit\u00e9 d'utilisation, ce qui les rend adapt\u00e9es \u00e0 divers environnements de test. Chaque embout conserve une forme et une taille coh\u00e9rentes pour correspondre aux dispositifs sp\u00e9cifi\u00e9s, ce qui facilite l'installation et le remplacement. L'emballage de cinq pi\u00e8ces permet des utilisations multiples ou des remplacements selon les besoins dans les environnements professionnels. Ce produit est sp\u00e9cialement con\u00e7u pour r\u00e9pondre aux exigences des utilisateurs travaillant avec les mod\u00e8les d'\u00e9quipement Siglent compatibles mentionn\u00e9s ci-dessus.<\/p>","protected":false},"excerpt":{"rendered":"<p>5 pi\u00e8ces dans une bo\u00eete, embout droit, pour SAP1000, SAP2500\uff0c SAP2500D\uff1bL'embout droit est robuste et con\u00e7u pour le sondage g\u00e9n\u00e9ral. S'adapte \u00e0 l'une ou l'autre des prises de sonde.<\/p>","protected":false},"featured_media":5290,"comment_status":"closed","ping_status":"closed","template":"","meta":{"_acf_changed":false,"slim_seo":{"title":"SAP-ST1 - YOTAVIS AG","description":"5 pi\u00e8ces dans une bo\u00eete, embout droit, pour SAP1000, SAP2500\uff0c SAP2500D\uff1bL'embout droit est robuste et con\u00e7u pour le sondage g\u00e9n\u00e9ral. S'adapte \u00e0 l'une ou l'autre des prises de sonde."}},"product_brand":[506],"product_cat":[510,509],"product_tag":[],"class_list":{"0":"post-3673","1":"product","2":"type-product","3":"status-publish","4":"has-post-thumbnail","6":"product_brand-siglent","7":"product_cat-others-en","8":"product_cat-probes-en","10":"first","11":"instock","12":"taxable","13":"shipping-taxable","14":"purchasable","15":"product-type-simple"},"acf":[],"_links":{"self":[{"href":"https:\/\/yotavis.ch\/fr\/wp-json\/wp\/v2\/product\/3673","targetHints":{"allow":["GET"]}}],"collection":[{"href":"https:\/\/yotavis.ch\/fr\/wp-json\/wp\/v2\/product"}],"about":[{"href":"https:\/\/yotavis.ch\/fr\/wp-json\/wp\/v2\/types\/product"}],"replies":[{"embeddable":true,"href":"https:\/\/yotavis.ch\/fr\/wp-json\/wp\/v2\/comments?post=3673"}],"wp:featuredmedia":[{"embeddable":true,"href":"https:\/\/yotavis.ch\/fr\/wp-json\/wp\/v2\/media\/5290"}],"wp:attachment":[{"href":"https:\/\/yotavis.ch\/fr\/wp-json\/wp\/v2\/media?parent=3673"}],"wp:term":[{"taxonomy":"product_brand","embeddable":true,"href":"https:\/\/yotavis.ch\/fr\/wp-json\/wp\/v2\/product_brand?post=3673"},{"taxonomy":"product_cat","embeddable":true,"href":"https:\/\/yotavis.ch\/fr\/wp-json\/wp\/v2\/product_cat?post=3673"},{"taxonomy":"product_tag","embeddable":true,"href":"https:\/\/yotavis.ch\/fr\/wp-json\/wp\/v2\/product_tag?post=3673"}],"curies":[{"name":"wp","href":"https:\/\/api.w.org\/{rel}","templated":true}]}}