{"id":3674,"date":"2025-10-09T00:00:00","date_gmt":"2025-10-08T22:00:00","guid":{"rendered":"https:\/\/yotavis.ch\/product\/sap-pt\/"},"modified":"2026-04-24T13:28:35","modified_gmt":"2026-04-24T11:28:35","slug":"sap-pt","status":"publish","type":"product","link":"https:\/\/yotavis.ch\/fr\/produit\/sap-pt\/","title":{"rendered":"SAP-PT"},"content":{"rendered":"<p>Le SAP-PT de Siglent se pr\u00e9sente sous la forme d'une bo\u00eete contenant 5 pointes de pogo con\u00e7ues pour \u00eatre utilis\u00e9es avec les mod\u00e8les SAP1000, SAP2500 et SAP2500D. Ces pointes de pogo sont conformes \u00e0 l'axe Z, ce qui permet un contact pr\u00e9cis et fiable pendant les tests ou les processus de connexion. La pointe est con\u00e7ue pour s'adapter \u00e0 une prise ou \u00e0 un via, ainsi qu'\u00e0 une patte de circuit int\u00e9gr\u00e9, ce qui la rend polyvalente pour diverses applications \u00e9lectroniques. Chaque pointe est con\u00e7ue pour garantir un alignement correct et une connexion s\u00fbre, facilitant ainsi une transmission efficace du signal. La conception permet une insertion et un retrait faciles, ce qui peut s'av\u00e9rer utile dans des environnements de test r\u00e9p\u00e9titifs. Ce produit convient aux utilisateurs qui ont besoin de pointes pogo fiables et compatibles avec des dispositifs Siglent sp\u00e9cifiques.<\/p>","protected":false},"excerpt":{"rendered":"<p>5 pcs dans une bo\u00eete, Pogo Tip\uff0cfor SAP1000, SAP2500\uff0c SAP2500D\uff1bLe pogo tip assure la conformit\u00e9 \u00e0 l'axe z. La pointe peut \u00eatre ins\u00e9r\u00e9e dans une douille ou par l'interm\u00e9diaire d'un pied de circuit int\u00e9gr\u00e9.<\/p>","protected":false},"featured_media":5291,"comment_status":"closed","ping_status":"closed","template":"","meta":{"_acf_changed":false,"slim_seo":{"title":"SAP-PT - YOTAVIS AG","description":"5 pcs dans une bo\u00eete, Pogo Tip\uff0cfor SAP1000, SAP2500\uff0c SAP2500D\uff1bLe pogo tip assure la conformit\u00e9 \u00e0 l'axe z. La pointe peut \u00eatre ins\u00e9r\u00e9e dans une douille ou par l'interm\u00e9diaire d'un pied de circuit int\u00e9gr\u00e9."}},"product_brand":[506],"product_cat":[510,509],"product_tag":[],"class_list":{"0":"post-3674","1":"product","2":"type-product","3":"status-publish","4":"has-post-thumbnail","6":"product_brand-siglent","7":"product_cat-others-en","8":"product_cat-probes-en","10":"first","11":"instock","12":"taxable","13":"shipping-taxable","14":"purchasable","15":"product-type-simple"},"acf":[],"_links":{"self":[{"href":"https:\/\/yotavis.ch\/fr\/wp-json\/wp\/v2\/product\/3674","targetHints":{"allow":["GET"]}}],"collection":[{"href":"https:\/\/yotavis.ch\/fr\/wp-json\/wp\/v2\/product"}],"about":[{"href":"https:\/\/yotavis.ch\/fr\/wp-json\/wp\/v2\/types\/product"}],"replies":[{"embeddable":true,"href":"https:\/\/yotavis.ch\/fr\/wp-json\/wp\/v2\/comments?post=3674"}],"wp:featuredmedia":[{"embeddable":true,"href":"https:\/\/yotavis.ch\/fr\/wp-json\/wp\/v2\/media\/5291"}],"wp:attachment":[{"href":"https:\/\/yotavis.ch\/fr\/wp-json\/wp\/v2\/media?parent=3674"}],"wp:term":[{"taxonomy":"product_brand","embeddable":true,"href":"https:\/\/yotavis.ch\/fr\/wp-json\/wp\/v2\/product_brand?post=3674"},{"taxonomy":"product_cat","embeddable":true,"href":"https:\/\/yotavis.ch\/fr\/wp-json\/wp\/v2\/product_cat?post=3674"},{"taxonomy":"product_tag","embeddable":true,"href":"https:\/\/yotavis.ch\/fr\/wp-json\/wp\/v2\/product_tag?post=3674"}],"curies":[{"name":"wp","href":"https:\/\/api.w.org\/{rel}","templated":true}]}}