{"id":3675,"date":"2025-10-09T00:00:00","date_gmt":"2025-10-08T22:00:00","guid":{"rendered":"https:\/\/yotavis.ch\/product\/sap1-kit\/"},"modified":"2026-04-24T13:28:36","modified_gmt":"2026-04-24T11:28:36","slug":"sap1-kit","status":"publish","type":"product","link":"https:\/\/yotavis.ch\/fr\/produit\/sap1-kit\/","title":{"rendered":"SAP1-kit"},"content":{"rendered":"<p>Le SAP1-kit de Siglent est un kit de sondes complet con\u00e7u pour \u00eatre utilis\u00e9 avec les mod\u00e8les SAP1000 et SAP2500. Il comprend une vari\u00e9t\u00e9 de composants tels que cinq pointes droites et cinq pointes Pogo, offrant de multiples options pour les besoins de sondage. Le kit contient \u00e9galement un adaptateur d'entr\u00e9e L, un adaptateur de terre Z et un adaptateur de fil Y, qui facilitent les diff\u00e9rentes configurations de connexion. En outre, il comprend un fil \u00e0 broche \u00e0 angle droit de 5 cm, un fil \u00e0 broche droite de 6 cm, un fil \u00e0 broche \u00e0 angle droit de 10 cm et un fil \u00e0 broche droite de 12 cm, offrant ainsi une grande polyvalence en termes de longueur et d'orientation des fils. Pour faciliter l'organisation et l'identification, le kit comprend un ensemble de clips d'identification de canal en quatre couleurs diff\u00e9rentes. Cet assortiment d'accessoires garantit la compatibilit\u00e9 et la commodit\u00e9 pour diverses t\u00e2ches de test et de mesure.<\/p>","protected":false},"excerpt":{"rendered":"<p>Kits de sondes pour SAP1000,SAP2500\uff1bincluant pointe droite *5, pointe pogo *5, adaptateur entr\u00e9e L *1, masse Z *1, adaptateur fil Y *1, fil \u00e0 broche \u00e0 angle droit 5 cm *1, fil \u00e0 broche droit 6 cm *1, fil \u00e0 broche \u00e0 angle droit 10 cm * 1, fil \u00e0 broche droit 12 cm *1, pinces d'identification de canal (jeu de 4 couleurs) *1<\/p>","protected":false},"featured_media":5295,"comment_status":"closed","ping_status":"closed","template":"","meta":{"_acf_changed":false,"slim_seo":{"title":"SAP1-kit - YOTAVIS AG","description":"Probe kits for SAP1000,SAP2500\uff1bincluding Straight Tip *5, Pogo Tip *5,L In Adapter *1,Z Ground *1,Y Lead Adapter *1,Right Angle Pin Lead 5 cm *1,Straight Pin Le"}},"product_brand":[506],"product_cat":[510,509],"product_tag":[],"class_list":{"0":"post-3675","1":"product","2":"type-product","3":"status-publish","4":"has-post-thumbnail","6":"product_brand-siglent","7":"product_cat-others-en","8":"product_cat-probes-en","10":"first","11":"instock","12":"taxable","13":"shipping-taxable","14":"purchasable","15":"product-type-simple"},"acf":[],"_links":{"self":[{"href":"https:\/\/yotavis.ch\/fr\/wp-json\/wp\/v2\/product\/3675","targetHints":{"allow":["GET"]}}],"collection":[{"href":"https:\/\/yotavis.ch\/fr\/wp-json\/wp\/v2\/product"}],"about":[{"href":"https:\/\/yotavis.ch\/fr\/wp-json\/wp\/v2\/types\/product"}],"replies":[{"embeddable":true,"href":"https:\/\/yotavis.ch\/fr\/wp-json\/wp\/v2\/comments?post=3675"}],"wp:featuredmedia":[{"embeddable":true,"href":"https:\/\/yotavis.ch\/fr\/wp-json\/wp\/v2\/media\/5295"}],"wp:attachment":[{"href":"https:\/\/yotavis.ch\/fr\/wp-json\/wp\/v2\/media?parent=3675"}],"wp:term":[{"taxonomy":"product_brand","embeddable":true,"href":"https:\/\/yotavis.ch\/fr\/wp-json\/wp\/v2\/product_brand?post=3675"},{"taxonomy":"product_cat","embeddable":true,"href":"https:\/\/yotavis.ch\/fr\/wp-json\/wp\/v2\/product_cat?post=3675"},{"taxonomy":"product_tag","embeddable":true,"href":"https:\/\/yotavis.ch\/fr\/wp-json\/wp\/v2\/product_tag?post=3675"}],"curies":[{"name":"wp","href":"https:\/\/api.w.org\/{rel}","templated":true}]}}