{"id":3676,"date":"2025-10-09T00:00:00","date_gmt":"2025-10-08T22:00:00","guid":{"rendered":"https:\/\/yotavis.ch\/product\/sap2-kit\/"},"modified":"2026-04-24T13:28:36","modified_gmt":"2026-04-24T11:28:36","slug":"sap2-kit","status":"publish","type":"product","link":"https:\/\/yotavis.ch\/fr\/produit\/sap2-kit\/","title":{"rendered":"SAP2-kit"},"content":{"rendered":"<p>Le SAP2-kit de Siglent est un kit de sondes complet con\u00e7u sp\u00e9cifiquement pour le mod\u00e8le SAP2500D. Il comprend une vari\u00e9t\u00e9 de pointes et d'adaptateurs pour r\u00e9pondre aux diff\u00e9rents besoins de test, avec cinq pointes droites, cinq pointes Pogo et deux pointes pivotantes. En outre, le kit contient deux \u00e9conomiseurs de pointes, qui permettent de prolonger la dur\u00e9e de vie des pointes de la sonde en cas d'utilisation fr\u00e9quente. Pour plus de connectivit\u00e9 et de polyvalence, le kit comprend \u00e9galement deux adaptateurs de fils en Y et cinq fils \u00e0 broches \u00e0 angle droit. Cet assortiment de composants garantit la compatibilit\u00e9 et la flexibilit\u00e9 du SAP2500D, permettant aux utilisateurs d'adapter leur configuration de palpage en fonction de leurs besoins de mesure sp\u00e9cifiques. L'inclusion de plusieurs types de pointes et d'adaptateurs prend en charge une gamme de sc\u00e9narios de test, ce qui fait du kit SAP2 un accessoire pratique pour les diagnostics et les mesures \u00e9lectroniques d\u00e9taill\u00e9s.<\/p>","protected":false},"excerpt":{"rendered":"<p>Kits de sondes pour SAP2500D, y compris pointe droite *5, pointe Pogo *5, pointe pivotante *2, Tip Saver *2, adaptateur de fil Y *2, fil \u00e0 broche \u00e0 angle droit 5<\/p>","protected":false},"featured_media":5294,"comment_status":"closed","ping_status":"closed","template":"","meta":{"_acf_changed":false,"slim_seo":{"title":"SAP2-kit - YOTAVIS AG","description":"Kits de sondes pour SAP2500D, y compris pointe droite *5, pointe Pogo *5, pointe pivotante *2, Tip Saver *2, adaptateur de fil Y *2, fil \u00e0 broche \u00e0 angle droit 5"}},"product_brand":[506],"product_cat":[510,509],"product_tag":[],"class_list":{"0":"post-3676","1":"product","2":"type-product","3":"status-publish","4":"has-post-thumbnail","6":"product_brand-siglent","7":"product_cat-others-en","8":"product_cat-probes-en","10":"first","11":"instock","12":"taxable","13":"shipping-taxable","14":"purchasable","15":"product-type-simple"},"acf":[],"_links":{"self":[{"href":"https:\/\/yotavis.ch\/fr\/wp-json\/wp\/v2\/product\/3676","targetHints":{"allow":["GET"]}}],"collection":[{"href":"https:\/\/yotavis.ch\/fr\/wp-json\/wp\/v2\/product"}],"about":[{"href":"https:\/\/yotavis.ch\/fr\/wp-json\/wp\/v2\/types\/product"}],"replies":[{"embeddable":true,"href":"https:\/\/yotavis.ch\/fr\/wp-json\/wp\/v2\/comments?post=3676"}],"wp:featuredmedia":[{"embeddable":true,"href":"https:\/\/yotavis.ch\/fr\/wp-json\/wp\/v2\/media\/5294"}],"wp:attachment":[{"href":"https:\/\/yotavis.ch\/fr\/wp-json\/wp\/v2\/media?parent=3676"}],"wp:term":[{"taxonomy":"product_brand","embeddable":true,"href":"https:\/\/yotavis.ch\/fr\/wp-json\/wp\/v2\/product_brand?post=3676"},{"taxonomy":"product_cat","embeddable":true,"href":"https:\/\/yotavis.ch\/fr\/wp-json\/wp\/v2\/product_cat?post=3676"},{"taxonomy":"product_tag","embeddable":true,"href":"https:\/\/yotavis.ch\/fr\/wp-json\/wp\/v2\/product_tag?post=3676"}],"curies":[{"name":"wp","href":"https:\/\/api.w.org\/{rel}","templated":true}]}}