{"id":3677,"date":"2025-10-09T00:00:00","date_gmt":"2025-10-08T22:00:00","guid":{"rendered":"https:\/\/yotavis.ch\/product\/pb470\/"},"modified":"2026-04-24T13:28:36","modified_gmt":"2026-04-24T11:28:36","slug":"pb470","status":"publish","type":"product","link":"https:\/\/yotavis.ch\/fr\/produit\/pb470\/","title":{"rendered":"PB470"},"content":{"rendered":"<p>Le Siglent PB470 offre une att\u00e9nuation de 1X\/10X avec des valeurs de capacit\u00e9 de 85 et 18 picofarads respectivement. Il offre des options de r\u00e9sistance d'entr\u00e9e de 1 m\u00e9gaohm et 10 m\u00e9gaohms, supportant des fr\u00e9quences jusqu'\u00e0 70 MHz. Le dispositif fonctionne dans une plage de tension de 300 \u00e0 600 V et est con\u00e7u pour fonctionner \u00e0 des temp\u00e9ratures allant de -15 \u00e0 75 degr\u00e9s Celsius. Son interface universelle permet une connectivit\u00e9 polyvalente. Le PB470 convient aux applications n\u00e9cessitant une att\u00e9nuation pr\u00e9cise et un traitement des fr\u00e9quences dans les limites des param\u00e8tres sp\u00e9cifi\u00e9s.<\/p>","protected":false},"excerpt":{"rendered":"<p>Att\u00e9nuation 1X\/10X, 85\/18pf, 1M\/10Mohm, 6M\/70MHz, 300V\/600V, temp\u00e9rature de fonctionnement -15 \u00e0 75 degr\u00e9s<\/p>","protected":false},"featured_media":5298,"comment_status":"closed","ping_status":"closed","template":"","meta":{"_acf_changed":false,"slim_seo":{"title":"PB470 - YOTAVIS AG","description":"Att\u00e9nuation 1X\/10X, 85\/18pf, 1M\/10Mohm, 6M\/70MHz, 300V\/600V, temp\u00e9rature de fonctionnement -15 \u00e0 75 degr\u00e9s"}},"product_brand":[506],"product_cat":[534,509],"product_tag":[],"class_list":{"0":"post-3677","1":"product","2":"type-product","3":"status-publish","4":"has-post-thumbnail","6":"product_brand-siglent","7":"product_cat-passives-probes-en","8":"product_cat-probes-en","9":"pa_bandwidth-mhz-94","10":"pa_interface-universal","11":"pa_voltage-max-v-204","13":"first","14":"instock","15":"taxable","16":"shipping-taxable","17":"purchasable","18":"product-type-simple"},"acf":[],"_links":{"self":[{"href":"https:\/\/yotavis.ch\/fr\/wp-json\/wp\/v2\/product\/3677","targetHints":{"allow":["GET"]}}],"collection":[{"href":"https:\/\/yotavis.ch\/fr\/wp-json\/wp\/v2\/product"}],"about":[{"href":"https:\/\/yotavis.ch\/fr\/wp-json\/wp\/v2\/types\/product"}],"replies":[{"embeddable":true,"href":"https:\/\/yotavis.ch\/fr\/wp-json\/wp\/v2\/comments?post=3677"}],"wp:featuredmedia":[{"embeddable":true,"href":"https:\/\/yotavis.ch\/fr\/wp-json\/wp\/v2\/media\/5298"}],"wp:attachment":[{"href":"https:\/\/yotavis.ch\/fr\/wp-json\/wp\/v2\/media?parent=3677"}],"wp:term":[{"taxonomy":"product_brand","embeddable":true,"href":"https:\/\/yotavis.ch\/fr\/wp-json\/wp\/v2\/product_brand?post=3677"},{"taxonomy":"product_cat","embeddable":true,"href":"https:\/\/yotavis.ch\/fr\/wp-json\/wp\/v2\/product_cat?post=3677"},{"taxonomy":"product_tag","embeddable":true,"href":"https:\/\/yotavis.ch\/fr\/wp-json\/wp\/v2\/product_tag?post=3677"}],"curies":[{"name":"wp","href":"https:\/\/api.w.org\/{rel}","templated":true}]}}