{"id":3678,"date":"2025-10-09T00:00:00","date_gmt":"2025-10-08T22:00:00","guid":{"rendered":"https:\/\/yotavis.ch\/product\/pp510\/"},"modified":"2026-04-24T13:28:36","modified_gmt":"2026-04-24T11:28:36","slug":"pp510","status":"publish","type":"product","link":"https:\/\/yotavis.ch\/fr\/produit\/pp510\/","title":{"rendered":"PP510"},"content":{"rendered":"<p>Le Siglent PP510 offre une att\u00e9nuation de 1X\/10X avec des valeurs de capacit\u00e9 de 85pF et 18pF, et des options de r\u00e9sistance d'entr\u00e9e de 1M\u03a9 et 10M\u03a9. Il fonctionne efficacement dans une gamme de fr\u00e9quences allant jusqu'\u00e0 100MHz et supporte une bande passante de 100MHz. L'appareil est con\u00e7u pour g\u00e9rer des tensions allant jusqu'\u00e0 300V et 600V, ce qui le rend adapt\u00e9 \u00e0 divers sc\u00e9narios de mesure. Sa plage de temp\u00e9rature de fonctionnement s'\u00e9tend de -15 \u00e0 75 degr\u00e9s Celsius, ce qui permet de l'utiliser dans diverses conditions environnementales. Le PP510 est \u00e9quip\u00e9 d'une interface universelle, ce qui am\u00e9liore sa compatibilit\u00e9 avec diff\u00e9rents syst\u00e8mes. Ce produit associe des caract\u00e9ristiques \u00e9lectriques pr\u00e9cises \u00e0 une gestion robuste de la tension et \u00e0 une tol\u00e9rance \u00e0 la temp\u00e9rature.<\/p>","protected":false},"excerpt":{"rendered":"<p>Att\u00e9nuation 1X\/10X, 85\/18pf, 1M\/10Mohm, 6M\/100MHz, 300V\/600V, temp\u00e9rature de fonctionnement -15 \u00e0 75 degr\u00e9s<\/p>","protected":false},"featured_media":5732,"comment_status":"closed","ping_status":"closed","template":"","meta":{"_acf_changed":false,"slim_seo":{"title":"PP510 - YOTAVIS AG","description":"Att\u00e9nuation 1X\/10X, 85\/18pf, 1M\/10Mohm, 6M\/100MHz, 300V\/600V, temp\u00e9rature de fonctionnement -15 \u00e0 75 degr\u00e9s"}},"product_brand":[506],"product_cat":[534,509],"product_tag":[],"class_list":{"0":"post-3678","1":"product","2":"type-product","3":"status-publish","4":"has-post-thumbnail","6":"product_brand-siglent","7":"product_cat-passives-probes-en","8":"product_cat-probes-en","9":"pa_bandwidth-mhz-90","10":"pa_interface-universal","11":"pa_voltage-max-v-204","13":"first","14":"instock","15":"taxable","16":"shipping-taxable","17":"purchasable","18":"product-type-simple"},"acf":[],"_links":{"self":[{"href":"https:\/\/yotavis.ch\/fr\/wp-json\/wp\/v2\/product\/3678","targetHints":{"allow":["GET"]}}],"collection":[{"href":"https:\/\/yotavis.ch\/fr\/wp-json\/wp\/v2\/product"}],"about":[{"href":"https:\/\/yotavis.ch\/fr\/wp-json\/wp\/v2\/types\/product"}],"replies":[{"embeddable":true,"href":"https:\/\/yotavis.ch\/fr\/wp-json\/wp\/v2\/comments?post=3678"}],"wp:featuredmedia":[{"embeddable":true,"href":"https:\/\/yotavis.ch\/fr\/wp-json\/wp\/v2\/media\/5732"}],"wp:attachment":[{"href":"https:\/\/yotavis.ch\/fr\/wp-json\/wp\/v2\/media?parent=3678"}],"wp:term":[{"taxonomy":"product_brand","embeddable":true,"href":"https:\/\/yotavis.ch\/fr\/wp-json\/wp\/v2\/product_brand?post=3678"},{"taxonomy":"product_cat","embeddable":true,"href":"https:\/\/yotavis.ch\/fr\/wp-json\/wp\/v2\/product_cat?post=3678"},{"taxonomy":"product_tag","embeddable":true,"href":"https:\/\/yotavis.ch\/fr\/wp-json\/wp\/v2\/product_tag?post=3678"}],"curies":[{"name":"wp","href":"https:\/\/api.w.org\/{rel}","templated":true}]}}