{"id":3680,"date":"2025-10-09T00:00:00","date_gmt":"2025-10-08T22:00:00","guid":{"rendered":"https:\/\/yotavis.ch\/product\/pb925\/"},"modified":"2026-04-24T13:28:37","modified_gmt":"2026-04-24T11:28:37","slug":"pb925","status":"publish","type":"product","link":"https:\/\/yotavis.ch\/fr\/produit\/pb925\/","title":{"rendered":"PB925"},"content":{"rendered":"<p>Le PB925 est un oscilloscope portable con\u00e7u par Siglent, dot\u00e9 d'une bande passante de 250 MHz. Il prend en charge les mesures de tension jusqu'\u00e0 1000 V et est conforme aux cat\u00e9gories de s\u00e9curit\u00e9 CAT II 1000V et CAT III 600V. Cet appareil est compatible avec la s\u00e9rie SHS1000, dont il am\u00e9liore les fonctionnalit\u00e9s pour diverses t\u00e2ches de mesure. L'option oscilloscope est \u00e9quip\u00e9e d'une interface universelle, permettant une connectivit\u00e9 polyvalente et l'int\u00e9gration avec d'autres \u00e9quipements. Sa conception est ax\u00e9e sur une analyse fiable et pr\u00e9cise des signaux dans les limites de bande passante et de tension sp\u00e9cifi\u00e9es. Le PB925 convient aux utilisateurs qui ont besoin d'une solution portable pour tester les signaux haute tension et haute fr\u00e9quence. Il combine des caract\u00e9ristiques de s\u00e9curit\u00e9 et des sp\u00e9cifications techniques pour r\u00e9pondre aux exigences des diagnostics \u00e9lectroniques professionnels.<\/p>","protected":false},"excerpt":{"rendered":"<p>10X CAT II 1000V, CAT III 600V, largeur de bande 250M, option oscilloscope portable SHS1000<\/p>","protected":false},"featured_media":5735,"comment_status":"closed","ping_status":"closed","template":"","meta":{"_acf_changed":false,"slim_seo":{"title":"PB925 - YOTAVIS AG","description":"10X CAT II 1000V, CAT III 600V, largeur de bande 250M, option oscilloscope portable SHS1000"}},"product_brand":[506],"product_cat":[534,509],"product_tag":[],"class_list":{"0":"post-3680","1":"product","2":"type-product","3":"status-publish","4":"has-post-thumbnail","6":"product_brand-siglent","7":"product_cat-passives-probes-en","8":"product_cat-probes-en","9":"pa_bandwidth-mhz-207","10":"pa_interface-universal","11":"pa_voltage-max-v-208","13":"first","14":"instock","15":"taxable","16":"shipping-taxable","17":"purchasable","18":"product-type-simple"},"acf":[],"_links":{"self":[{"href":"https:\/\/yotavis.ch\/fr\/wp-json\/wp\/v2\/product\/3680","targetHints":{"allow":["GET"]}}],"collection":[{"href":"https:\/\/yotavis.ch\/fr\/wp-json\/wp\/v2\/product"}],"about":[{"href":"https:\/\/yotavis.ch\/fr\/wp-json\/wp\/v2\/types\/product"}],"replies":[{"embeddable":true,"href":"https:\/\/yotavis.ch\/fr\/wp-json\/wp\/v2\/comments?post=3680"}],"wp:featuredmedia":[{"embeddable":true,"href":"https:\/\/yotavis.ch\/fr\/wp-json\/wp\/v2\/media\/5735"}],"wp:attachment":[{"href":"https:\/\/yotavis.ch\/fr\/wp-json\/wp\/v2\/media?parent=3680"}],"wp:term":[{"taxonomy":"product_brand","embeddable":true,"href":"https:\/\/yotavis.ch\/fr\/wp-json\/wp\/v2\/product_brand?post=3680"},{"taxonomy":"product_cat","embeddable":true,"href":"https:\/\/yotavis.ch\/fr\/wp-json\/wp\/v2\/product_cat?post=3680"},{"taxonomy":"product_tag","embeddable":true,"href":"https:\/\/yotavis.ch\/fr\/wp-json\/wp\/v2\/product_tag?post=3680"}],"curies":[{"name":"wp","href":"https:\/\/api.w.org\/{rel}","templated":true}]}}