{"id":3682,"date":"2025-10-09T00:00:00","date_gmt":"2025-10-08T22:00:00","guid":{"rendered":"https:\/\/yotavis.ch\/product\/sp2035a\/"},"modified":"2026-04-24T13:28:38","modified_gmt":"2026-04-24T11:28:38","slug":"sp2035a","status":"publish","type":"product","link":"https:\/\/yotavis.ch\/fr\/produit\/sp2035a\/","title":{"rendered":"SP2035A"},"content":{"rendered":"<p>Le Siglent SP2035A pr\u00e9sente une att\u00e9nuation de 10X et une capacit\u00e9 de 12 pF, associ\u00e9e \u00e0 une r\u00e9sistance d'entr\u00e9e de 10 M\u03a9. Il fonctionne avec une bande passante de 350 MHz et supporte une tension maximale de 300 V. Le dispositif comprend une interface universelle, permettant des options de connectivit\u00e9 polyvalentes. Ces sp\u00e9cifications indiquent qu'il convient aux applications n\u00e9cessitant une att\u00e9nuation et une mesure pr\u00e9cises des signaux dans les plages de fr\u00e9quence et de tension indiqu\u00e9es.<\/p>","protected":false},"excerpt":{"rendered":"<p>Att\u00e9nuation 10X, 12 pf, 10 Mohm,<\/p>","protected":false},"featured_media":5736,"comment_status":"closed","ping_status":"closed","template":"","meta":{"_acf_changed":false,"slim_seo":{"title":"SP2035A - YOTAVIS AG","description":"Att\u00e9nuation 10X, 12 pf, 10 Mohm,"}},"product_brand":[506],"product_cat":[534,509],"product_tag":[],"class_list":{"0":"post-3682","1":"product","2":"type-product","3":"status-publish","4":"has-post-thumbnail","6":"product_brand-siglent","7":"product_cat-passives-probes-en","8":"product_cat-probes-en","9":"pa_bandwidth-mhz-76","10":"pa_interface-universal","11":"pa_voltage-max-v-209","13":"first","14":"instock","15":"taxable","16":"shipping-taxable","17":"purchasable","18":"product-type-simple"},"acf":[],"_links":{"self":[{"href":"https:\/\/yotavis.ch\/fr\/wp-json\/wp\/v2\/product\/3682","targetHints":{"allow":["GET"]}}],"collection":[{"href":"https:\/\/yotavis.ch\/fr\/wp-json\/wp\/v2\/product"}],"about":[{"href":"https:\/\/yotavis.ch\/fr\/wp-json\/wp\/v2\/types\/product"}],"replies":[{"embeddable":true,"href":"https:\/\/yotavis.ch\/fr\/wp-json\/wp\/v2\/comments?post=3682"}],"wp:featuredmedia":[{"embeddable":true,"href":"https:\/\/yotavis.ch\/fr\/wp-json\/wp\/v2\/media\/5736"}],"wp:attachment":[{"href":"https:\/\/yotavis.ch\/fr\/wp-json\/wp\/v2\/media?parent=3682"}],"wp:term":[{"taxonomy":"product_brand","embeddable":true,"href":"https:\/\/yotavis.ch\/fr\/wp-json\/wp\/v2\/product_brand?post=3682"},{"taxonomy":"product_cat","embeddable":true,"href":"https:\/\/yotavis.ch\/fr\/wp-json\/wp\/v2\/product_cat?post=3682"},{"taxonomy":"product_tag","embeddable":true,"href":"https:\/\/yotavis.ch\/fr\/wp-json\/wp\/v2\/product_tag?post=3682"}],"curies":[{"name":"wp","href":"https:\/\/api.w.org\/{rel}","templated":true}]}}