{"id":3688,"date":"2025-10-09T00:00:00","date_gmt":"2025-10-08T22:00:00","guid":{"rendered":"https:\/\/yotavis.ch\/product\/cpl5100\/"},"modified":"2026-04-24T13:28:40","modified_gmt":"2026-04-24T11:28:40","slug":"cpl5100","status":"publish","type":"product","link":"https:\/\/yotavis.ch\/fr\/produit\/cpl5100\/","title":{"rendered":"CPL5100"},"content":{"rendered":"<p>Le CPL5100 fonctionne avec une bande passante de DC \u00e0 600 kHz, prenant en charge une gamme de courant \u00e0 deux niveaux : bas (L) de 50mA \u00e0 10A cr\u00eate et haut (H) de 1A \u00e0 100A cr\u00eate. Il offre une pr\u00e9cision d'att\u00e9nuation de 0,1V\/A pour la gamme basse et de 0,01V\/A pour la gamme haute. La pr\u00e9cision typique en courant continu varie en fonction de la gamme de courant, la gamme basse offrant 3% \u00b1 50mA, et la gamme haute 4% \u00b1 50mA pour les courants compris entre 500mA et 40A cr\u00eate, et un maximum de \u00b115% pour les courants compris entre 40A et 100A cr\u00eate. Le dispositif a un temps de mont\u00e9e inf\u00e9rieur ou \u00e9gal \u00e0 583 nanosecondes. Il fonctionne avec une tension nominale efficace de CATI 600V, CATII 600V et CATIII 300V. L'alimentation est assur\u00e9e par une pile alcaline de 9V, qui offre une autonomie d'environ 15 heures. Le produit est fabriqu\u00e9 par Siglent et dispose d'une interface universelle.<\/p>","protected":false},"excerpt":{"rendered":"<p>Bande passante : DC-600 kHz ; Gamme de courant : L(50mA~10A Peak), H(1A~100A Peak) ; Pr\u00e9cision d'att\u00e9nuation L(0.1V\/A), H(0.01V\/A) ; Pr\u00e9cision DC typique : L(3%\u00b150mA),H(500mA~40A Peak \uff1a4%\u00b150mA\uff1b40A~100A Peak \uff1a\u00b115% Maximum) ; Temps de mont\u00e9e : \u2264583ns ; Tension de fonctionnement RMS : CATI 600V CATII 600V CATIII 300V ; pile alcaline 9V \u00e0 couche\/ 15H<\/p>","protected":false},"featured_media":5750,"comment_status":"closed","ping_status":"closed","template":"","meta":{"_acf_changed":false,"slim_seo":{"title":"CPL5100 - YOTAVIS AG","description":"Bandwidth: DC-600 kHz ; Current Range: L(50mA~10A Peak), H(1A~100A Peak); Attenuation accuracy L(0.1V\/A), H(0.01V\/A); Typical DC precision: L(3%\u00b150mA),H(500mA~4"}},"product_brand":[506],"product_cat":[536,509],"product_tag":[],"class_list":{"0":"post-3688","1":"product","2":"type-product","3":"status-publish","4":"has-post-thumbnail","6":"product_brand-siglent","7":"product_cat-current-probes-en","8":"product_cat-probes-en","9":"pa_bandwidth-mhz-0-6","10":"pa_current-max-a-445","11":"pa_interface-universal","13":"first","14":"instock","15":"taxable","16":"shipping-taxable","17":"purchasable","18":"product-type-simple"},"acf":[],"_links":{"self":[{"href":"https:\/\/yotavis.ch\/fr\/wp-json\/wp\/v2\/product\/3688","targetHints":{"allow":["GET"]}}],"collection":[{"href":"https:\/\/yotavis.ch\/fr\/wp-json\/wp\/v2\/product"}],"about":[{"href":"https:\/\/yotavis.ch\/fr\/wp-json\/wp\/v2\/types\/product"}],"replies":[{"embeddable":true,"href":"https:\/\/yotavis.ch\/fr\/wp-json\/wp\/v2\/comments?post=3688"}],"wp:featuredmedia":[{"embeddable":true,"href":"https:\/\/yotavis.ch\/fr\/wp-json\/wp\/v2\/media\/5750"}],"wp:attachment":[{"href":"https:\/\/yotavis.ch\/fr\/wp-json\/wp\/v2\/media?parent=3688"}],"wp:term":[{"taxonomy":"product_brand","embeddable":true,"href":"https:\/\/yotavis.ch\/fr\/wp-json\/wp\/v2\/product_brand?post=3688"},{"taxonomy":"product_cat","embeddable":true,"href":"https:\/\/yotavis.ch\/fr\/wp-json\/wp\/v2\/product_cat?post=3688"},{"taxonomy":"product_tag","embeddable":true,"href":"https:\/\/yotavis.ch\/fr\/wp-json\/wp\/v2\/product_tag?post=3688"}],"curies":[{"name":"wp","href":"https:\/\/api.w.org\/{rel}","templated":true}]}}