{"id":3689,"date":"2025-10-09T00:00:00","date_gmt":"2025-10-08T22:00:00","guid":{"rendered":"https:\/\/yotavis.ch\/product\/cp4020\/"},"modified":"2026-04-24T13:28:40","modified_gmt":"2026-04-24T11:28:40","slug":"cp4020","status":"publish","type":"product","link":"https:\/\/yotavis.ch\/fr\/produit\/cp4020\/","title":{"rendered":"CP4020"},"content":{"rendered":"<p>Le Siglent CP4020 dispose d'une bande passante de 100 kHz, ce qui lui permet de traiter efficacement les signaux dans cette gamme de fr\u00e9quences. Il supporte un courant continu maximum de 20 Arms, ce qui lui permet de fonctionner dans des conditions de courant \u00e9lev\u00e9 soutenu. Le dispositif est capable de g\u00e9rer des courants de cr\u00eate allant jusqu'\u00e0 60 A, ce qui lui conf\u00e8re une certaine souplesse pour les demandes de courant \u00e9lev\u00e9 de courte dur\u00e9e. Il poss\u00e8de un rapport de commutation de 50 mV\/A et un rapport suppl\u00e9mentaire de 5 mV\/A, qui sont essentiels pour une mesure de courant et une conversion de signal pr\u00e9cises. Le CP4020 fonctionne avec un courant maximal de 20 A et comprend une interface universelle pour la connectivit\u00e9. Sa bande passante est sp\u00e9cifi\u00e9e \u00e0 0,1 MHz, ce qui correspond \u00e0 la bande passante de 100 kHz mentionn\u00e9e. Ces sp\u00e9cifications font du CP4020 un instrument adapt\u00e9 aux applications n\u00e9cessitant une mesure et un contr\u00f4le pr\u00e9cis du courant dans les limites des param\u00e8tres \u00e9lectriques indiqu\u00e9s.<\/p>","protected":false},"excerpt":{"rendered":"<p>Bande passante : 100KHz ; Courant continu maximum 20Arms ; Courant de cr\u00eate 60A ; Rapport de commutation : 50mV\/A ; 5mV\/A ;<\/p>","protected":false},"featured_media":5753,"comment_status":"closed","ping_status":"closed","template":"","meta":{"_acf_changed":false,"slim_seo":{"title":"CP4020 - YOTAVIS AG","description":"Bande passante : 100KHz ; Courant continu maximum 20Arms ; Courant de cr\u00eate 60A ; Rapport de commutation : 50mV\/A ; 5mV\/A ;"}},"product_brand":[506],"product_cat":[536,509],"product_tag":[],"class_list":{"0":"post-3689","1":"product","2":"type-product","3":"status-publish","4":"has-post-thumbnail","6":"product_brand-siglent","7":"product_cat-current-probes-en","8":"product_cat-probes-en","9":"pa_bandwidth-mhz-0-1","10":"pa_current-max-a-447","11":"pa_interface-universal","13":"first","14":"instock","15":"taxable","16":"shipping-taxable","17":"purchasable","18":"product-type-simple"},"acf":[],"_links":{"self":[{"href":"https:\/\/yotavis.ch\/fr\/wp-json\/wp\/v2\/product\/3689","targetHints":{"allow":["GET"]}}],"collection":[{"href":"https:\/\/yotavis.ch\/fr\/wp-json\/wp\/v2\/product"}],"about":[{"href":"https:\/\/yotavis.ch\/fr\/wp-json\/wp\/v2\/types\/product"}],"replies":[{"embeddable":true,"href":"https:\/\/yotavis.ch\/fr\/wp-json\/wp\/v2\/comments?post=3689"}],"wp:featuredmedia":[{"embeddable":true,"href":"https:\/\/yotavis.ch\/fr\/wp-json\/wp\/v2\/media\/5753"}],"wp:attachment":[{"href":"https:\/\/yotavis.ch\/fr\/wp-json\/wp\/v2\/media?parent=3689"}],"wp:term":[{"taxonomy":"product_brand","embeddable":true,"href":"https:\/\/yotavis.ch\/fr\/wp-json\/wp\/v2\/product_brand?post=3689"},{"taxonomy":"product_cat","embeddable":true,"href":"https:\/\/yotavis.ch\/fr\/wp-json\/wp\/v2\/product_cat?post=3689"},{"taxonomy":"product_tag","embeddable":true,"href":"https:\/\/yotavis.ch\/fr\/wp-json\/wp\/v2\/product_tag?post=3689"}],"curies":[{"name":"wp","href":"https:\/\/api.w.org\/{rel}","templated":true}]}}