{"id":3690,"date":"2025-10-09T00:00:00","date_gmt":"2025-10-08T22:00:00","guid":{"rendered":"https:\/\/yotavis.ch\/product\/cp4050\/"},"modified":"2026-04-24T13:28:43","modified_gmt":"2026-04-24T11:28:43","slug":"cp4050","status":"publish","type":"product","link":"https:\/\/yotavis.ch\/fr\/produit\/cp4050\/","title":{"rendered":"CP4050"},"content":{"rendered":"<p>Le Siglent CP4050 dispose d'une bande passante de 1 MHz, ce qui le rend adapt\u00e9 aux applications n\u00e9cessitant cette gamme de fr\u00e9quence. Il supporte un courant continu maximum de 50 Arms, permettant un fonctionnement soutenu sous des charges \u00e9lectriques importantes. Le dispositif peut g\u00e9rer des courants de cr\u00eate allant jusqu'\u00e0 140 A, ce qui lui permet de supporter de br\u00e8ves pointes de courant plus \u00e9lev\u00e9. Il poss\u00e8de un rapport de commutation de 500 mV\/A et un rapport suppl\u00e9mentaire de 50 mV\/A, qui sont importants pour une mesure et un contr\u00f4le pr\u00e9cis du courant. Le CP4050 fonctionne avec une interface universelle, ce qui garantit sa compatibilit\u00e9 avec divers syst\u00e8mes et configurations. Son courant maximal est de 50 A, ce qui correspond \u00e0 sa capacit\u00e9 de courant continu. Ce produit est con\u00e7u et fabriqu\u00e9 par Siglent, une marque connue pour ses instruments de mesure \u00e9lectroniques.<\/p>","protected":false},"excerpt":{"rendered":"<p>Bande passante : 1MHz ; Courant continu maximum 50Arms ; Courant de cr\u00eate 140A ; Rapport de commutation : 500mV\/A ; 50mV\/A ;<\/p>","protected":false},"featured_media":5759,"comment_status":"closed","ping_status":"closed","template":"","meta":{"_acf_changed":false,"slim_seo":{"title":"CP4050 - YOTAVIS AG","description":"Bande passante : 1MHz ; Courant continu maximum 50Arms ; Courant de cr\u00eate 140A ; Rapport de commutation : 500mV\/A ; 50mV\/A ;"}},"product_brand":[506],"product_cat":[536,509],"product_tag":[],"class_list":{"0":"post-3690","1":"product","2":"type-product","3":"status-publish","4":"has-post-thumbnail","6":"product_brand-siglent","7":"product_cat-current-probes-en","8":"product_cat-probes-en","9":"pa_bandwidth-mhz-216","10":"pa_current-max-a-448","11":"pa_interface-universal","13":"first","14":"instock","15":"taxable","16":"shipping-taxable","17":"purchasable","18":"product-type-simple"},"acf":[],"_links":{"self":[{"href":"https:\/\/yotavis.ch\/fr\/wp-json\/wp\/v2\/product\/3690","targetHints":{"allow":["GET"]}}],"collection":[{"href":"https:\/\/yotavis.ch\/fr\/wp-json\/wp\/v2\/product"}],"about":[{"href":"https:\/\/yotavis.ch\/fr\/wp-json\/wp\/v2\/types\/product"}],"replies":[{"embeddable":true,"href":"https:\/\/yotavis.ch\/fr\/wp-json\/wp\/v2\/comments?post=3690"}],"wp:featuredmedia":[{"embeddable":true,"href":"https:\/\/yotavis.ch\/fr\/wp-json\/wp\/v2\/media\/5759"}],"wp:attachment":[{"href":"https:\/\/yotavis.ch\/fr\/wp-json\/wp\/v2\/media?parent=3690"}],"wp:term":[{"taxonomy":"product_brand","embeddable":true,"href":"https:\/\/yotavis.ch\/fr\/wp-json\/wp\/v2\/product_brand?post=3690"},{"taxonomy":"product_cat","embeddable":true,"href":"https:\/\/yotavis.ch\/fr\/wp-json\/wp\/v2\/product_cat?post=3690"},{"taxonomy":"product_tag","embeddable":true,"href":"https:\/\/yotavis.ch\/fr\/wp-json\/wp\/v2\/product_tag?post=3690"}],"curies":[{"name":"wp","href":"https:\/\/api.w.org\/{rel}","templated":true}]}}