{"id":3691,"date":"2025-10-09T00:00:00","date_gmt":"2025-10-08T22:00:00","guid":{"rendered":"https:\/\/yotavis.ch\/product\/cp4070\/"},"modified":"2026-04-24T13:28:43","modified_gmt":"2026-04-24T11:28:43","slug":"cp4070","status":"publish","type":"product","link":"https:\/\/yotavis.ch\/fr\/produit\/cp4070\/","title":{"rendered":"CP4070"},"content":{"rendered":"<p>Le Siglent CP4070 dispose d'une bande passante de 300kHz, ce qui lui permet de traiter efficacement les signaux dans cette gamme de fr\u00e9quence. Il supporte un courant continu maximum de 70Arms, assurant un fonctionnement fiable dans des conditions de charge soutenue. L'appareil peut g\u00e9rer des courants de cr\u00eate jusqu'\u00e0 200A, ce qui lui permet d'absorber de br\u00e8ves rafales de courant plus \u00e9lev\u00e9 sans dommage. Il offre des rapports de commutation de 50mV\/A et 5mV\/A, ce qui permet une grande souplesse dans la sensibilit\u00e9 des mesures. Le courant maximal admissible est de 70 A et il comprend une interface universelle pour la connectivit\u00e9. En outre, la bande passante est sp\u00e9cifi\u00e9e \u00e0 0,15 MHz, ce qui indique sa capacit\u00e9 \u00e0 traiter des signaux dans cette bande de fr\u00e9quence plus \u00e9troite \u00e9galement. Ces sp\u00e9cifications font du CP4070 un instrument adapt\u00e9 aux applications n\u00e9cessitant une mesure et un contr\u00f4le pr\u00e9cis du courant dans les limites des param\u00e8tres \u00e9lectriques indiqu\u00e9s.<\/p>","protected":false},"excerpt":{"rendered":"<p>Bande passante : 300kHz ; Courant continu maximum 70Arms;Courant de cr\u00eate 200A;Rapport de commutation\uff1a50mV\/A\u30015mV\/A ;<\/p>","protected":false},"featured_media":5757,"comment_status":"closed","ping_status":"closed","template":"","meta":{"_acf_changed":false,"slim_seo":{"title":"CP4070 - YOTAVIS AG","description":"Bande passante : 300kHz ; Courant continu maximum 70Arms;Courant de cr\u00eate 200A;Rapport de commutation\uff1a50mV\/A\u30015mV\/A ;"}},"product_brand":[506],"product_cat":[536,509],"product_tag":[],"class_list":{"0":"post-3691","1":"product","2":"type-product","3":"status-publish","4":"has-post-thumbnail","6":"product_brand-siglent","7":"product_cat-current-probes-en","8":"product_cat-probes-en","9":"pa_bandwidth-mhz-0-15","10":"pa_current-max-a-449","11":"pa_interface-universal","13":"first","14":"instock","15":"taxable","16":"shipping-taxable","17":"purchasable","18":"product-type-simple"},"acf":[],"_links":{"self":[{"href":"https:\/\/yotavis.ch\/fr\/wp-json\/wp\/v2\/product\/3691","targetHints":{"allow":["GET"]}}],"collection":[{"href":"https:\/\/yotavis.ch\/fr\/wp-json\/wp\/v2\/product"}],"about":[{"href":"https:\/\/yotavis.ch\/fr\/wp-json\/wp\/v2\/types\/product"}],"replies":[{"embeddable":true,"href":"https:\/\/yotavis.ch\/fr\/wp-json\/wp\/v2\/comments?post=3691"}],"wp:featuredmedia":[{"embeddable":true,"href":"https:\/\/yotavis.ch\/fr\/wp-json\/wp\/v2\/media\/5757"}],"wp:attachment":[{"href":"https:\/\/yotavis.ch\/fr\/wp-json\/wp\/v2\/media?parent=3691"}],"wp:term":[{"taxonomy":"product_brand","embeddable":true,"href":"https:\/\/yotavis.ch\/fr\/wp-json\/wp\/v2\/product_brand?post=3691"},{"taxonomy":"product_cat","embeddable":true,"href":"https:\/\/yotavis.ch\/fr\/wp-json\/wp\/v2\/product_cat?post=3691"},{"taxonomy":"product_tag","embeddable":true,"href":"https:\/\/yotavis.ch\/fr\/wp-json\/wp\/v2\/product_tag?post=3691"}],"curies":[{"name":"wp","href":"https:\/\/api.w.org\/{rel}","templated":true}]}}