{"id":3693,"date":"2025-10-09T00:00:00","date_gmt":"2025-10-08T22:00:00","guid":{"rendered":"https:\/\/yotavis.ch\/product\/cp6030\/"},"modified":"2026-04-24T13:28:44","modified_gmt":"2026-04-24T11:28:44","slug":"cp6030","status":"publish","type":"product","link":"https:\/\/yotavis.ch\/fr\/produit\/cp6030\/","title":{"rendered":"CP6030"},"content":{"rendered":"<p>Le Siglent CP6030 dispose d'une bande passante de 50MHz, ce qui le rend adapt\u00e9 \u00e0 diverses applications de mesure dans cette gamme de fr\u00e9quence. Il supporte un courant continu maximum de 30Arms, permettant un fonctionnement soutenu sous des charges de courant significatives. L'appareil peut g\u00e9rer des courants de cr\u00eate jusqu'\u00e0 50A, ce qui lui conf\u00e8re une certaine souplesse pour les conditions transitoires. Son rapport de commutation est sp\u00e9cifi\u00e9 comme \u00e9tant de 5A\/30A, ce qui indique sa capacit\u00e9 \u00e0 commuter efficacement entre diff\u00e9rents niveaux de courant. Le CP6030 est con\u00e7u avec une interface universelle, facilitant la compatibilit\u00e9 avec une gamme de syst\u00e8mes et de configurations. Cette combinaison de bande passante, de gestion du courant et d'options d'interface fait du CP6030 un outil polyvalent pour les t\u00e2ches de mesure du courant.<\/p>","protected":false},"excerpt":{"rendered":"<p>Bande passante : 50MHz ; Courant continu maximum 30Arms ; Courant de cr\u00eate 50A ; Rapport de commutation : 5A\/30A ;<\/p>","protected":false},"featured_media":5762,"comment_status":"closed","ping_status":"closed","template":"","meta":{"_acf_changed":false,"slim_seo":{"title":"CP6030 - YOTAVIS AG","description":"Bande passante : 50MHz ; Courant continu maximum 30Arms ; Courant de cr\u00eate 50A ; Rapport de commutation : 5A\/30A ;"}},"product_brand":[506],"product_cat":[536,509],"product_tag":[],"class_list":{"0":"post-3693","1":"product","2":"type-product","3":"status-publish","4":"has-post-thumbnail","6":"product_brand-siglent","7":"product_cat-current-probes-en","8":"product_cat-probes-en","9":"pa_bandwidth-mhz-100","10":"pa_current-max-a-450","11":"pa_interface-universal","13":"first","14":"instock","15":"taxable","16":"shipping-taxable","17":"purchasable","18":"product-type-simple"},"acf":[],"_links":{"self":[{"href":"https:\/\/yotavis.ch\/fr\/wp-json\/wp\/v2\/product\/3693","targetHints":{"allow":["GET"]}}],"collection":[{"href":"https:\/\/yotavis.ch\/fr\/wp-json\/wp\/v2\/product"}],"about":[{"href":"https:\/\/yotavis.ch\/fr\/wp-json\/wp\/v2\/types\/product"}],"replies":[{"embeddable":true,"href":"https:\/\/yotavis.ch\/fr\/wp-json\/wp\/v2\/comments?post=3693"}],"wp:featuredmedia":[{"embeddable":true,"href":"https:\/\/yotavis.ch\/fr\/wp-json\/wp\/v2\/media\/5762"}],"wp:attachment":[{"href":"https:\/\/yotavis.ch\/fr\/wp-json\/wp\/v2\/media?parent=3693"}],"wp:term":[{"taxonomy":"product_brand","embeddable":true,"href":"https:\/\/yotavis.ch\/fr\/wp-json\/wp\/v2\/product_brand?post=3693"},{"taxonomy":"product_cat","embeddable":true,"href":"https:\/\/yotavis.ch\/fr\/wp-json\/wp\/v2\/product_cat?post=3693"},{"taxonomy":"product_tag","embeddable":true,"href":"https:\/\/yotavis.ch\/fr\/wp-json\/wp\/v2\/product_tag?post=3693"}],"curies":[{"name":"wp","href":"https:\/\/api.w.org\/{rel}","templated":true}]}}