{"id":3696,"date":"2025-10-09T00:00:00","date_gmt":"2025-10-08T22:00:00","guid":{"rendered":"https:\/\/yotavis.ch\/product\/cp6500\/"},"modified":"2026-04-24T13:28:45","modified_gmt":"2026-04-24T11:28:45","slug":"cp6500","status":"publish","type":"product","link":"https:\/\/yotavis.ch\/fr\/produit\/cp6500\/","title":{"rendered":"CP6500"},"content":{"rendered":"<p>Le Siglent CP6500 dispose d'une bande passante de 5 MHz, supporte un courant continu maximum de 500 Arms et un courant de cr\u00eate de 750 A. Il offre un rapport de commutation de 75 A \u00e0 500 A, permettant une gestion efficace du courant dans sa plage sp\u00e9cifi\u00e9e. Le dispositif est con\u00e7u avec une interface universelle, facilitant la compatibilit\u00e9 avec divers syst\u00e8mes et configurations. Son courant maximal est de 500 A, ce qui lui permet de g\u00e9rer des charges \u00e9lectriques importantes. La combinaison de ces sp\u00e9cifications rend le CP6500 adapt\u00e9 aux applications n\u00e9cessitant un contr\u00f4le et une mesure pr\u00e9cis du courant dans les limites de bande passante et de courant donn\u00e9es.<\/p>","protected":false},"excerpt":{"rendered":"<p>Bande passante : 5MHz ; Courant continu maximum 500Arms ; Courant de cr\u00eate 750A ; Rapport de commutation:75A\/500A ;<\/p>","protected":false},"featured_media":5767,"comment_status":"closed","ping_status":"closed","template":"","meta":{"_acf_changed":false,"slim_seo":{"title":"CP6500 - YOTAVIS AG","description":"Bande passante : 5MHz ; Courant continu maximum 500Arms ; Courant de cr\u00eate 750A ; Rapport de commutation:75A\/500A ;"}},"product_brand":[506],"product_cat":[536,509],"product_tag":[],"class_list":{"0":"post-3696","1":"product","2":"type-product","3":"status-publish","4":"has-post-thumbnail","6":"product_brand-siglent","7":"product_cat-current-probes-en","8":"product_cat-probes-en","9":"pa_bandwidth-mhz-220","10":"pa_current-max-a-452","11":"pa_interface-universal","13":"first","14":"instock","15":"taxable","16":"shipping-taxable","17":"purchasable","18":"product-type-simple"},"acf":[],"_links":{"self":[{"href":"https:\/\/yotavis.ch\/fr\/wp-json\/wp\/v2\/product\/3696","targetHints":{"allow":["GET"]}}],"collection":[{"href":"https:\/\/yotavis.ch\/fr\/wp-json\/wp\/v2\/product"}],"about":[{"href":"https:\/\/yotavis.ch\/fr\/wp-json\/wp\/v2\/types\/product"}],"replies":[{"embeddable":true,"href":"https:\/\/yotavis.ch\/fr\/wp-json\/wp\/v2\/comments?post=3696"}],"wp:featuredmedia":[{"embeddable":true,"href":"https:\/\/yotavis.ch\/fr\/wp-json\/wp\/v2\/media\/5767"}],"wp:attachment":[{"href":"https:\/\/yotavis.ch\/fr\/wp-json\/wp\/v2\/media?parent=3696"}],"wp:term":[{"taxonomy":"product_brand","embeddable":true,"href":"https:\/\/yotavis.ch\/fr\/wp-json\/wp\/v2\/product_brand?post=3696"},{"taxonomy":"product_cat","embeddable":true,"href":"https:\/\/yotavis.ch\/fr\/wp-json\/wp\/v2\/product_cat?post=3696"},{"taxonomy":"product_tag","embeddable":true,"href":"https:\/\/yotavis.ch\/fr\/wp-json\/wp\/v2\/product_tag?post=3696"}],"curies":[{"name":"wp","href":"https:\/\/api.w.org\/{rel}","templated":true}]}}