{"id":3697,"date":"2025-10-09T00:00:00","date_gmt":"2025-10-08T22:00:00","guid":{"rendered":"https:\/\/yotavis.ch\/product\/scp5030\/"},"modified":"2026-04-24T13:28:45","modified_gmt":"2026-04-24T11:28:45","slug":"scp5030","status":"publish","type":"product","link":"https:\/\/yotavis.ch\/fr\/produit\/scp5030\/","title":{"rendered":"SCP5030"},"content":{"rendered":"<p>Le SCP5030 de Siglent dispose d'une bande passante de 50MHz, supporte un courant continu maximum de 30Arms et un courant de cr\u00eate de 50A. Il a un rapport de commutation de 5A \u00e0 30A, ce qui permet un contr\u00f4le pr\u00e9cis du courant dans cette plage. L'appareil est con\u00e7u pour g\u00e9rer des courants jusqu'\u00e0 30A en continu, ce qui le rend adapt\u00e9 aux applications n\u00e9cessitant un flux de courant stable. La capacit\u00e9 de courant de cr\u00eate de 50A indique sa capacit\u00e9 \u00e0 g\u00e9rer de courtes rafales de courant plus \u00e9lev\u00e9 sans dommage. L'interface est fournie par Siglent, ce qui garantit la compatibilit\u00e9 avec leurs syst\u00e8mes et la facilit\u00e9 d'int\u00e9gration. Ce produit est con\u00e7u pour r\u00e9pondre \u00e0 des exigences \u00e9lectriques sp\u00e9cifiques o\u00f9 la bande passante et la gestion du courant sont des facteurs critiques. Ses sp\u00e9cifications se concentrent sur les param\u00e8tres de courant et de bande passante, refl\u00e9tant son utilisation pr\u00e9vue dans des sc\u00e9narios de mesure ou de contr\u00f4le \u00e9lectrique.<\/p>","protected":false},"excerpt":{"rendered":"<p>Bande passante : 50MHz ; Courant continu maximum 30Arms ; Courant de cr\u00eate 50A;Rapport de commutation\uff1a5A\/30A ;<\/p>","protected":false},"featured_media":5770,"comment_status":"closed","ping_status":"closed","template":"","meta":{"_acf_changed":false,"slim_seo":{"title":"SCP5030 - YOTAVIS AG","description":"Bande passante : 50MHz ; Courant continu maximum 30Arms ; Courant de cr\u00eate 50A;Rapport de commutation\uff1a5A\/30A ;"}},"product_brand":[506],"product_cat":[536,509],"product_tag":[],"class_list":{"0":"post-3697","1":"product","2":"type-product","3":"status-publish","4":"has-post-thumbnail","6":"product_brand-siglent","7":"product_cat-current-probes-en","8":"product_cat-probes-en","9":"pa_bandwidth-mhz-100","10":"pa_current-max-a-450","11":"pa_interface-siglent","13":"first","14":"instock","15":"taxable","16":"shipping-taxable","17":"purchasable","18":"product-type-simple"},"acf":[],"_links":{"self":[{"href":"https:\/\/yotavis.ch\/fr\/wp-json\/wp\/v2\/product\/3697","targetHints":{"allow":["GET"]}}],"collection":[{"href":"https:\/\/yotavis.ch\/fr\/wp-json\/wp\/v2\/product"}],"about":[{"href":"https:\/\/yotavis.ch\/fr\/wp-json\/wp\/v2\/types\/product"}],"replies":[{"embeddable":true,"href":"https:\/\/yotavis.ch\/fr\/wp-json\/wp\/v2\/comments?post=3697"}],"wp:featuredmedia":[{"embeddable":true,"href":"https:\/\/yotavis.ch\/fr\/wp-json\/wp\/v2\/media\/5770"}],"wp:attachment":[{"href":"https:\/\/yotavis.ch\/fr\/wp-json\/wp\/v2\/media?parent=3697"}],"wp:term":[{"taxonomy":"product_brand","embeddable":true,"href":"https:\/\/yotavis.ch\/fr\/wp-json\/wp\/v2\/product_brand?post=3697"},{"taxonomy":"product_cat","embeddable":true,"href":"https:\/\/yotavis.ch\/fr\/wp-json\/wp\/v2\/product_cat?post=3697"},{"taxonomy":"product_tag","embeddable":true,"href":"https:\/\/yotavis.ch\/fr\/wp-json\/wp\/v2\/product_tag?post=3697"}],"curies":[{"name":"wp","href":"https:\/\/api.w.org\/{rel}","templated":true}]}}