{"id":3698,"date":"2025-10-09T00:00:00","date_gmt":"2025-10-08T22:00:00","guid":{"rendered":"https:\/\/yotavis.ch\/product\/scp5030a\/"},"modified":"2026-04-24T13:28:46","modified_gmt":"2026-04-24T11:28:46","slug":"scp5030a","status":"publish","type":"product","link":"https:\/\/yotavis.ch\/fr\/produit\/scp5030a\/","title":{"rendered":"SCP5030A"},"content":{"rendered":"<p>Le SCP5030A de Siglent dispose d'une bande passante de 100 MHz, ce qui lui permet de traiter efficacement les signaux dans cette gamme de fr\u00e9quence. Il supporte un courant continu maximum de 30 Arms, assurant un fonctionnement stable dans des conditions de charge soutenue. Le dispositif peut \u00e9galement g\u00e9rer des courants de cr\u00eate jusqu'\u00e0 50 A, ce qui lui permet d'absorber de courtes pointes de courant plus \u00e9lev\u00e9. Son rapport de commutation est sp\u00e9cifi\u00e9 comme \u00e9tant de 5 A\/30, indiquant la relation entre le courant de contr\u00f4le et le courant de charge. L'interface est con\u00e7ue par Siglent, ce qui peut faciliter la compatibilit\u00e9 avec d'autres \u00e9quipements de la m\u00eame marque. Ce produit est con\u00e7u pour r\u00e9pondre \u00e0 des exigences sp\u00e9cifiques de mesure et de contr\u00f4le \u00e9lectriques, en se concentrant sur les capacit\u00e9s de traitement du courant et les performances de la bande passante.<\/p>","protected":false},"excerpt":{"rendered":"<p>Bande passante : 100 MHz ; Courant continu maximal 30 Arms ; Courant de cr\u00eate 50 A ; Rapport de commutation : 5 A\/30 ;<\/p>","protected":false},"featured_media":5771,"comment_status":"closed","ping_status":"closed","template":"","meta":{"_acf_changed":false,"slim_seo":{"title":"SCP5030A - YOTAVIS AG","description":"Bande passante : 100 MHz ; Courant continu maximal 30 Arms ; Courant de cr\u00eate 50 A ; Rapport de commutation : 5 A\/30 ;"}},"product_brand":[506],"product_cat":[536,509],"product_tag":[],"class_list":{"0":"post-3698","1":"product","2":"type-product","3":"status-publish","4":"has-post-thumbnail","6":"product_brand-siglent","7":"product_cat-current-probes-en","8":"product_cat-probes-en","9":"pa_bandwidth-mhz-90","10":"pa_current-max-a-450","11":"pa_interface-siglent","13":"first","14":"instock","15":"taxable","16":"shipping-taxable","17":"purchasable","18":"product-type-simple"},"acf":[],"_links":{"self":[{"href":"https:\/\/yotavis.ch\/fr\/wp-json\/wp\/v2\/product\/3698","targetHints":{"allow":["GET"]}}],"collection":[{"href":"https:\/\/yotavis.ch\/fr\/wp-json\/wp\/v2\/product"}],"about":[{"href":"https:\/\/yotavis.ch\/fr\/wp-json\/wp\/v2\/types\/product"}],"replies":[{"embeddable":true,"href":"https:\/\/yotavis.ch\/fr\/wp-json\/wp\/v2\/comments?post=3698"}],"wp:featuredmedia":[{"embeddable":true,"href":"https:\/\/yotavis.ch\/fr\/wp-json\/wp\/v2\/media\/5771"}],"wp:attachment":[{"href":"https:\/\/yotavis.ch\/fr\/wp-json\/wp\/v2\/media?parent=3698"}],"wp:term":[{"taxonomy":"product_brand","embeddable":true,"href":"https:\/\/yotavis.ch\/fr\/wp-json\/wp\/v2\/product_brand?post=3698"},{"taxonomy":"product_cat","embeddable":true,"href":"https:\/\/yotavis.ch\/fr\/wp-json\/wp\/v2\/product_cat?post=3698"},{"taxonomy":"product_tag","embeddable":true,"href":"https:\/\/yotavis.ch\/fr\/wp-json\/wp\/v2\/product_tag?post=3698"}],"curies":[{"name":"wp","href":"https:\/\/api.w.org\/{rel}","templated":true}]}}