{"id":3699,"date":"2025-10-09T00:00:00","date_gmt":"2025-10-08T22:00:00","guid":{"rendered":"https:\/\/yotavis.ch\/product\/scp5150\/"},"modified":"2026-04-24T13:28:46","modified_gmt":"2026-04-24T11:28:46","slug":"scp5150","status":"publish","type":"product","link":"https:\/\/yotavis.ch\/fr\/produit\/scp5150\/","title":{"rendered":"SCP5150"},"content":{"rendered":"<p>Le SCP5150 de Siglent dispose d'une bande passante de 12 MHz, ce qui lui permet de traiter efficacement les signaux dans cette gamme de fr\u00e9quences. Il supporte un courant continu maximum de 150 Arms, ce qui lui permet de fonctionner sous des charges \u00e9lectriques importantes sans interruption. Le dispositif est \u00e9galement capable de g\u00e9rer des courants de cr\u00eate allant jusqu'\u00e0 300 A, ce qui lui conf\u00e8re une certaine souplesse pour les applications n\u00e9cessitant de courtes rafales de courant \u00e9lev\u00e9. Son rapport de commutation est sp\u00e9cifi\u00e9 entre 30 A et 150 A, ce qui indique la gamme de capacit\u00e9s de commutation de courant qu'il peut g\u00e9rer. L'interface est con\u00e7ue par Siglent, ce qui peut faciliter l'int\u00e9gration avec d'autres \u00e9quipements ou syst\u00e8mes de la m\u00eame marque. Cette combinaison de bande passante et de sp\u00e9cifications de courant rend le SCP5150 adapt\u00e9 \u00e0 divers sc\u00e9narios de mesure et de test \u00e9lectrique o\u00f9 une manipulation pr\u00e9cise du courant est n\u00e9cessaire.<\/p>","protected":false},"excerpt":{"rendered":"<p>Bande passante : 12 MHz ; Courant continu maximal 150 Arms ; Courant de cr\u00eate 300 A ; Rapport de commutation : 30 A\/150 A ;<\/p>","protected":false},"featured_media":5772,"comment_status":"closed","ping_status":"closed","template":"","meta":{"_acf_changed":false,"slim_seo":{"title":"SCP5150 - YOTAVIS AG","description":"Bande passante : 12 MHz ; Courant continu maximal 150 Arms ; Courant de cr\u00eate 300 A ; Rapport de commutation : 30 A\/150 A ;"}},"product_brand":[506],"product_cat":[536,509],"product_tag":[],"class_list":{"0":"post-3699","1":"product","2":"type-product","3":"status-publish","4":"has-post-thumbnail","6":"product_brand-siglent","7":"product_cat-current-probes-en","8":"product_cat-probes-en","9":"pa_bandwidth-mhz-219","10":"pa_current-max-a-451","11":"pa_interface-siglent","13":"first","14":"instock","15":"taxable","16":"shipping-taxable","17":"purchasable","18":"product-type-simple"},"acf":[],"_links":{"self":[{"href":"https:\/\/yotavis.ch\/fr\/wp-json\/wp\/v2\/product\/3699","targetHints":{"allow":["GET"]}}],"collection":[{"href":"https:\/\/yotavis.ch\/fr\/wp-json\/wp\/v2\/product"}],"about":[{"href":"https:\/\/yotavis.ch\/fr\/wp-json\/wp\/v2\/types\/product"}],"replies":[{"embeddable":true,"href":"https:\/\/yotavis.ch\/fr\/wp-json\/wp\/v2\/comments?post=3699"}],"wp:featuredmedia":[{"embeddable":true,"href":"https:\/\/yotavis.ch\/fr\/wp-json\/wp\/v2\/media\/5772"}],"wp:attachment":[{"href":"https:\/\/yotavis.ch\/fr\/wp-json\/wp\/v2\/media?parent=3699"}],"wp:term":[{"taxonomy":"product_brand","embeddable":true,"href":"https:\/\/yotavis.ch\/fr\/wp-json\/wp\/v2\/product_brand?post=3699"},{"taxonomy":"product_cat","embeddable":true,"href":"https:\/\/yotavis.ch\/fr\/wp-json\/wp\/v2\/product_cat?post=3699"},{"taxonomy":"product_tag","embeddable":true,"href":"https:\/\/yotavis.ch\/fr\/wp-json\/wp\/v2\/product_tag?post=3699"}],"curies":[{"name":"wp","href":"https:\/\/api.w.org\/{rel}","templated":true}]}}