{"id":3700,"date":"2025-10-09T00:00:00","date_gmt":"2025-10-08T22:00:00","guid":{"rendered":"https:\/\/yotavis.ch\/product\/scp5500\/"},"modified":"2026-04-24T13:28:46","modified_gmt":"2026-04-24T11:28:46","slug":"scp5500","status":"publish","type":"product","link":"https:\/\/yotavis.ch\/fr\/produit\/scp5500\/","title":{"rendered":"SCP5500"},"content":{"rendered":"<p>Le SCP5500 de Siglent dispose d'une bande passante de 2 MHz, ce qui le rend adapt\u00e9 aux applications n\u00e9cessitant cette gamme de fr\u00e9quence sp\u00e9cifique. Il supporte un courant continu maximum de 500 Arms, ce qui permet un fonctionnement soutenu \u00e0 haut courant. Le dispositif peut g\u00e9rer des courants de cr\u00eate allant jusqu'\u00e0 750 A, ce qui lui permet de r\u00e9pondre \u00e0 des demandes de courant \u00e9lev\u00e9 en courtes rafales. Son rapport de commutation est sp\u00e9cifi\u00e9 entre 75 A et 500 A, ce qui indique la relation entre les diff\u00e9rents niveaux de courant qu'il peut g\u00e9rer. L'interface est \u00e9galement fournie par Siglent, ce qui garantit la compatibilit\u00e9 avec d'autres \u00e9quipements de la m\u00eame marque. Cette combinaison de caract\u00e9ristiques de gestion de courant et de bande passante d\u00e9finit les param\u00e8tres op\u00e9rationnels du SCP5500, ce qui en fait un composant con\u00e7u pour un contr\u00f4le pr\u00e9cis du courant et de la fr\u00e9quence dans les limites sp\u00e9cifi\u00e9es.<\/p>","protected":false},"excerpt":{"rendered":"<p>Bande passante : 2 MHz ; Courant continu maximal 500 Arms ; Courant de cr\u00eate 750 A ; Rapport de commutation : 75 A\/500 A ;<\/p>","protected":false},"featured_media":5773,"comment_status":"closed","ping_status":"closed","template":"","meta":{"_acf_changed":false,"slim_seo":{"title":"SCP5500 - YOTAVIS AG","description":"Bande passante : 2 MHz ; Courant continu maximal 500 Arms ; Courant de cr\u00eate 750 A ; Rapport de commutation : 75 A\/500 A ;"}},"product_brand":[506],"product_cat":[536,509],"product_tag":[],"class_list":{"0":"post-3700","1":"product","2":"type-product","3":"status-publish","4":"has-post-thumbnail","6":"product_brand-siglent","7":"product_cat-current-probes-en","8":"product_cat-probes-en","9":"pa_bandwidth-mhz-221","10":"pa_current-max-a-452","11":"pa_interface-siglent","13":"first","14":"instock","15":"taxable","16":"shipping-taxable","17":"purchasable","18":"product-type-simple"},"acf":[],"_links":{"self":[{"href":"https:\/\/yotavis.ch\/fr\/wp-json\/wp\/v2\/product\/3700","targetHints":{"allow":["GET"]}}],"collection":[{"href":"https:\/\/yotavis.ch\/fr\/wp-json\/wp\/v2\/product"}],"about":[{"href":"https:\/\/yotavis.ch\/fr\/wp-json\/wp\/v2\/types\/product"}],"replies":[{"embeddable":true,"href":"https:\/\/yotavis.ch\/fr\/wp-json\/wp\/v2\/comments?post=3700"}],"wp:featuredmedia":[{"embeddable":true,"href":"https:\/\/yotavis.ch\/fr\/wp-json\/wp\/v2\/media\/5773"}],"wp:attachment":[{"href":"https:\/\/yotavis.ch\/fr\/wp-json\/wp\/v2\/media?parent=3700"}],"wp:term":[{"taxonomy":"product_brand","embeddable":true,"href":"https:\/\/yotavis.ch\/fr\/wp-json\/wp\/v2\/product_brand?post=3700"},{"taxonomy":"product_cat","embeddable":true,"href":"https:\/\/yotavis.ch\/fr\/wp-json\/wp\/v2\/product_cat?post=3700"},{"taxonomy":"product_tag","embeddable":true,"href":"https:\/\/yotavis.ch\/fr\/wp-json\/wp\/v2\/product_tag?post=3700"}],"curies":[{"name":"wp","href":"https:\/\/api.w.org\/{rel}","templated":true}]}}