{"id":3701,"date":"2025-10-09T00:00:00","date_gmt":"2025-10-08T22:00:00","guid":{"rendered":"https:\/\/yotavis.ch\/product\/dpb1300\/"},"modified":"2026-04-24T13:28:47","modified_gmt":"2026-04-24T11:28:47","slug":"dpb1300","status":"publish","type":"product","link":"https:\/\/yotavis.ch\/fr\/produit\/dpb1300\/","title":{"rendered":"DPB1300"},"content":{"rendered":"<p>Le Siglent DPB1300 dispose d'une bande passante de 50 MHz et d'un temps de mont\u00e9e inf\u00e9rieur ou \u00e9gal \u00e0 7 nanosecondes, assurant une mesure pr\u00e9cise du signal. Il offre une pr\u00e9cision en courant continu de \u00b12%, ce qui permet une acquisition fiable des donn\u00e9es. L'appareil peut supporter une tension d'entr\u00e9e maximale de 600 V CATIII et 1000 V CATII, avec une tension de test diff\u00e9rentielle maximale de \u00b1130 V \u00e0 50X d'att\u00e9nuation et \u00b11300 V \u00e0 500X d'att\u00e9nuation. Son imp\u00e9dance et sa capacit\u00e9 d'entr\u00e9e sont sp\u00e9cifi\u00e9es comme \u00e9tant respectivement de 5 M\u03a9 et moins de 4 pF pour les entr\u00e9es asym\u00e9triques, et de 10 M\u03a9 et moins de 2 pF pour deux entr\u00e9es. Le DPB1300 fonctionne sur une alimentation de 12 V DC avec un courant de 1,2 A. Ce mod\u00e8le est con\u00e7u pour une compatibilit\u00e9 d'interface universelle, ce qui le rend adaptable \u00e0 divers environnements de test. La tension nominale maximale est de 1300 V, ce qui permet de r\u00e9pondre \u00e0 une large gamme d'applications de test \u00e9lectrique.<\/p>","protected":false},"excerpt":{"rendered":"<p>Bande passante : 50MHz ; Temps de mont\u00e9e \u22647ns ; Pr\u00e9cision DC \u00b12% ; Entr\u00e9e max : 600 V CATIII, 1000 V CATII ; tension de test diff\u00e9rentielle maximale (DC + pic AC) : 50 X : \u00b1130 V, 500 X:\u00b11300 V. Imp\u00e9dance\/capacit\u00e9 d'entr\u00e9e : 5 M\u03a9\/&lt;4 pF(mono-associ\u00e9), 10 M\u03a9\/&lt; 2 pF (deux entr\u00e9es) ; DC 12 V\/1,2 A Alimentation\n<\/p>","protected":false},"featured_media":5775,"comment_status":"closed","ping_status":"closed","template":"","meta":{"_acf_changed":false,"slim_seo":{"title":"DPB1300 - YOTAVIS AG","description":"Bandwidth: 50MHz; Rise Time \u22647ns; DC Accuracy \u00b12%; Max Input: 600 V CATIII, 1000 V CATII; Max Differential Test Voltage (DC + Peak AC): 50 X: \u00b1130 V, 500 X:\u00b1130"}},"product_brand":[506],"product_cat":[537,509],"product_tag":[],"class_list":{"0":"post-3701","1":"product","2":"type-product","3":"status-publish","4":"has-post-thumbnail","6":"product_brand-siglent","7":"product_cat-high-voltage-probes-en","8":"product_cat-probes-en","9":"pa_bandwidth-mhz-100","10":"pa_interface-universal","11":"pa_voltage-max-v-222","13":"first","14":"instock","15":"taxable","16":"shipping-taxable","17":"purchasable","18":"product-type-simple"},"acf":[],"_links":{"self":[{"href":"https:\/\/yotavis.ch\/fr\/wp-json\/wp\/v2\/product\/3701","targetHints":{"allow":["GET"]}}],"collection":[{"href":"https:\/\/yotavis.ch\/fr\/wp-json\/wp\/v2\/product"}],"about":[{"href":"https:\/\/yotavis.ch\/fr\/wp-json\/wp\/v2\/types\/product"}],"replies":[{"embeddable":true,"href":"https:\/\/yotavis.ch\/fr\/wp-json\/wp\/v2\/comments?post=3701"}],"wp:featuredmedia":[{"embeddable":true,"href":"https:\/\/yotavis.ch\/fr\/wp-json\/wp\/v2\/media\/5775"}],"wp:attachment":[{"href":"https:\/\/yotavis.ch\/fr\/wp-json\/wp\/v2\/media?parent=3701"}],"wp:term":[{"taxonomy":"product_brand","embeddable":true,"href":"https:\/\/yotavis.ch\/fr\/wp-json\/wp\/v2\/product_brand?post=3701"},{"taxonomy":"product_cat","embeddable":true,"href":"https:\/\/yotavis.ch\/fr\/wp-json\/wp\/v2\/product_cat?post=3701"},{"taxonomy":"product_tag","embeddable":true,"href":"https:\/\/yotavis.ch\/fr\/wp-json\/wp\/v2\/product_tag?post=3701"}],"curies":[{"name":"wp","href":"https:\/\/api.w.org\/{rel}","templated":true}]}}