{"id":3704,"date":"2025-10-09T00:00:00","date_gmt":"2025-10-08T22:00:00","guid":{"rendered":"https:\/\/yotavis.ch\/product\/dpb5700\/"},"modified":"2026-04-24T13:28:48","modified_gmt":"2026-04-24T11:28:48","slug":"dpb5700","status":"publish","type":"product","link":"https:\/\/yotavis.ch\/fr\/produit\/dpb5700\/","title":{"rendered":"DPB5700"},"content":{"rendered":"<p>Le DPB5700 de Siglent dispose d'une bande passante de 70 MHz, ce qui le rend adapt\u00e9 \u00e0 diverses applications de mesure de signaux. Il supporte une tension diff\u00e9rentielle d'entr\u00e9e maximale de 7000V, qui comprend \u00e0 la fois des tensions continues et des tensions alternatives de pointe, ce qui garantit qu'il peut traiter des signaux \u00e0 haute tension en toute s\u00e9curit\u00e9. L'appareil offre une s\u00e9lection de gamme avec des rapports d'att\u00e9nuation de 100X et 1000X, ce qui permet des r\u00e9glages de mesure flexibles en fonction de la force du signal. Il maintient une pr\u00e9cision de \u00b12%, ce qui permet d'obtenir des lectures fiables et coh\u00e9rentes. Le DPB5700 est aliment\u00e9 par un adaptateur d'alimentation USB standard de 5V\/1A, ce qui facilite les options d'alimentation. Son interface est universelle, ce qui lui permet d'\u00eatre compatible avec une large gamme de syst\u00e8mes et d'appareils. Cette combinaison de caract\u00e9ristiques fait du DPB5700 un outil polyvalent pour des mesures de tension pr\u00e9cises dans divers environnements techniques.<\/p>","protected":false},"excerpt":{"rendered":"<p>Bande passante : 70MHz ; Tension diff\u00e9rentielle d'entr\u00e9e maximale 7000V\uff08DC + Peak AC\uff09;S\u00e9lection de la gamme (rapport d'att\u00e9nuation) : 100X\/1000X ; Pr\u00e9cision : \u00b12% ; Adaptateur d'alimentation USB standard 5V\/1A<\/p>","protected":false},"featured_media":5778,"comment_status":"closed","ping_status":"closed","template":"","meta":{"_acf_changed":false,"slim_seo":{"title":"DPB5700 - YOTAVIS AG","description":"Bandwidth: 70MHz; Maximum input differential voltage 7000V\uff08DC + Peak AC\uff09;Range selection (attenuation ratio): 100X\/1000X; Accuracy: \u00b12%; Standard 5V\/1A USB powe"}},"product_brand":[506],"product_cat":[537,509],"product_tag":[],"class_list":{"0":"post-3704","1":"product","2":"type-product","3":"status-publish","4":"has-post-thumbnail","6":"product_brand-siglent","7":"product_cat-high-voltage-probes-en","8":"product_cat-probes-en","9":"pa_bandwidth-mhz-94","10":"pa_interface-universal","11":"pa_voltage-max-v-225","13":"first","14":"instock","15":"taxable","16":"shipping-taxable","17":"purchasable","18":"product-type-simple"},"acf":[],"_links":{"self":[{"href":"https:\/\/yotavis.ch\/fr\/wp-json\/wp\/v2\/product\/3704","targetHints":{"allow":["GET"]}}],"collection":[{"href":"https:\/\/yotavis.ch\/fr\/wp-json\/wp\/v2\/product"}],"about":[{"href":"https:\/\/yotavis.ch\/fr\/wp-json\/wp\/v2\/types\/product"}],"replies":[{"embeddable":true,"href":"https:\/\/yotavis.ch\/fr\/wp-json\/wp\/v2\/comments?post=3704"}],"wp:featuredmedia":[{"embeddable":true,"href":"https:\/\/yotavis.ch\/fr\/wp-json\/wp\/v2\/media\/5778"}],"wp:attachment":[{"href":"https:\/\/yotavis.ch\/fr\/wp-json\/wp\/v2\/media?parent=3704"}],"wp:term":[{"taxonomy":"product_brand","embeddable":true,"href":"https:\/\/yotavis.ch\/fr\/wp-json\/wp\/v2\/product_brand?post=3704"},{"taxonomy":"product_cat","embeddable":true,"href":"https:\/\/yotavis.ch\/fr\/wp-json\/wp\/v2\/product_cat?post=3704"},{"taxonomy":"product_tag","embeddable":true,"href":"https:\/\/yotavis.ch\/fr\/wp-json\/wp\/v2\/product_tag?post=3704"}],"curies":[{"name":"wp","href":"https:\/\/api.w.org\/{rel}","templated":true}]}}