{"id":3707,"date":"2025-10-09T00:00:00","date_gmt":"2025-10-08T22:00:00","guid":{"rendered":"https:\/\/yotavis.ch\/product\/srf5030t\/"},"modified":"2026-04-24T13:28:52","modified_gmt":"2026-04-24T11:28:52","slug":"srf5030t","status":"publish","type":"product","link":"https:\/\/yotavis.ch\/fr\/produit\/srf5030t\/","title":{"rendered":"SRF5030T"},"content":{"rendered":"<p>Le SRF5030T de Siglent comporte trois sondes de champ proche magn\u00e9tique et une sonde de champ proche \u00e9lectrique, con\u00e7ues pour fonctionner dans une gamme de fr\u00e9quences de 300kHz \u00e0 3GHz. Il offre une r\u00e9solution de 25 mm et peut distinguer les champs magn\u00e9tiques dans un rayon de 10 cm. Cet appareil est destin\u00e9 \u00e0 d\u00e9tecter les interf\u00e9rences des rayonnements EMI et \u00e0 mesurer l'intensit\u00e9 des champs \u00e9lectromagn\u00e9tiques. Gr\u00e2ce \u00e0 ses capacit\u00e9s, il convient \u00e0 l'analyse d\u00e9taill\u00e9e des \u00e9missions \u00e9lectromagn\u00e9tiques dans divers environnements. La combinaison de sondes de champ magn\u00e9tique et \u00e9lectrique permet de r\u00e9aliser des mesures compl\u00e8tes en champ proche. La gamme de fr\u00e9quences couverte assure la compatibilit\u00e9 avec un large \u00e9ventail d'applications impliquant la d\u00e9tection et l'analyse des interf\u00e9rences \u00e9lectromagn\u00e9tiques.<\/p>","protected":false},"excerpt":{"rendered":"<p>Trois sondes de champ magn\u00e9tique proche et une sonde de champ \u00e9lectrique proche ; gamme de fr\u00e9quences : 300kHz ~ 3GHz ; r\u00e9solution 25mm ; distingu\u00e9 dans un rayon de 10cm du champ magn\u00e9tique ; pour l'interf\u00e9rence des radiations EMI et le d\u00e9tecteur d'intensit\u00e9.<\/p>","protected":false},"featured_media":6105,"comment_status":"closed","ping_status":"closed","template":"","meta":{"_acf_changed":false,"slim_seo":{"title":"SRF5030T - YOTAVIS AG","description":"Three magnetic field near-field probes and one electric field near field probe; Frequency range: 300kHz ~ 3GHz; resolution 25mm; distinguished within 10cm range"}},"product_brand":[506],"product_cat":[510,509],"product_tag":[],"class_list":{"0":"post-3707","1":"product","2":"type-product","3":"status-publish","4":"has-post-thumbnail","6":"product_brand-siglent","7":"product_cat-others-en","8":"product_cat-probes-en","10":"first","11":"instock","12":"taxable","13":"shipping-taxable","14":"purchasable","15":"product-type-simple"},"acf":[],"_links":{"self":[{"href":"https:\/\/yotavis.ch\/fr\/wp-json\/wp\/v2\/product\/3707","targetHints":{"allow":["GET"]}}],"collection":[{"href":"https:\/\/yotavis.ch\/fr\/wp-json\/wp\/v2\/product"}],"about":[{"href":"https:\/\/yotavis.ch\/fr\/wp-json\/wp\/v2\/types\/product"}],"replies":[{"embeddable":true,"href":"https:\/\/yotavis.ch\/fr\/wp-json\/wp\/v2\/comments?post=3707"}],"wp:featuredmedia":[{"embeddable":true,"href":"https:\/\/yotavis.ch\/fr\/wp-json\/wp\/v2\/media\/6105"}],"wp:attachment":[{"href":"https:\/\/yotavis.ch\/fr\/wp-json\/wp\/v2\/media?parent=3707"}],"wp:term":[{"taxonomy":"product_brand","embeddable":true,"href":"https:\/\/yotavis.ch\/fr\/wp-json\/wp\/v2\/product_brand?post=3707"},{"taxonomy":"product_cat","embeddable":true,"href":"https:\/\/yotavis.ch\/fr\/wp-json\/wp\/v2\/product_cat?post=3707"},{"taxonomy":"product_tag","embeddable":true,"href":"https:\/\/yotavis.ch\/fr\/wp-json\/wp\/v2\/product_tag?post=3707"}],"curies":[{"name":"wp","href":"https:\/\/api.w.org\/{rel}","templated":true}]}}