{"id":3710,"date":"2025-10-09T00:00:00","date_gmt":"2025-10-08T22:00:00","guid":{"rendered":"https:\/\/yotavis.ch\/product\/spd-cable-1\/"},"modified":"2026-04-24T13:28:53","modified_gmt":"2026-04-24T11:28:53","slug":"spd-cable-1","status":"publish","type":"product","link":"https:\/\/yotavis.ch\/fr\/produit\/spd-cable-1\/","title":{"rendered":"SPD-Cable-1"},"content":{"rendered":"<p>Le SPD-Cable-1 de Siglent est un ensemble de c\u00e2bles avec connexion par pince crocodile et fiche banane. La paire comprend deux c\u00e2bles, un noir et un rouge, chacun mesurant 600 mm de long. Cette conception permet des connexions faciles et s\u00fbres dans diverses applications \u00e9lectriques et de test. Le connecteur \u00e0 pince crocodile offre une prise ferme sur les bornes ou les fils, tandis que la fiche banane assure la compatibilit\u00e9 avec les prises banane standard. Le code couleur noir et rouge permet d'identifier la polarit\u00e9 lors de l'utilisation. La longueur de c\u00e2ble de 600 mm offre une grande souplesse d'installation sans exc\u00e8s de jeu. Ce produit convient aux environnements o\u00f9 des connexions de c\u00e2bles fiables et simples sont n\u00e9cessaires.<\/p>","protected":false},"excerpt":{"rendered":"<p>Pince crocodile vers fiche banane, longueur 600 mm, noir et rouge par paire<\/p>","protected":false},"featured_media":6246,"comment_status":"closed","ping_status":"closed","template":"","meta":{"_acf_changed":false,"slim_seo":{"title":"SPD-Cable-1 - YOTAVIS AG","description":"Pince crocodile vers fiche banane, longueur 600 mm, noir et rouge par paire"}},"product_brand":[506],"product_cat":[526,530],"product_tag":[],"class_list":{"0":"post-3710","1":"product","2":"type-product","3":"status-publish","4":"has-post-thumbnail","6":"product_brand-siglent","7":"product_cat-accessories","8":"product_cat-cable","9":"pa_connector-alligator","11":"first","12":"instock","13":"taxable","14":"shipping-taxable","15":"purchasable","16":"product-type-simple"},"acf":[],"_links":{"self":[{"href":"https:\/\/yotavis.ch\/fr\/wp-json\/wp\/v2\/product\/3710","targetHints":{"allow":["GET"]}}],"collection":[{"href":"https:\/\/yotavis.ch\/fr\/wp-json\/wp\/v2\/product"}],"about":[{"href":"https:\/\/yotavis.ch\/fr\/wp-json\/wp\/v2\/types\/product"}],"replies":[{"embeddable":true,"href":"https:\/\/yotavis.ch\/fr\/wp-json\/wp\/v2\/comments?post=3710"}],"wp:featuredmedia":[{"embeddable":true,"href":"https:\/\/yotavis.ch\/fr\/wp-json\/wp\/v2\/media\/6246"}],"wp:attachment":[{"href":"https:\/\/yotavis.ch\/fr\/wp-json\/wp\/v2\/media?parent=3710"}],"wp:term":[{"taxonomy":"product_brand","embeddable":true,"href":"https:\/\/yotavis.ch\/fr\/wp-json\/wp\/v2\/product_brand?post=3710"},{"taxonomy":"product_cat","embeddable":true,"href":"https:\/\/yotavis.ch\/fr\/wp-json\/wp\/v2\/product_cat?post=3710"},{"taxonomy":"product_tag","embeddable":true,"href":"https:\/\/yotavis.ch\/fr\/wp-json\/wp\/v2\/product_tag?post=3710"}],"curies":[{"name":"wp","href":"https:\/\/api.w.org\/{rel}","templated":true}]}}