{"id":3711,"date":"2025-10-09T00:00:00","date_gmt":"2025-10-08T22:00:00","guid":{"rendered":"https:\/\/yotavis.ch\/product\/spd-cable-2\/"},"modified":"2026-04-24T13:28:53","modified_gmt":"2026-04-24T11:28:53","slug":"spd-cable-2","status":"publish","type":"product","link":"https:\/\/yotavis.ch\/fr\/produit\/spd-cable-2\/","title":{"rendered":"SPD-Cable-2"},"content":{"rendered":"<p>Le SPD-Cable-2 de Siglent est une paire de c\u00e2bles \u00e9quip\u00e9s de pinces crocodiles \u00e0 une extr\u00e9mit\u00e9 et de connecteurs en U \u00e0 l'autre. Chaque c\u00e2ble mesure 600 mm de long, ce qui permet de l'utiliser pour diverses applications. La paire comprend un c\u00e2ble noir et un c\u00e2ble rouge, ce qui facilite l'identification et l'organisation pendant l'utilisation. Les connecteurs \u00e0 pinces crocodiles sont con\u00e7us pour se fixer solidement aux bornes ou aux fils, facilitant ainsi des connexions fiables. Ce jeu de c\u00e2bles convient aux t\u00e2ches n\u00e9cessitant une diff\u00e9renciation claire entre les fils positifs et n\u00e9gatifs. Sa conception garantit une int\u00e9gration directe avec les \u00e9quipements compatibles, ce qui en fait un choix pratique pour les tests \u00e9lectriques et les installations de mesure.<\/p>","protected":false},"excerpt":{"rendered":"<p>Pince crocodile en U, longueur 600 mm, noir et rouge par paire<\/p>","protected":false},"featured_media":6246,"comment_status":"closed","ping_status":"closed","template":"","meta":{"_acf_changed":false,"slim_seo":{"title":"SPD-Cable-2 - YOTAVIS AG","description":"Pince crocodile en U, longueur 600 mm, noir et rouge par paire"}},"product_brand":[506],"product_cat":[526,530],"product_tag":[],"class_list":{"0":"post-3711","1":"product","2":"type-product","3":"status-publish","4":"has-post-thumbnail","6":"product_brand-siglent","7":"product_cat-accessories","8":"product_cat-cable","9":"pa_connector-alligator","11":"first","12":"instock","13":"taxable","14":"shipping-taxable","15":"purchasable","16":"product-type-simple"},"acf":[],"_links":{"self":[{"href":"https:\/\/yotavis.ch\/fr\/wp-json\/wp\/v2\/product\/3711","targetHints":{"allow":["GET"]}}],"collection":[{"href":"https:\/\/yotavis.ch\/fr\/wp-json\/wp\/v2\/product"}],"about":[{"href":"https:\/\/yotavis.ch\/fr\/wp-json\/wp\/v2\/types\/product"}],"replies":[{"embeddable":true,"href":"https:\/\/yotavis.ch\/fr\/wp-json\/wp\/v2\/comments?post=3711"}],"wp:featuredmedia":[{"embeddable":true,"href":"https:\/\/yotavis.ch\/fr\/wp-json\/wp\/v2\/media\/6246"}],"wp:attachment":[{"href":"https:\/\/yotavis.ch\/fr\/wp-json\/wp\/v2\/media?parent=3711"}],"wp:term":[{"taxonomy":"product_brand","embeddable":true,"href":"https:\/\/yotavis.ch\/fr\/wp-json\/wp\/v2\/product_brand?post=3711"},{"taxonomy":"product_cat","embeddable":true,"href":"https:\/\/yotavis.ch\/fr\/wp-json\/wp\/v2\/product_cat?post=3711"},{"taxonomy":"product_tag","embeddable":true,"href":"https:\/\/yotavis.ch\/fr\/wp-json\/wp\/v2\/product_tag?post=3711"}],"curies":[{"name":"wp","href":"https:\/\/api.w.org\/{rel}","templated":true}]}}