{"id":3715,"date":"2025-10-09T00:00:00","date_gmt":"2025-10-08T22:00:00","guid":{"rendered":"https:\/\/yotavis.ch\/product\/spl-c1\/"},"modified":"2026-04-24T13:28:54","modified_gmt":"2026-04-24T11:28:54","slug":"spl-c1","status":"publish","type":"product","link":"https:\/\/yotavis.ch\/fr\/produit\/spl-c1\/","title":{"rendered":"SPL-C1"},"content":{"rendered":"<p>Le SPL-C1 est un ensemble de clips pour sondes logiques con\u00e7u sp\u00e9cifiquement pour \u00eatre utilis\u00e9 avec le mod\u00e8le SPL2016. Fabriqu\u00e9s par Siglent, ces clips servent d'accessoires pour faciliter les t\u00e2ches de sondage logique. Elles sont con\u00e7ues pour se connecter facilement au SPL2016, garantissant ainsi la compatibilit\u00e9 et le bon fonctionnement. Le produit n'inclut pas de sp\u00e9cifications suppl\u00e9mentaires telles que la puissance, la tension, le courant ou la fr\u00e9quence. Il ne contient pas non plus de d\u00e9tails sur les canaux, la bande passante, le taux d'\u00e9chantillonnage, la profondeur de m\u00e9moire ou la r\u00e9solution. Le SPL-C1 se concentre uniquement sur la fourniture d'une interface physique fiable pour le palpage logique, sans int\u00e9grer de fonctions telles que la t\u00e9l\u00e9commande, l'\u00e9cran tactile ou les canaux num\u00e9riques. Cet accessoire est con\u00e7u pour compl\u00e9ter le SPL2016 et am\u00e9liorer son utilisation dans les applications d'analyse logique.<\/p>","protected":false},"excerpt":{"rendered":"<p>Clips de sonde logique pour SPL2016<\/p>","protected":false},"featured_media":6254,"comment_status":"closed","ping_status":"closed","template":"","meta":{"_acf_changed":false,"slim_seo":{"title":"SPL-C1 - YOTAVIS AG","description":"Clips de sonde logique pour SPL2016"}},"product_brand":[506],"product_cat":[510,509],"product_tag":[],"class_list":{"0":"post-3715","1":"product","2":"type-product","3":"status-publish","4":"has-post-thumbnail","6":"product_brand-siglent","7":"product_cat-others-en","8":"product_cat-probes-en","10":"first","11":"instock","12":"taxable","13":"shipping-taxable","14":"purchasable","15":"product-type-simple"},"acf":[],"_links":{"self":[{"href":"https:\/\/yotavis.ch\/fr\/wp-json\/wp\/v2\/product\/3715","targetHints":{"allow":["GET"]}}],"collection":[{"href":"https:\/\/yotavis.ch\/fr\/wp-json\/wp\/v2\/product"}],"about":[{"href":"https:\/\/yotavis.ch\/fr\/wp-json\/wp\/v2\/types\/product"}],"replies":[{"embeddable":true,"href":"https:\/\/yotavis.ch\/fr\/wp-json\/wp\/v2\/comments?post=3715"}],"wp:featuredmedia":[{"embeddable":true,"href":"https:\/\/yotavis.ch\/fr\/wp-json\/wp\/v2\/media\/6254"}],"wp:attachment":[{"href":"https:\/\/yotavis.ch\/fr\/wp-json\/wp\/v2\/media?parent=3715"}],"wp:term":[{"taxonomy":"product_brand","embeddable":true,"href":"https:\/\/yotavis.ch\/fr\/wp-json\/wp\/v2\/product_brand?post=3715"},{"taxonomy":"product_cat","embeddable":true,"href":"https:\/\/yotavis.ch\/fr\/wp-json\/wp\/v2\/product_cat?post=3715"},{"taxonomy":"product_tag","embeddable":true,"href":"https:\/\/yotavis.ch\/fr\/wp-json\/wp\/v2\/product_tag?post=3715"}],"curies":[{"name":"wp","href":"https:\/\/api.w.org\/{rel}","templated":true}]}}