{"id":3716,"date":"2025-10-09T00:00:00","date_gmt":"2025-10-08T22:00:00","guid":{"rendered":"https:\/\/yotavis.ch\/product\/sc1016\/"},"modified":"2026-04-24T13:28:59","modified_gmt":"2026-04-24T11:28:59","slug":"sc1016","status":"publish","type":"product","link":"https:\/\/yotavis.ch\/fr\/produit\/sc1016\/","title":{"rendered":"SC1016"},"content":{"rendered":"<p>Le SC1016 est con\u00e7u exclusivement pour \u00eatre utilis\u00e9 avec les mod\u00e8les SDM3055-SC et SDM3065X-SC de Siglent Ce produit n'est pas un kit de mise \u00e0 niveau et ne doit \u00eatre utilis\u00e9 qu'avec les appareils sp\u00e9cifi\u00e9s Il est fabriqu\u00e9 par Siglent, une marque connue pour ses \u00e9quipements de test \u00e9lectronique Le SC1016 n'inclut pas de caract\u00e9ristiques suppl\u00e9mentaires telles que les sp\u00e9cifications d'alimentation, de tension, de courant, Aucune information n'est fournie concernant les capacit\u00e9s de contr\u00f4le \u00e0 distance, les gammes de fr\u00e9quences, les canaux, la bande passante, les taux d'\u00e9chantillonnage, la profondeur de m\u00e9moire ou la r\u00e9solution verticale Le produit manque \u00e9galement de d\u00e9tails concernant les canaux num\u00e9riques, la fonctionnalit\u00e9 de l'\u00e9cran tactile, les sp\u00e9cifications d'amplitude, de balayage, de rafale ou de bruit de phase Cet article est destin\u00e9 \u00e0 compl\u00e9ter les mod\u00e8les d\u00e9sign\u00e9s sans offrir d'am\u00e9liorations ou de modifications allant au-del\u00e0 de la compatibilit\u00e9.<\/p>","protected":false},"excerpt":{"rendered":"<p>UNIQUEMENT pour SDM3055-SC et SDM3065X-SC ; CE N'EST PAS UN KIT D'AM\u00c9LIORATION.<\/p>","protected":false},"featured_media":6256,"comment_status":"closed","ping_status":"closed","template":"","meta":{"_acf_changed":false,"slim_seo":{"title":"SC1016 - YOTAVIS AG","description":"UNIQUEMENT pour SDM3055-SC et SDM3065X-SC ; CE N'EST PAS UN KIT D'AM\u00c9LIORATION."}},"product_brand":[506],"product_cat":[518,538],"product_tag":[],"class_list":{"0":"post-3716","1":"product","2":"type-product","3":"status-publish","4":"has-post-thumbnail","6":"product_brand-siglent","7":"product_cat-meters","8":"product_cat-others-meters","10":"first","11":"instock","12":"taxable","13":"shipping-taxable","14":"purchasable","15":"product-type-simple"},"acf":[],"_links":{"self":[{"href":"https:\/\/yotavis.ch\/fr\/wp-json\/wp\/v2\/product\/3716","targetHints":{"allow":["GET"]}}],"collection":[{"href":"https:\/\/yotavis.ch\/fr\/wp-json\/wp\/v2\/product"}],"about":[{"href":"https:\/\/yotavis.ch\/fr\/wp-json\/wp\/v2\/types\/product"}],"replies":[{"embeddable":true,"href":"https:\/\/yotavis.ch\/fr\/wp-json\/wp\/v2\/comments?post=3716"}],"wp:featuredmedia":[{"embeddable":true,"href":"https:\/\/yotavis.ch\/fr\/wp-json\/wp\/v2\/media\/6256"}],"wp:attachment":[{"href":"https:\/\/yotavis.ch\/fr\/wp-json\/wp\/v2\/media?parent=3716"}],"wp:term":[{"taxonomy":"product_brand","embeddable":true,"href":"https:\/\/yotavis.ch\/fr\/wp-json\/wp\/v2\/product_brand?post=3716"},{"taxonomy":"product_cat","embeddable":true,"href":"https:\/\/yotavis.ch\/fr\/wp-json\/wp\/v2\/product_cat?post=3716"},{"taxonomy":"product_tag","embeddable":true,"href":"https:\/\/yotavis.ch\/fr\/wp-json\/wp\/v2\/product_tag?post=3716"}],"curies":[{"name":"wp","href":"https:\/\/api.w.org\/{rel}","templated":true}]}}