{"id":3718,"date":"2025-10-09T00:00:00","date_gmt":"2025-10-08T22:00:00","guid":{"rendered":"https:\/\/yotavis.ch\/product\/sds7404a-h12\/"},"modified":"2026-04-24T13:28:59","modified_gmt":"2026-04-24T11:28:59","slug":"sds7404a-h12","status":"publish","type":"product","link":"https:\/\/yotavis.ch\/fr\/produit\/sds7404a-h12\/","title":{"rendered":"SDS7404A H12"},"content":{"rendered":"<p>Le Siglent SDS7404A H12 dispose d'une bande passante de 4 GHz et offre une r\u00e9solution verticale de 12 bits sur ses 4 canaux. Il supporte un taux d'\u00e9chantillonnage maximum de 20 GSa\/s et offre une profondeur de m\u00e9moire de 500 millions de points, permettant une analyse d\u00e9taill\u00e9e des signaux. L'appareil peut capturer des formes d'onde \u00e0 un rythme de 1 000 000 de formes d'onde par seconde, ce qui facilite l'acquisition rapide de donn\u00e9es. Il comprend une capacit\u00e9 FFT de 32 millions de points pour l'analyse du domaine des fr\u00e9quences. L'oscilloscope est \u00e9quip\u00e9 d'un \u00e9cran tactile de 15,6 pouces pour l'interaction avec l'utilisateur. Les fonctions optionnelles comprennent l'analyse Eye\/Jitter et le test de conformit\u00e9, \u00e9largissant ainsi ses capacit\u00e9s de test. Le taux d'\u00e9chantillonnage par canal est de 10 000 MS\/s, ce qui permet de capturer et d'analyser des signaux \u00e0 grande vitesse.<\/p>","protected":false},"excerpt":{"rendered":"<p>4GHz; 12-bit; 4 channels; 20 GSa\/s; 500Mpts memory depth; 1,000,000 wfm\/s waveform capture rate; 32 Mpts FFT; Eye\/Jitter Analysis(opt.); Compliance Test(opt.); 15.6&#8221; touch screen<\/p>","protected":false},"featured_media":6264,"comment_status":"closed","ping_status":"closed","template":"","meta":{"_acf_changed":false,"slim_seo":{"title":"SDS7404A H12 - YOTAVIS AG","description":"4GHz; 12-bit; 4 channels; 20 GSa\/s; 500Mpts memory depth; 1,000,000 wfm\/s waveform capture rate; 32 Mpts FFT; Eye\/Jitter Analysis(opt.); Compliance Test(opt.);"}},"product_brand":[506],"product_cat":[508,507],"product_tag":[],"class_list":{"0":"post-3718","1":"product","2":"type-product","3":"status-publish","4":"has-post-thumbnail","6":"product_brand-siglent","7":"product_cat-desktop-en","8":"product_cat-oscilloscope","9":"pa_bandwidth-mhz-232","10":"pa_channels-338","11":"pa_digital-channels-opt","12":"pa_memory-depht-mpts-77","13":"pa_sampling-rate-channels-ms-s-455","14":"pa_touch-screen-yes","15":"pa_vertical-resolution-bits-348","17":"first","18":"instock","19":"taxable","20":"shipping-taxable","21":"purchasable","22":"product-type-simple"},"acf":[],"_links":{"self":[{"href":"https:\/\/yotavis.ch\/fr\/wp-json\/wp\/v2\/product\/3718","targetHints":{"allow":["GET"]}}],"collection":[{"href":"https:\/\/yotavis.ch\/fr\/wp-json\/wp\/v2\/product"}],"about":[{"href":"https:\/\/yotavis.ch\/fr\/wp-json\/wp\/v2\/types\/product"}],"replies":[{"embeddable":true,"href":"https:\/\/yotavis.ch\/fr\/wp-json\/wp\/v2\/comments?post=3718"}],"wp:featuredmedia":[{"embeddable":true,"href":"https:\/\/yotavis.ch\/fr\/wp-json\/wp\/v2\/media\/6264"}],"wp:attachment":[{"href":"https:\/\/yotavis.ch\/fr\/wp-json\/wp\/v2\/media?parent=3718"}],"wp:term":[{"taxonomy":"product_brand","embeddable":true,"href":"https:\/\/yotavis.ch\/fr\/wp-json\/wp\/v2\/product_brand?post=3718"},{"taxonomy":"product_cat","embeddable":true,"href":"https:\/\/yotavis.ch\/fr\/wp-json\/wp\/v2\/product_cat?post=3718"},{"taxonomy":"product_tag","embeddable":true,"href":"https:\/\/yotavis.ch\/fr\/wp-json\/wp\/v2\/product_tag?post=3718"}],"curies":[{"name":"wp","href":"https:\/\/api.w.org\/{rel}","templated":true}]}}