{"id":3720,"date":"2025-10-09T00:00:00","date_gmt":"2025-10-08T22:00:00","guid":{"rendered":"https:\/\/yotavis.ch\/product\/sds7804a-h13\/"},"modified":"2026-04-24T13:29:00","modified_gmt":"2026-04-24T11:29:00","slug":"sds7804a-h12","status":"publish","type":"product","link":"https:\/\/yotavis.ch\/fr\/produit\/sds7804a-h12\/","title":{"rendered":"SDS7804A H12"},"content":{"rendered":"<p>Le Siglent SDS7804A H12 dispose d'une bande passante de 8 GHz et offre une r\u00e9solution verticale de 12 bits sur ses 4 canaux. Il supporte un taux d'\u00e9chantillonnage maximum de 20 GSa\/s et offre une profondeur de m\u00e9moire de 500 millions de points, permettant une capture de donn\u00e9es extensive pour une analyse d\u00e9taill\u00e9e. L'appareil est capable de capturer des formes d'onde \u00e0 un rythme de 1 000 000 de formes d'onde par seconde, ce qui facilite l'acquisition rapide de donn\u00e9es. Il comprend une FFT de 32 millions de points pour l'analyse du domaine fr\u00e9quentiel et offre en option des fonctionnalit\u00e9s d'analyse Eye\/Jitter et de test de conformit\u00e9. L'oscilloscope est \u00e9quip\u00e9 d'un \u00e9cran tactile de 15,6 pouces, am\u00e9liorant l'interaction et le contr\u00f4le de l'utilisateur. Le taux d'\u00e9chantillonnage par voie est de 10 000 MS\/s et la profondeur de m\u00e9moire par voie est de 500 Mpts. Cette combinaison de caract\u00e9ristiques permet de mesurer et d'analyser des signaux \u00e0 haute r\u00e9solution et \u00e0 grande vitesse.<\/p>","protected":false},"excerpt":{"rendered":"<p>8 GHz; 12-bit; 4 channels; 20 GSa\/s; 500Mpts memory depth; 1,000,000 wfm\/s waveform capture rate; 32 Mpts FFT; Eye\/Jitter Analysis(opt.); Compliance Test(opt.); 15.6&#8221; touch screen<\/p>","protected":false},"featured_media":6270,"comment_status":"closed","ping_status":"closed","template":"","meta":{"_acf_changed":false,"slim_seo":{"title":"SDS7804A H12 - YOTAVIS AG","description":"8 GHz; 12-bit; 4 channels; 20 GSa\/s; 500Mpts memory depth; 1,000,000 wfm\/s waveform capture rate; 32 Mpts FFT; Eye\/Jitter Analysis(opt.); Compliance Test(opt.);"}},"product_brand":[506],"product_cat":[508,507],"product_tag":[],"class_list":{"0":"post-3720","1":"product","2":"type-product","3":"status-publish","4":"has-post-thumbnail","6":"product_brand-siglent","7":"product_cat-desktop-en","8":"product_cat-oscilloscope","9":"pa_bandwidth-mhz-234","10":"pa_channels-338","11":"pa_digital-channels-opt","12":"pa_memory-depht-mpts-77","13":"pa_sampling-rate-channels-ms-s-455","14":"pa_touch-screen-yes","15":"pa_vertical-resolution-bits-348","17":"first","18":"instock","19":"taxable","20":"shipping-taxable","21":"purchasable","22":"product-type-simple"},"acf":[],"_links":{"self":[{"href":"https:\/\/yotavis.ch\/fr\/wp-json\/wp\/v2\/product\/3720","targetHints":{"allow":["GET"]}}],"collection":[{"href":"https:\/\/yotavis.ch\/fr\/wp-json\/wp\/v2\/product"}],"about":[{"href":"https:\/\/yotavis.ch\/fr\/wp-json\/wp\/v2\/types\/product"}],"replies":[{"embeddable":true,"href":"https:\/\/yotavis.ch\/fr\/wp-json\/wp\/v2\/comments?post=3720"}],"wp:featuredmedia":[{"embeddable":true,"href":"https:\/\/yotavis.ch\/fr\/wp-json\/wp\/v2\/media\/6270"}],"wp:attachment":[{"href":"https:\/\/yotavis.ch\/fr\/wp-json\/wp\/v2\/media?parent=3720"}],"wp:term":[{"taxonomy":"product_brand","embeddable":true,"href":"https:\/\/yotavis.ch\/fr\/wp-json\/wp\/v2\/product_brand?post=3720"},{"taxonomy":"product_cat","embeddable":true,"href":"https:\/\/yotavis.ch\/fr\/wp-json\/wp\/v2\/product_cat?post=3720"},{"taxonomy":"product_tag","embeddable":true,"href":"https:\/\/yotavis.ch\/fr\/wp-json\/wp\/v2\/product_tag?post=3720"}],"curies":[{"name":"wp","href":"https:\/\/api.w.org\/{rel}","templated":true}]}}