{"id":3721,"date":"2025-10-09T00:00:00","date_gmt":"2025-10-08T22:00:00","guid":{"rendered":"https:\/\/yotavis.ch\/product\/sds7604ap\/"},"modified":"2026-04-24T13:29:01","modified_gmt":"2026-04-24T11:29:01","slug":"sds7604ap","status":"publish","type":"product","link":"https:\/\/yotavis.ch\/fr\/produit\/sds7604ap\/","title":{"rendered":"SDS7604AP"},"content":{"rendered":"<p>Le Siglent SDS7604AP dispose d'une bande passante maximale de 6 GHz et supporte un taux d'\u00e9chantillonnage de 20 GSa\/s sur les quatre canaux. Chaque voie est \u00e9quip\u00e9e d'une r\u00e9solution verticale de 12 bits et d'une profondeur de m\u00e9moire de 1 Gpts, ce qui permet une capture et une analyse d\u00e9taill\u00e9es des signaux. L'appareil comprend quatre canaux, offrant de multiples options d'entr\u00e9e pour les mesures de signaux complexes. Il est con\u00e7u avec une interface \u00e0 \u00e9cran tactile, ce qui am\u00e9liore l'interaction et le contr\u00f4le de l'utilisateur. La profondeur de m\u00e9moire par canal est de 1000 Mpts, ce qui permet de stocker de nombreuses donn\u00e9es pour l'acquisition de signaux de longue dur\u00e9e. Ce mod\u00e8le fait partie de la s\u00e9rie SDS7A, et reste coh\u00e9rent avec le reste de la s\u00e9rie en termes de performances et de caract\u00e9ristiques. La r\u00e9solution verticale est de 13 bits, ce qui contribue \u00e0 une repr\u00e9sentation pr\u00e9cise du signal. Dans l'ensemble, le SDS7604AP combine une bande passante \u00e9lev\u00e9e, des taux d'\u00e9chantillonnage rapides et une profondeur de m\u00e9moire importante sur plusieurs canaux avec une interface conviviale \u00e0 \u00e9cran tactile.<\/p>","protected":false},"excerpt":{"rendered":"<p>6 GHz, 20 GSa\/s @ tous les canaux, 4-CH, 12-bit, 1 Gpts\/CH, le reste comme SDS7A<\/p>","protected":false},"featured_media":6278,"comment_status":"closed","ping_status":"closed","template":"","meta":{"_acf_changed":false,"slim_seo":{"title":"SDS7604AP - YOTAVIS AG","description":"6 GHz, 20 GSa\/s @ tous les canaux, 4-CH, 12-bit, 1 Gpts\/CH, le reste comme SDS7A"}},"product_brand":[506],"product_cat":[508,507],"product_tag":[],"class_list":{"0":"post-3721","1":"product","2":"type-product","3":"status-publish","4":"has-post-thumbnail","6":"product_brand-siglent","7":"product_cat-desktop-en","8":"product_cat-oscilloscope","9":"pa_bandwidth-mhz-233","10":"pa_channels-338","11":"pa_digital-channels-opt","12":"pa_memory-depht-mpts-235","13":"pa_sampling-rate-channels-ms-s-456","14":"pa_touch-screen-yes","15":"pa_vertical-resolution-bits-457","17":"first","18":"instock","19":"taxable","20":"shipping-taxable","21":"purchasable","22":"product-type-simple"},"acf":[],"_links":{"self":[{"href":"https:\/\/yotavis.ch\/fr\/wp-json\/wp\/v2\/product\/3721","targetHints":{"allow":["GET"]}}],"collection":[{"href":"https:\/\/yotavis.ch\/fr\/wp-json\/wp\/v2\/product"}],"about":[{"href":"https:\/\/yotavis.ch\/fr\/wp-json\/wp\/v2\/types\/product"}],"replies":[{"embeddable":true,"href":"https:\/\/yotavis.ch\/fr\/wp-json\/wp\/v2\/comments?post=3721"}],"wp:featuredmedia":[{"embeddable":true,"href":"https:\/\/yotavis.ch\/fr\/wp-json\/wp\/v2\/media\/6278"}],"wp:attachment":[{"href":"https:\/\/yotavis.ch\/fr\/wp-json\/wp\/v2\/media?parent=3721"}],"wp:term":[{"taxonomy":"product_brand","embeddable":true,"href":"https:\/\/yotavis.ch\/fr\/wp-json\/wp\/v2\/product_brand?post=3721"},{"taxonomy":"product_cat","embeddable":true,"href":"https:\/\/yotavis.ch\/fr\/wp-json\/wp\/v2\/product_cat?post=3721"},{"taxonomy":"product_tag","embeddable":true,"href":"https:\/\/yotavis.ch\/fr\/wp-json\/wp\/v2\/product_tag?post=3721"}],"curies":[{"name":"wp","href":"https:\/\/api.w.org\/{rel}","templated":true}]}}