{"id":3723,"date":"2025-10-09T00:00:00","date_gmt":"2025-10-08T22:00:00","guid":{"rendered":"https:\/\/yotavis.ch\/product\/sap5000d\/"},"modified":"2026-04-24T13:29:15","modified_gmt":"2026-04-24T11:29:15","slug":"sap5000d","status":"publish","type":"product","link":"https:\/\/yotavis.ch\/fr\/produit\/sap5000d\/","title":{"rendered":"SAP5000D"},"content":{"rendered":"<p>La SAP5000D est une sonde active diff\u00e9rentielle con\u00e7ue par Siglent avec une bande passante de 5000 MHz. Elle fonctionne avec une tension maximale de 5 V et dispose d'une interface d\u00e9velopp\u00e9e par Siglent. Cette sonde est adapt\u00e9e aux applications n\u00e9cessitant des mesures de signaux haute fr\u00e9quence jusqu'\u00e0 5 GHz. Sa conception diff\u00e9rentielle permet une acquisition pr\u00e9cise des signaux dans des environnements o\u00f9 un bruit de mode commun peut \u00eatre pr\u00e9sent. L'appareil est con\u00e7u pour permettre des tests pr\u00e9cis et fiables dans divers sc\u00e9narios de mesure \u00e9lectronique. La combinaison de sa large bande passante et de sa tension nominale le rend compatible avec une large gamme d'\u00e9quipements et d'installations de test. Le SAP5000D est un outil sp\u00e9cialis\u00e9 destin\u00e9 aux diagnostics \u00e9lectroniques avanc\u00e9s et \u00e0 l'analyse des signaux.<\/p>","protected":false},"excerpt":{"rendered":"<p>Sonde active diff\u00e9rentielle, 5 GHz<\/p>","protected":false},"featured_media":6287,"comment_status":"closed","ping_status":"closed","template":"","meta":{"_acf_changed":false,"slim_seo":{"title":"SAP5000D - YOTAVIS AG","description":"Sonde active diff\u00e9rentielle, 5 GHz"}},"product_brand":[506],"product_cat":[535,509],"product_tag":[],"class_list":{"0":"post-3723","1":"product","2":"type-product","3":"status-publish","4":"has-post-thumbnail","6":"product_brand-siglent","7":"product_cat-differential-probes-en","8":"product_cat-probes-en","9":"pa_bandwidth-mhz-236","10":"pa_interface-siglent","11":"pa_voltage-max-v-237","13":"first","14":"instock","15":"taxable","16":"shipping-taxable","17":"purchasable","18":"product-type-simple"},"acf":[],"_links":{"self":[{"href":"https:\/\/yotavis.ch\/fr\/wp-json\/wp\/v2\/product\/3723","targetHints":{"allow":["GET"]}}],"collection":[{"href":"https:\/\/yotavis.ch\/fr\/wp-json\/wp\/v2\/product"}],"about":[{"href":"https:\/\/yotavis.ch\/fr\/wp-json\/wp\/v2\/types\/product"}],"replies":[{"embeddable":true,"href":"https:\/\/yotavis.ch\/fr\/wp-json\/wp\/v2\/comments?post=3723"}],"wp:featuredmedia":[{"embeddable":true,"href":"https:\/\/yotavis.ch\/fr\/wp-json\/wp\/v2\/media\/6287"}],"wp:attachment":[{"href":"https:\/\/yotavis.ch\/fr\/wp-json\/wp\/v2\/media?parent=3723"}],"wp:term":[{"taxonomy":"product_brand","embeddable":true,"href":"https:\/\/yotavis.ch\/fr\/wp-json\/wp\/v2\/product_brand?post=3723"},{"taxonomy":"product_cat","embeddable":true,"href":"https:\/\/yotavis.ch\/fr\/wp-json\/wp\/v2\/product_cat?post=3723"},{"taxonomy":"product_tag","embeddable":true,"href":"https:\/\/yotavis.ch\/fr\/wp-json\/wp\/v2\/product_tag?post=3723"}],"curies":[{"name":"wp","href":"https:\/\/api.w.org\/{rel}","templated":true}]}}