{"id":3724,"date":"2025-10-09T00:00:00","date_gmt":"2025-10-08T22:00:00","guid":{"rendered":"https:\/\/yotavis.ch\/product\/dbt-50\/"},"modified":"2026-04-24T13:29:15","modified_gmt":"2026-04-24T11:29:15","slug":"dbt-50","status":"publish","type":"product","link":"https:\/\/yotavis.ch\/fr\/produit\/dbt-50\/","title":{"rendered":"DBT-50"},"content":{"rendered":"<p>Le DBT-50 est dot\u00e9 d'une t\u00eate de broche r\u00e9glable con\u00e7ue pour une connectivit\u00e9 pr\u00e9cise et est \u00e9quip\u00e9 d'une interface SMP. Cette interface permet de le connecter directement \u00e0 l'amplificateur de la sonde, facilitant ainsi la transmission et la mesure du signal. Fabriqu\u00e9 par Siglent, le DBT-50 est con\u00e7u pour s'int\u00e9grer parfaitement aux \u00e9quipements compatibles, garantissant des performances fiables dans divers environnements de test. La t\u00eate de broche r\u00e9glable offre une grande souplesse d'installation et permet de s'adapter \u00e0 diff\u00e9rentes configurations de test. Sa conception permet des connexions stables et coh\u00e9rentes, ce qui est essentiel pour une acquisition de donn\u00e9es pr\u00e9cise. L'interface SMP est connue pour sa taille compacte et ses performances \u00e0 haute fr\u00e9quence, ce qui rend le DBT-50 adapt\u00e9 aux applications n\u00e9cessitant une manipulation pr\u00e9cise des signaux. Dans l'ensemble, le DBT-50 sert de composant sp\u00e9cialis\u00e9 dans les syst\u00e8mes de mesure, en mettant l'accent sur la connectivit\u00e9 et l'int\u00e9grit\u00e9 du signal.<\/p>","protected":false},"excerpt":{"rendered":"<p>T\u00eate \u00e0 broche r\u00e9glable, interface SMP, connect\u00e9e \u00e0 l'amplificateur de la sonde<\/p>","protected":false},"featured_media":6290,"comment_status":"closed","ping_status":"closed","template":"","meta":{"_acf_changed":false,"slim_seo":{"title":"DBT-50 - YOTAVIS AG","description":"T\u00eate \u00e0 broche r\u00e9glable, interface SMP, connect\u00e9e \u00e0 l'amplificateur de la sonde"}},"product_brand":[506],"product_cat":[510,509],"product_tag":[],"class_list":{"0":"post-3724","1":"product","2":"type-product","3":"status-publish","4":"has-post-thumbnail","6":"product_brand-siglent","7":"product_cat-others-en","8":"product_cat-probes-en","10":"first","11":"instock","12":"taxable","13":"shipping-taxable","14":"purchasable","15":"product-type-simple"},"acf":[],"_links":{"self":[{"href":"https:\/\/yotavis.ch\/fr\/wp-json\/wp\/v2\/product\/3724","targetHints":{"allow":["GET"]}}],"collection":[{"href":"https:\/\/yotavis.ch\/fr\/wp-json\/wp\/v2\/product"}],"about":[{"href":"https:\/\/yotavis.ch\/fr\/wp-json\/wp\/v2\/types\/product"}],"replies":[{"embeddable":true,"href":"https:\/\/yotavis.ch\/fr\/wp-json\/wp\/v2\/comments?post=3724"}],"wp:featuredmedia":[{"embeddable":true,"href":"https:\/\/yotavis.ch\/fr\/wp-json\/wp\/v2\/media\/6290"}],"wp:attachment":[{"href":"https:\/\/yotavis.ch\/fr\/wp-json\/wp\/v2\/media?parent=3724"}],"wp:term":[{"taxonomy":"product_brand","embeddable":true,"href":"https:\/\/yotavis.ch\/fr\/wp-json\/wp\/v2\/product_brand?post=3724"},{"taxonomy":"product_cat","embeddable":true,"href":"https:\/\/yotavis.ch\/fr\/wp-json\/wp\/v2\/product_cat?post=3724"},{"taxonomy":"product_tag","embeddable":true,"href":"https:\/\/yotavis.ch\/fr\/wp-json\/wp\/v2\/product_tag?post=3724"}],"curies":[{"name":"wp","href":"https:\/\/api.w.org\/{rel}","templated":true}]}}