{"id":3726,"date":"2025-10-09T00:00:00","date_gmt":"2025-10-08T22:00:00","guid":{"rendered":"https:\/\/yotavis.ch\/product\/sma-50\/"},"modified":"2026-04-24T13:29:16","modified_gmt":"2026-04-24T11:29:16","slug":"sma-50","status":"publish","type":"product","link":"https:\/\/yotavis.ch\/fr\/produit\/sma-50\/","title":{"rendered":"SMA-50"},"content":{"rendered":"<p>Le SMA-50 de Siglent est dot\u00e9 d'une interface SMP qui se connecte directement \u00e0 l'amplificateur de la sonde, facilitant ainsi une transmission efficace du signal. L'une des extr\u00e9mit\u00e9s du dispositif est \u00e9quip\u00e9e d'un connecteur femelle SMA, assurant la compatibilit\u00e9 avec une grande vari\u00e9t\u00e9 d'\u00e9quipements de mesure et de test. Cette conception permet des connexions s\u00fbres et fiables dans les environnements de test \u00e9lectronique. Le produit est con\u00e7u pour \u00eatre utilis\u00e9 dans des configurations n\u00e9cessitant un interfa\u00e7age pr\u00e9cis entre les sondes et les amplificateurs. Sa construction permet d'obtenir des performances stables et coh\u00e9rentes lors de l'acquisition des signaux. Le SMA-50 fait partie de la gamme de composants \u00e9lectroniques Siglent con\u00e7us pour r\u00e9pondre \u00e0 des exigences techniques sp\u00e9cifiques. Ce produit est adapt\u00e9 \u00e0 l'int\u00e9gration dans des syst\u00e8mes existants o\u00f9 une interface SMP et un connecteur femelle SMA sont n\u00e9cessaires.<\/p>","protected":false},"excerpt":{"rendered":"<p>Interface SMP, connect\u00e9e \u00e0 l'amplificateur de la sonde. L'autre extr\u00e9mit\u00e9 est un SMA femelle<\/p>","protected":false},"featured_media":6293,"comment_status":"closed","ping_status":"closed","template":"","meta":{"_acf_changed":false,"slim_seo":{"title":"SMA-50 - YOTAVIS AG","description":"Interface SMP, connect\u00e9e \u00e0 l'amplificateur de la sonde. L'autre extr\u00e9mit\u00e9 est un SMA femelle"}},"product_brand":[506],"product_cat":[510,509],"product_tag":[],"class_list":{"0":"post-3726","1":"product","2":"type-product","3":"status-publish","4":"has-post-thumbnail","6":"product_brand-siglent","7":"product_cat-others-en","8":"product_cat-probes-en","10":"first","11":"instock","12":"taxable","13":"shipping-taxable","14":"purchasable","15":"product-type-simple"},"acf":[],"_links":{"self":[{"href":"https:\/\/yotavis.ch\/fr\/wp-json\/wp\/v2\/product\/3726","targetHints":{"allow":["GET"]}}],"collection":[{"href":"https:\/\/yotavis.ch\/fr\/wp-json\/wp\/v2\/product"}],"about":[{"href":"https:\/\/yotavis.ch\/fr\/wp-json\/wp\/v2\/types\/product"}],"replies":[{"embeddable":true,"href":"https:\/\/yotavis.ch\/fr\/wp-json\/wp\/v2\/comments?post=3726"}],"wp:featuredmedia":[{"embeddable":true,"href":"https:\/\/yotavis.ch\/fr\/wp-json\/wp\/v2\/media\/6293"}],"wp:attachment":[{"href":"https:\/\/yotavis.ch\/fr\/wp-json\/wp\/v2\/media?parent=3726"}],"wp:term":[{"taxonomy":"product_brand","embeddable":true,"href":"https:\/\/yotavis.ch\/fr\/wp-json\/wp\/v2\/product_brand?post=3726"},{"taxonomy":"product_cat","embeddable":true,"href":"https:\/\/yotavis.ch\/fr\/wp-json\/wp\/v2\/product_cat?post=3726"},{"taxonomy":"product_tag","embeddable":true,"href":"https:\/\/yotavis.ch\/fr\/wp-json\/wp\/v2\/product_tag?post=3726"}],"curies":[{"name":"wp","href":"https:\/\/api.w.org\/{rel}","templated":true}]}}