{"id":3729,"date":"2025-10-09T00:00:00","date_gmt":"2025-10-08T22:00:00","guid":{"rendered":"https:\/\/yotavis.ch\/product\/sap5-srp45\/"},"modified":"2026-04-24T13:29:17","modified_gmt":"2026-04-24T11:29:17","slug":"sap5-srp45","status":"publish","type":"product","link":"https:\/\/yotavis.ch\/fr\/produit\/sap5-srp45\/","title":{"rendered":"SAP5-SRP45"},"content":{"rendered":"<p>Le SAP5-SRP45 de Siglent comprend une t\u00eate \u00e0 douille SRP-45, deux embouts pivotants et cinq embouts droits. Cet ensemble offre une vari\u00e9t\u00e9 d'options d'embouts con\u00e7ues pour r\u00e9pondre \u00e0 diff\u00e9rents besoins de connexion. L'inclusion d'embouts pivotants et droits permet une flexibilit\u00e9 dans le positionnement et l'utilisation. La t\u00eate \u00e0 embo\u00eetement SRP-45 sert de composant principal auquel les embouts sont fix\u00e9s. Cette configuration permet de multiples applications en offrant des pi\u00e8ces interchangeables. Le produit est con\u00e7u pour \u00eatre compatible avec d'autres composants de la gamme Siglent. L'assortiment d'embouts permet aux utilisateurs de s\u00e9lectionner le type appropri\u00e9 \u00e0 leurs besoins sp\u00e9cifiques.<\/p>","protected":false},"excerpt":{"rendered":"<p>Comprend 1 t\u00eate creuse SRP-45, 2 embouts pivotants, 5 embouts droits, 5<\/p>","protected":false},"featured_media":6297,"comment_status":"closed","ping_status":"closed","template":"","meta":{"_acf_changed":false,"slim_seo":{"title":"SAP5-SRP45 - YOTAVIS AG","description":"Comprend 1 t\u00eate creuse SRP-45, 2 embouts pivotants, 5 embouts droits, 5"}},"product_brand":[506],"product_cat":[510,509],"product_tag":[],"class_list":{"0":"post-3729","1":"product","2":"type-product","3":"status-publish","4":"has-post-thumbnail","6":"product_brand-siglent","7":"product_cat-others-en","8":"product_cat-probes-en","10":"first","11":"instock","12":"taxable","13":"shipping-taxable","14":"purchasable","15":"product-type-simple"},"acf":[],"_links":{"self":[{"href":"https:\/\/yotavis.ch\/fr\/wp-json\/wp\/v2\/product\/3729","targetHints":{"allow":["GET"]}}],"collection":[{"href":"https:\/\/yotavis.ch\/fr\/wp-json\/wp\/v2\/product"}],"about":[{"href":"https:\/\/yotavis.ch\/fr\/wp-json\/wp\/v2\/types\/product"}],"replies":[{"embeddable":true,"href":"https:\/\/yotavis.ch\/fr\/wp-json\/wp\/v2\/comments?post=3729"}],"wp:featuredmedia":[{"embeddable":true,"href":"https:\/\/yotavis.ch\/fr\/wp-json\/wp\/v2\/media\/6297"}],"wp:attachment":[{"href":"https:\/\/yotavis.ch\/fr\/wp-json\/wp\/v2\/media?parent=3729"}],"wp:term":[{"taxonomy":"product_brand","embeddable":true,"href":"https:\/\/yotavis.ch\/fr\/wp-json\/wp\/v2\/product_brand?post=3729"},{"taxonomy":"product_cat","embeddable":true,"href":"https:\/\/yotavis.ch\/fr\/wp-json\/wp\/v2\/product_cat?post=3729"},{"taxonomy":"product_tag","embeddable":true,"href":"https:\/\/yotavis.ch\/fr\/wp-json\/wp\/v2\/product_tag?post=3729"}],"curies":[{"name":"wp","href":"https:\/\/api.w.org\/{rel}","templated":true}]}}