{"id":3730,"date":"2025-10-09T00:00:00","date_gmt":"2025-10-08T22:00:00","guid":{"rendered":"https:\/\/yotavis.ch\/product\/sap5-ssi50\/"},"modified":"2026-04-24T13:29:17","modified_gmt":"2026-04-24T11:29:17","slug":"sap5-ssi50","status":"publish","type":"product","link":"https:\/\/yotavis.ch\/fr\/produit\/sap5-ssi50\/","title":{"rendered":"SAP5-SSI50"},"content":{"rendered":"<p>Le SAP5-SSI50 de Siglent comprend une t\u00eate \u00e0 souder SSI-50, vingt r\u00e9sistances de plomb et un m\u00e8tre de fil d'argent. Ce produit est con\u00e7u pour fournir des composants essentiels \u00e0 des applications \u00e9lectroniques sp\u00e9cifiques. La t\u00eate \u00e0 souder SSI-50 est un \u00e9l\u00e9ment cl\u00e9 de l'ensemble, permettant des connexions s\u00fbres et fiables. L'inclusion de vingt r\u00e9sistances de plomb offre une polyvalence pour diverses configurations de circuits. En outre, le m\u00e8tre de fil d'argent permet de r\u00e9aliser des connexions \u00e9lectriques pr\u00e9cises. Chaque composant est destin\u00e9 \u00e0 fonctionner ensemble pour faciliter l'assemblage et la fonctionnalit\u00e9 des appareils \u00e9lectroniques. Cet ensemble fournit les mat\u00e9riaux n\u00e9cessaires aux utilisateurs qui ont besoin de ces pi\u00e8ces sp\u00e9cifiques dans leurs projets.<\/p>","protected":false},"excerpt":{"rendered":"<p>Comprend 1 t\u00eate \u00e0 souder SSI-50, 20 r\u00e9sistances de plomb, 1 m\u00e8tre de fil d'argent.<\/p>","protected":false},"featured_media":6298,"comment_status":"closed","ping_status":"closed","template":"","meta":{"_acf_changed":false,"slim_seo":{"title":"SAP5-SSI50 - YOTAVIS AG","description":"Comprend 1 t\u00eate \u00e0 souder SSI-50, 20 r\u00e9sistances de plomb, 1 m\u00e8tre de fil d'argent."}},"product_brand":[506],"product_cat":[510,509],"product_tag":[],"class_list":{"0":"post-3730","1":"product","2":"type-product","3":"status-publish","4":"has-post-thumbnail","6":"product_brand-siglent","7":"product_cat-others-en","8":"product_cat-probes-en","10":"first","11":"instock","12":"taxable","13":"shipping-taxable","14":"purchasable","15":"product-type-simple"},"acf":[],"_links":{"self":[{"href":"https:\/\/yotavis.ch\/fr\/wp-json\/wp\/v2\/product\/3730","targetHints":{"allow":["GET"]}}],"collection":[{"href":"https:\/\/yotavis.ch\/fr\/wp-json\/wp\/v2\/product"}],"about":[{"href":"https:\/\/yotavis.ch\/fr\/wp-json\/wp\/v2\/types\/product"}],"replies":[{"embeddable":true,"href":"https:\/\/yotavis.ch\/fr\/wp-json\/wp\/v2\/comments?post=3730"}],"wp:featuredmedia":[{"embeddable":true,"href":"https:\/\/yotavis.ch\/fr\/wp-json\/wp\/v2\/media\/6298"}],"wp:attachment":[{"href":"https:\/\/yotavis.ch\/fr\/wp-json\/wp\/v2\/media?parent=3730"}],"wp:term":[{"taxonomy":"product_brand","embeddable":true,"href":"https:\/\/yotavis.ch\/fr\/wp-json\/wp\/v2\/product_brand?post=3730"},{"taxonomy":"product_cat","embeddable":true,"href":"https:\/\/yotavis.ch\/fr\/wp-json\/wp\/v2\/product_cat?post=3730"},{"taxonomy":"product_tag","embeddable":true,"href":"https:\/\/yotavis.ch\/fr\/wp-json\/wp\/v2\/product_tag?post=3730"}],"curies":[{"name":"wp","href":"https:\/\/api.w.org\/{rel}","templated":true}]}}