{"id":3731,"date":"2025-10-09T00:00:00","date_gmt":"2025-10-08T22:00:00","guid":{"rendered":"https:\/\/yotavis.ch\/product\/pp301\/"},"modified":"2026-04-24T13:29:17","modified_gmt":"2026-04-24T11:29:17","slug":"pp301","status":"publish","type":"product","link":"https:\/\/yotavis.ch\/fr\/produit\/pp301\/","title":{"rendered":"PP301"},"content":{"rendered":"<p>Le Siglent PP301 est un positionneur 3D con\u00e7u pour des t\u00e2ches de positionnement spatial pr\u00e9cises. Cet appareil est con\u00e7u pour faciliter les mouvements et les alignements pr\u00e9cis dans l'espace tridimensionnel. Il fait partie de la gamme de produits Siglent, connue pour ses \u00e9quipements sp\u00e9cialis\u00e9s. Le PP301 est con\u00e7u pour des applications n\u00e9cessitant un positionnement contr\u00f4l\u00e9 et reproductible, ce qui le rend adapt\u00e9 \u00e0 diverses utilisations techniques et industrielles. Bien que les sp\u00e9cifications \u00e9lectriques et de performance ne soient pas d\u00e9taill\u00e9es, l'accent mis sur le positionnement 3D souligne son r\u00f4le dans les environnements o\u00f9 la pr\u00e9cision spatiale est essentielle. La construction et la fonctionnalit\u00e9 du produit sont con\u00e7ues pour r\u00e9pondre aux exigences d'ajustements m\u00e9caniques pr\u00e9cis. Dans l'ensemble, le Siglent PP301 est un outil qui permet d'am\u00e9liorer la pr\u00e9cision des applications de positionnement.<\/p>","protected":false},"excerpt":{"rendered":"<p>Positionneur 3D<\/p>","protected":false},"featured_media":6300,"comment_status":"closed","ping_status":"closed","template":"","meta":{"_acf_changed":false,"slim_seo":{"title":"PP301 - YOTAVIS AG","description":"Positionneur 3D"}},"product_brand":[506],"product_cat":[510,509],"product_tag":[],"class_list":{"0":"post-3731","1":"product","2":"type-product","3":"status-publish","4":"has-post-thumbnail","6":"product_brand-siglent","7":"product_cat-others-en","8":"product_cat-probes-en","10":"first","11":"instock","12":"taxable","13":"shipping-taxable","14":"purchasable","15":"product-type-simple"},"acf":[],"_links":{"self":[{"href":"https:\/\/yotavis.ch\/fr\/wp-json\/wp\/v2\/product\/3731","targetHints":{"allow":["GET"]}}],"collection":[{"href":"https:\/\/yotavis.ch\/fr\/wp-json\/wp\/v2\/product"}],"about":[{"href":"https:\/\/yotavis.ch\/fr\/wp-json\/wp\/v2\/types\/product"}],"replies":[{"embeddable":true,"href":"https:\/\/yotavis.ch\/fr\/wp-json\/wp\/v2\/comments?post=3731"}],"wp:featuredmedia":[{"embeddable":true,"href":"https:\/\/yotavis.ch\/fr\/wp-json\/wp\/v2\/media\/6300"}],"wp:attachment":[{"href":"https:\/\/yotavis.ch\/fr\/wp-json\/wp\/v2\/media?parent=3731"}],"wp:term":[{"taxonomy":"product_brand","embeddable":true,"href":"https:\/\/yotavis.ch\/fr\/wp-json\/wp\/v2\/product_brand?post=3731"},{"taxonomy":"product_cat","embeddable":true,"href":"https:\/\/yotavis.ch\/fr\/wp-json\/wp\/v2\/product_cat?post=3731"},{"taxonomy":"product_tag","embeddable":true,"href":"https:\/\/yotavis.ch\/fr\/wp-json\/wp\/v2\/product_tag?post=3731"}],"curies":[{"name":"wp","href":"https:\/\/api.w.org\/{rel}","templated":true}]}}