{"id":3732,"date":"2025-10-09T00:00:00","date_gmt":"2025-10-08T22:00:00","guid":{"rendered":"https:\/\/yotavis.ch\/product\/sds6054a\/"},"modified":"2026-04-24T13:29:18","modified_gmt":"2026-04-24T11:29:18","slug":"sds6054a","status":"publish","type":"product","link":"https:\/\/yotavis.ch\/fr\/produit\/sds6054a\/","title":{"rendered":"SDS6054A"},"content":{"rendered":"<p>Le Siglent SDS6054A dispose d'une bande passante de 500 MHz et offre quatre canaux, chacun capable d'un taux d'\u00e9chantillonnage de 5 GSa\/s, avec un taux d'\u00e9chantillonnage \u00e9quivalent de 10 GSa\/s en mode ESR. Il dispose d'une profondeur de m\u00e9moire de 500 Mpts, ce qui permet une capture et une analyse approfondies des donn\u00e9es. L'appareil prend en charge un taux de capture de 170 000 formes d'onde par seconde, ce qui am\u00e9liore sa capacit\u00e9 \u00e0 traiter rapidement les signaux. Il comprend quatre traces MATH et une fonction FFT de 8 Mpts pour une analyse avanc\u00e9e des signaux. L'oscilloscope est \u00e9quip\u00e9 d'un \u00e9cran tactile de 12,1 pouces d'une r\u00e9solution de 1280 par 800 pixels, offrant une interface utilisateur claire et interactive. La r\u00e9solution verticale est de 8 bits, ce qui d\u00e9finit la pr\u00e9cision de la mesure du signal. Ce mod\u00e8le est con\u00e7u pour traiter des t\u00e2ches complexes de traitement des signaux gr\u00e2ce \u00e0 la combinaison d'une bande passante \u00e9lev\u00e9e, d'un taux d'\u00e9chantillonnage rapide et d'une grande capacit\u00e9 de m\u00e9moire.<\/p>","protected":false},"excerpt":{"rendered":"<p>500MHz; 4 channels; 5 GSa\/s (10 GSa\/s ESR) @ each channel; 500Mpts memory depth;  170,000 wfm\/s waveform capture rate; 4 MATH traces, 8 Mpts FFT; 12.1&#8221; touch screen (1280*800)<\/p>","protected":false},"featured_media":6308,"comment_status":"closed","ping_status":"closed","template":"","meta":{"_acf_changed":false,"slim_seo":{"title":"SDS6054A - YOTAVIS AG","description":"500MHz; 4 channels; 5 GSa\/s (10 GSa\/s ESR) @ each channel; 500Mpts memory depth; 170,000 wfm\/s waveform capture rate; 4 MATH traces, 8 Mpts FFT; 12.1'' touch sc"}},"product_brand":[506],"product_cat":[508,507],"product_tag":[],"class_list":{"0":"post-3732","1":"product","2":"type-product","3":"status-publish","4":"has-post-thumbnail","6":"product_brand-siglent","7":"product_cat-desktop-en","8":"product_cat-oscilloscope","9":"pa_bandwidth-mhz-83","10":"pa_channels-338","11":"pa_digital-channels-opt","12":"pa_memory-depht-mpts-77","13":"pa_sampling-rate-channels-ms-s-458","14":"pa_touch-screen-yes","15":"pa_vertical-resolution-bits-340","17":"first","18":"instock","19":"taxable","20":"shipping-taxable","21":"purchasable","22":"product-type-simple"},"acf":[],"_links":{"self":[{"href":"https:\/\/yotavis.ch\/fr\/wp-json\/wp\/v2\/product\/3732","targetHints":{"allow":["GET"]}}],"collection":[{"href":"https:\/\/yotavis.ch\/fr\/wp-json\/wp\/v2\/product"}],"about":[{"href":"https:\/\/yotavis.ch\/fr\/wp-json\/wp\/v2\/types\/product"}],"replies":[{"embeddable":true,"href":"https:\/\/yotavis.ch\/fr\/wp-json\/wp\/v2\/comments?post=3732"}],"wp:featuredmedia":[{"embeddable":true,"href":"https:\/\/yotavis.ch\/fr\/wp-json\/wp\/v2\/media\/6308"}],"wp:attachment":[{"href":"https:\/\/yotavis.ch\/fr\/wp-json\/wp\/v2\/media?parent=3732"}],"wp:term":[{"taxonomy":"product_brand","embeddable":true,"href":"https:\/\/yotavis.ch\/fr\/wp-json\/wp\/v2\/product_brand?post=3732"},{"taxonomy":"product_cat","embeddable":true,"href":"https:\/\/yotavis.ch\/fr\/wp-json\/wp\/v2\/product_cat?post=3732"},{"taxonomy":"product_tag","embeddable":true,"href":"https:\/\/yotavis.ch\/fr\/wp-json\/wp\/v2\/product_tag?post=3732"}],"curies":[{"name":"wp","href":"https:\/\/api.w.org\/{rel}","templated":true}]}}