{"id":3736,"date":"2025-10-09T00:00:00","date_gmt":"2025-10-08T22:00:00","guid":{"rendered":"https:\/\/yotavis.ch\/product\/sp6150a\/"},"modified":"2026-04-24T13:29:23","modified_gmt":"2026-04-24T11:29:23","slug":"sp6150a","status":"publish","type":"product","link":"https:\/\/yotavis.ch\/fr\/produit\/sp6150a\/","title":{"rendered":"SP6150A"},"content":{"rendered":"<p>La SP6150A est une sonde passive de 1,5 GHz con\u00e7ue avec un rapport d'att\u00e9nuation de 10:1, ce qui la rend adapt\u00e9e \u00e0 diverses applications de mesure. Elle pr\u00e9sente une r\u00e9sistance d'entr\u00e9e de 500 \u03a9 et une capacit\u00e9 d'entr\u00e9e de 1,8 pF, qui contribuent \u00e0 ses caract\u00e9ristiques de performance. La sonde peut supporter une tension d'entr\u00e9e maximale de 8,5 V, ce qui lui permet de fonctionner en toute s\u00e9curit\u00e9 dans les limites de tension sp\u00e9cifi\u00e9es. Fabriqu\u00e9e par Siglent, cette sonde est con\u00e7ue pour une interface universelle, ce qui lui permet d'\u00eatre compatible avec toute une gamme d'appareils. Sa bande passante est \u00e9valu\u00e9e \u00e0 1500 MHz, ce qui permet de mesurer des signaux \u00e0 haute fr\u00e9quence. La combinaison de ces sp\u00e9cifications fait de la SP6150A un outil pr\u00e9cis pour le sondage des signaux dans les environnements de test \u00e9lectronique.<\/p>","protected":false},"excerpt":{"rendered":"<p>Sonde passive 1,5 GHz ; rapport d'att\u00e9nuation 10:1 ; r\u00e9sistance d'entr\u00e9e 500 \u03a9 ; capacit\u00e9 d'entr\u00e9e 1,8 pF ; tension d'entr\u00e9e max. 8,5 V<\/p>","protected":false},"featured_media":6316,"comment_status":"closed","ping_status":"closed","template":"","meta":{"_acf_changed":false,"slim_seo":{"title":"SP6150A - YOTAVIS AG","description":"Sonde passive 1,5 GHz ; rapport d'att\u00e9nuation 10:1 ; r\u00e9sistance d'entr\u00e9e 500 \u03a9 ; capacit\u00e9 d'entr\u00e9e 1,8 pF ; tension d'entr\u00e9e max. 8,5 V"}},"product_brand":[506],"product_cat":[534,509],"product_tag":[],"class_list":{"0":"post-3736","1":"product","2":"type-product","3":"status-publish","4":"has-post-thumbnail","6":"product_brand-siglent","7":"product_cat-passives-probes-en","8":"product_cat-probes-en","9":"pa_bandwidth-mhz-240","10":"pa_interface-univeral","11":"pa_voltage-max-v-8-5","13":"first","14":"instock","15":"taxable","16":"shipping-taxable","17":"purchasable","18":"product-type-simple"},"acf":[],"_links":{"self":[{"href":"https:\/\/yotavis.ch\/fr\/wp-json\/wp\/v2\/product\/3736","targetHints":{"allow":["GET"]}}],"collection":[{"href":"https:\/\/yotavis.ch\/fr\/wp-json\/wp\/v2\/product"}],"about":[{"href":"https:\/\/yotavis.ch\/fr\/wp-json\/wp\/v2\/types\/product"}],"replies":[{"embeddable":true,"href":"https:\/\/yotavis.ch\/fr\/wp-json\/wp\/v2\/comments?post=3736"}],"wp:featuredmedia":[{"embeddable":true,"href":"https:\/\/yotavis.ch\/fr\/wp-json\/wp\/v2\/media\/6316"}],"wp:attachment":[{"href":"https:\/\/yotavis.ch\/fr\/wp-json\/wp\/v2\/media?parent=3736"}],"wp:term":[{"taxonomy":"product_brand","embeddable":true,"href":"https:\/\/yotavis.ch\/fr\/wp-json\/wp\/v2\/product_brand?post=3736"},{"taxonomy":"product_cat","embeddable":true,"href":"https:\/\/yotavis.ch\/fr\/wp-json\/wp\/v2\/product_cat?post=3736"},{"taxonomy":"product_tag","embeddable":true,"href":"https:\/\/yotavis.ch\/fr\/wp-json\/wp\/v2\/product_tag?post=3736"}],"curies":[{"name":"wp","href":"https:\/\/api.w.org\/{rel}","templated":true}]}}