{"id":3739,"date":"2025-10-09T00:00:00","date_gmt":"2025-10-08T22:00:00","guid":{"rendered":"https:\/\/yotavis.ch\/product\/sds6058l\/"},"modified":"2026-04-24T13:29:24","modified_gmt":"2026-04-24T11:29:24","slug":"sds6058l","status":"publish","type":"product","link":"https:\/\/yotavis.ch\/fr\/produit\/sds6058l\/","title":{"rendered":"SDS6058L"},"content":{"rendered":"<p>Le SDS6058L est un appareil 2U dot\u00e9 d'une r\u00e9solution verticale de 8 bits et d'une bande passante de 500 MHz. Il offre 8 canaux, chacun capable d'\u00e9chantillonner \u00e0 5 GSa\/s, avec un taux d'\u00e9chantillonnage \u00e9quivalent de 10 GSa\/s en mode ESR. La profondeur de m\u00e9moire par canal est de 500 Mpts, ce qui permet une capture de donn\u00e9es \u00e9tendue. Ce mod\u00e8le prend en charge un taux de capture de 170 000 formes d'onde par seconde, am\u00e9liorant ainsi sa capacit\u00e9 \u00e0 analyser les changements rapides de signaux. Il comprend 4 traces MATH et une fonction FFT de 8 Mpts pour un traitement avanc\u00e9 des signaux. Fabriqu\u00e9 par Siglent, le SDS6058L est con\u00e7u pour g\u00e9rer l'acquisition et l'analyse de donn\u00e9es \u00e0 grande vitesse avec pr\u00e9cision et efficacit\u00e9.<\/p>","protected":false},"excerpt":{"rendered":"<p>2U ; 8-bit\uff0c500 MHz ; 8 canaux ; 5 GSa\/s (10 GSa\/s ESR) @ chaque canal ; 500Mpts de profondeur de m\u00e9moire ; 170,000 wfm\/s taux de capture de forme d'onde ; 4 traces MATH, 8 Mpts FFT ;<\/p>","protected":false},"featured_media":6329,"comment_status":"closed","ping_status":"closed","template":"","meta":{"_acf_changed":false,"slim_seo":{"title":"SDS6058L - YOTAVIS AG","description":"2U; 8-bit\uff0c500 MHz; 8 channels; 5 GSa\/s (10 GSa\/s ESR) @ each channel; 500Mpts memory depth; 170,000 wfm\/s waveform capture rate; 4 MATH traces, 8 Mpts FFT;"}},"product_brand":[506],"product_cat":[507,539],"product_tag":[],"class_list":{"0":"post-3739","1":"product","2":"type-product","3":"status-publish","4":"has-post-thumbnail","6":"product_brand-siglent","7":"product_cat-oscilloscope","8":"product_cat-without-screen-en","9":"pa_bandwidth-mhz-83","10":"pa_channels-459","11":"pa_digital-channels-opt","12":"pa_memory-depht-mpts-77","13":"pa_sampling-rate-channels-ms-s-458","14":"pa_touch-screen-no","15":"pa_vertical-resolution-bits-340","17":"first","18":"instock","19":"taxable","20":"shipping-taxable","21":"purchasable","22":"product-type-simple"},"acf":[],"_links":{"self":[{"href":"https:\/\/yotavis.ch\/fr\/wp-json\/wp\/v2\/product\/3739","targetHints":{"allow":["GET"]}}],"collection":[{"href":"https:\/\/yotavis.ch\/fr\/wp-json\/wp\/v2\/product"}],"about":[{"href":"https:\/\/yotavis.ch\/fr\/wp-json\/wp\/v2\/types\/product"}],"replies":[{"embeddable":true,"href":"https:\/\/yotavis.ch\/fr\/wp-json\/wp\/v2\/comments?post=3739"}],"wp:featuredmedia":[{"embeddable":true,"href":"https:\/\/yotavis.ch\/fr\/wp-json\/wp\/v2\/media\/6329"}],"wp:attachment":[{"href":"https:\/\/yotavis.ch\/fr\/wp-json\/wp\/v2\/media?parent=3739"}],"wp:term":[{"taxonomy":"product_brand","embeddable":true,"href":"https:\/\/yotavis.ch\/fr\/wp-json\/wp\/v2\/product_brand?post=3739"},{"taxonomy":"product_cat","embeddable":true,"href":"https:\/\/yotavis.ch\/fr\/wp-json\/wp\/v2\/product_cat?post=3739"},{"taxonomy":"product_tag","embeddable":true,"href":"https:\/\/yotavis.ch\/fr\/wp-json\/wp\/v2\/product_tag?post=3739"}],"curies":[{"name":"wp","href":"https:\/\/api.w.org\/{rel}","templated":true}]}}