{"id":3741,"date":"2025-10-09T00:00:00","date_gmt":"2025-10-08T22:00:00","guid":{"rendered":"https:\/\/yotavis.ch\/product\/sds6104l\/"},"modified":"2026-04-24T13:29:25","modified_gmt":"2026-04-24T11:29:25","slug":"sds6104l","status":"publish","type":"product","link":"https:\/\/yotavis.ch\/fr\/produit\/sds6104l\/","title":{"rendered":"SDS6104L"},"content":{"rendered":"<p>Le Siglent SDS6104L est un oscilloscope 1U dot\u00e9 d'une r\u00e9solution verticale de 8 bits et d'une bande passante de 1000 MHz sur ses 4 voies. Chaque voie supporte un taux d'\u00e9chantillonnage de 5 GSa\/s, avec un taux d'\u00e9chantillonnage \u00e9quivalent de 10 GSa\/s en mode ESR. L'appareil offre une profondeur de m\u00e9moire de 500 Mpts, ce qui permet de capturer de nombreuses donn\u00e9es en vue d'une analyse d\u00e9taill\u00e9e. Il offre un taux de capture de 170 000 formes d'onde par seconde, ce qui facilite l'acquisition rapide des signaux. L'oscilloscope comprend 4 traces MATH et prend en charge une FFT de 8 Mpts pour un traitement avanc\u00e9 des signaux. Le mod\u00e8le ne comporte pas d'interface \u00e0 \u00e9cran tactile. Cette combinaison de caract\u00e9ristiques fait du SDS6104L un instrument adapt\u00e9 \u00e0 la mesure et \u00e0 l'analyse de signaux \u00e0 grande vitesse et \u00e0 haute r\u00e9solution.<\/p>","protected":false},"excerpt":{"rendered":"<p>1U;8-bit\uff0c 1 GHz ; 4 canaux ; 5 GSa\/s (10 GSa\/s ESR) @ chaque canal ; 500Mpts de profondeur de m\u00e9moire ; 170,000 wfm\/s taux de capture de forme d'onde ; 4 traces MATH, 8 Mpts FFT ;<\/p>","protected":false},"featured_media":6336,"comment_status":"closed","ping_status":"closed","template":"","meta":{"_acf_changed":false,"slim_seo":{"title":"SDS6104L - YOTAVIS AG","description":"1U;8-bit\uff0c 1 GHz; 4 channels; 5 GSa\/s (10 GSa\/s ESR) @ each channel; 500Mpts memory depth; 170,000 wfm\/s waveform capture rate; 4 MATH traces, 8 Mpts FFT;"}},"product_brand":[506],"product_cat":[507,539],"product_tag":[],"class_list":{"0":"post-3741","1":"product","2":"type-product","3":"status-publish","4":"has-post-thumbnail","6":"product_brand-siglent","7":"product_cat-oscilloscope","8":"product_cat-without-screen-en","9":"pa_bandwidth-mhz-84","10":"pa_channels-338","11":"pa_digital-channels-opt","12":"pa_memory-depht-mpts-77","13":"pa_sampling-rate-channels-ms-s-458","14":"pa_touch-screen-no","15":"pa_vertical-resolution-bits-340","17":"first","18":"instock","19":"taxable","20":"shipping-taxable","21":"purchasable","22":"product-type-simple"},"acf":[],"_links":{"self":[{"href":"https:\/\/yotavis.ch\/fr\/wp-json\/wp\/v2\/product\/3741","targetHints":{"allow":["GET"]}}],"collection":[{"href":"https:\/\/yotavis.ch\/fr\/wp-json\/wp\/v2\/product"}],"about":[{"href":"https:\/\/yotavis.ch\/fr\/wp-json\/wp\/v2\/types\/product"}],"replies":[{"embeddable":true,"href":"https:\/\/yotavis.ch\/fr\/wp-json\/wp\/v2\/comments?post=3741"}],"wp:featuredmedia":[{"embeddable":true,"href":"https:\/\/yotavis.ch\/fr\/wp-json\/wp\/v2\/media\/6336"}],"wp:attachment":[{"href":"https:\/\/yotavis.ch\/fr\/wp-json\/wp\/v2\/media?parent=3741"}],"wp:term":[{"taxonomy":"product_brand","embeddable":true,"href":"https:\/\/yotavis.ch\/fr\/wp-json\/wp\/v2\/product_brand?post=3741"},{"taxonomy":"product_cat","embeddable":true,"href":"https:\/\/yotavis.ch\/fr\/wp-json\/wp\/v2\/product_cat?post=3741"},{"taxonomy":"product_tag","embeddable":true,"href":"https:\/\/yotavis.ch\/fr\/wp-json\/wp\/v2\/product_tag?post=3741"}],"curies":[{"name":"wp","href":"https:\/\/api.w.org\/{rel}","templated":true}]}}