{"id":3742,"date":"2025-10-09T00:00:00","date_gmt":"2025-10-08T22:00:00","guid":{"rendered":"https:\/\/yotavis.ch\/product\/sds6054l\/"},"modified":"2026-04-24T13:29:25","modified_gmt":"2026-04-24T11:29:25","slug":"sds6054l","status":"publish","type":"product","link":"https:\/\/yotavis.ch\/fr\/produit\/sds6054l\/","title":{"rendered":"SDS6054L"},"content":{"rendered":"<p>Le SDS6054L de Siglent est un appareil 1U dot\u00e9 d'une r\u00e9solution verticale de 8 bits et d'une bande passante de 500 MHz sur ses 4 canaux. Chaque voie supporte un taux d'\u00e9chantillonnage de 5 GSa\/s, avec un taux d'\u00e9chantillonnage \u00e9quivalent de 10 GSa\/s en mode ESR. L'instrument offre une profondeur de m\u00e9moire substantielle de 500 Mpts, permettant une analyse d\u00e9taill\u00e9e des formes d'onde. Il offre un taux de capture de 170 000 formes d'onde par seconde, ce qui facilite l'acquisition rapide des donn\u00e9es. L'appareil comprend 4 traces MATH et prend en charge une FFT de 8 Mpts pour un traitement avanc\u00e9 des signaux. Le SDS6054L n'a pas d'interface \u00e0 \u00e9cran tactile. Ce mod\u00e8le est con\u00e7u pour effectuer des mesures de signaux \u00e0 grande vitesse avec pr\u00e9cision et efficacit\u00e9.<\/p>","protected":false},"excerpt":{"rendered":"<p>1U ; 8-bit\uff0c500 MHz ; 4 canaux ; 5 GSa\/s (10 GSa\/s ESR) @ chaque canal ; 500Mpts de profondeur de m\u00e9moire ; 170,000 wfm\/s taux de capture de forme d'onde ; 4 traces MATH, 8 Mpts FFT ;<\/p>","protected":false},"featured_media":6333,"comment_status":"closed","ping_status":"closed","template":"","meta":{"_acf_changed":false,"slim_seo":{"title":"SDS6054L - YOTAVIS AG","description":"1U ; 8-bit\uff0c500 MHz ; 4 canaux ; 5 GSa\/s (10 GSa\/s ESR) @ chaque canal ; 500Mpts de profondeur de m\u00e9moire ; 170,000 wfm\/s taux de capture de forme d'onde ; 4 traces MATH, 8 Mpts FFT ;"}},"product_brand":[506],"product_cat":[507,539],"product_tag":[],"class_list":{"0":"post-3742","1":"product","2":"type-product","3":"status-publish","4":"has-post-thumbnail","6":"product_brand-siglent","7":"product_cat-oscilloscope","8":"product_cat-without-screen-en","9":"pa_bandwidth-mhz-83","10":"pa_channels-338","11":"pa_digital-channels-opt","12":"pa_memory-depht-mpts-77","13":"pa_sampling-rate-channels-ms-s-458","14":"pa_touch-screen-no","15":"pa_vertical-resolution-bits-340","17":"first","18":"instock","19":"taxable","20":"shipping-taxable","21":"purchasable","22":"product-type-simple"},"acf":[],"_links":{"self":[{"href":"https:\/\/yotavis.ch\/fr\/wp-json\/wp\/v2\/product\/3742","targetHints":{"allow":["GET"]}}],"collection":[{"href":"https:\/\/yotavis.ch\/fr\/wp-json\/wp\/v2\/product"}],"about":[{"href":"https:\/\/yotavis.ch\/fr\/wp-json\/wp\/v2\/types\/product"}],"replies":[{"embeddable":true,"href":"https:\/\/yotavis.ch\/fr\/wp-json\/wp\/v2\/comments?post=3742"}],"wp:featuredmedia":[{"embeddable":true,"href":"https:\/\/yotavis.ch\/fr\/wp-json\/wp\/v2\/media\/6333"}],"wp:attachment":[{"href":"https:\/\/yotavis.ch\/fr\/wp-json\/wp\/v2\/media?parent=3742"}],"wp:term":[{"taxonomy":"product_brand","embeddable":true,"href":"https:\/\/yotavis.ch\/fr\/wp-json\/wp\/v2\/product_brand?post=3742"},{"taxonomy":"product_cat","embeddable":true,"href":"https:\/\/yotavis.ch\/fr\/wp-json\/wp\/v2\/product_cat?post=3742"},{"taxonomy":"product_tag","embeddable":true,"href":"https:\/\/yotavis.ch\/fr\/wp-json\/wp\/v2\/product_tag?post=3742"}],"curies":[{"name":"wp","href":"https:\/\/api.w.org\/{rel}","templated":true}]}}