{"id":3747,"date":"2025-10-09T00:00:00","date_gmt":"2025-10-08T22:00:00","guid":{"rendered":"https:\/\/yotavis.ch\/product\/sds5056x-hd\/"},"modified":"2026-04-24T13:29:31","modified_gmt":"2026-04-24T11:29:31","slug":"sds5056x-hd","status":"publish","type":"product","link":"https:\/\/yotavis.ch\/fr\/produit\/sds5056x-hd\/","title":{"rendered":"SDS5056X HD"},"content":{"rendered":"<p>Le Siglent SDS5056X HD dispose de six voies avec une bande passante de 500 MHz et un taux d'\u00e9chantillonnage de 2,5 GSa\/s par voie. Il offre une r\u00e9solution verticale de 12 bits, permettant une analyse d\u00e9taill\u00e9e des signaux. Chaque voie est \u00e9quip\u00e9e d'une profondeur de m\u00e9moire de 2,5 millions de points, ce qui permet de capturer des formes d'onde complexes. L'appareil comprend un \u00e9cran tactile capacitif de 12,1 pouces, qui am\u00e9liore l'interaction et le contr\u00f4le de l'utilisateur. Cet oscilloscope est con\u00e7u pour g\u00e9rer l'acquisition de donn\u00e9es \u00e0 grande vitesse gr\u00e2ce \u00e0 sa capacit\u00e9 d'\u00e9chantillonnage globale de 5 GSa\/s. La combinaison d'une bande passante \u00e9lev\u00e9e, d'une m\u00e9moire profonde et d'une haute r\u00e9solution le rend adapt\u00e9 \u00e0 diverses t\u00e2ches de mesure de signaux. L'interface de l'\u00e9cran tactile permet un fonctionnement intuitif et une navigation efficace dans les param\u00e8tres et les donn\u00e9es.<\/p>","protected":false},"excerpt":{"rendered":"<p>6 canaux, 500 MHz, 5 GSa\/s, 12 bits, profondeur de m\u00e9moire de 2,5 Gpts\/ch, \u00e9cran tactile capacitif de 12,1 pouces<\/p>","protected":false},"featured_media":6348,"comment_status":"closed","ping_status":"closed","template":"","meta":{"_acf_changed":false,"slim_seo":{"title":"SDS5056X HD - YOTAVIS AG","description":"6 canaux, 500 MHz, 5 GSa\/s, 12 bits, profondeur de m\u00e9moire de 2,5 Gpts\/ch, \u00e9cran tactile capacitif de 12,1 pouces"}},"product_brand":[506],"product_cat":[508,507],"product_tag":[],"class_list":{"0":"post-3747","1":"product","2":"type-product","3":"status-publish","4":"has-post-thumbnail","6":"product_brand-siglent","7":"product_cat-desktop-en","8":"product_cat-oscilloscope","9":"pa_bandwidth-mhz-83","10":"pa_channels-461","11":"pa_digital-channels-opt","12":"pa_memory-depht-mpts-244","13":"pa_sampling-rate-channels-ms-s-339","14":"pa_touch-screen-yes","15":"pa_vertical-resolution-bits-348","17":"first","18":"instock","19":"taxable","20":"shipping-taxable","21":"purchasable","22":"product-type-simple"},"acf":[],"_links":{"self":[{"href":"https:\/\/yotavis.ch\/fr\/wp-json\/wp\/v2\/product\/3747","targetHints":{"allow":["GET"]}}],"collection":[{"href":"https:\/\/yotavis.ch\/fr\/wp-json\/wp\/v2\/product"}],"about":[{"href":"https:\/\/yotavis.ch\/fr\/wp-json\/wp\/v2\/types\/product"}],"replies":[{"embeddable":true,"href":"https:\/\/yotavis.ch\/fr\/wp-json\/wp\/v2\/comments?post=3747"}],"wp:featuredmedia":[{"embeddable":true,"href":"https:\/\/yotavis.ch\/fr\/wp-json\/wp\/v2\/media\/6348"}],"wp:attachment":[{"href":"https:\/\/yotavis.ch\/fr\/wp-json\/wp\/v2\/media?parent=3747"}],"wp:term":[{"taxonomy":"product_brand","embeddable":true,"href":"https:\/\/yotavis.ch\/fr\/wp-json\/wp\/v2\/product_brand?post=3747"},{"taxonomy":"product_cat","embeddable":true,"href":"https:\/\/yotavis.ch\/fr\/wp-json\/wp\/v2\/product_cat?post=3747"},{"taxonomy":"product_tag","embeddable":true,"href":"https:\/\/yotavis.ch\/fr\/wp-json\/wp\/v2\/product_tag?post=3747"}],"curies":[{"name":"wp","href":"https:\/\/api.w.org\/{rel}","templated":true}]}}