{"id":3753,"date":"2025-10-09T00:00:00","date_gmt":"2025-10-08T22:00:00","guid":{"rendered":"https:\/\/yotavis.ch\/product\/sds5058l\/"},"modified":"2026-04-24T13:29:38","modified_gmt":"2026-04-24T11:29:38","slug":"sds5058l","status":"publish","type":"product","link":"https:\/\/yotavis.ch\/fr\/produit\/sds5058l\/","title":{"rendered":"SDS5058L"},"content":{"rendered":"<p>Le Siglent SDS5058L est un appareil \u00e0 8 voies dot\u00e9 d'une bande passante de 500 MHz et d'un taux d'\u00e9chantillonnage de 2,5 GSa\/s par voie. Il offre une r\u00e9solution verticale de 12 bits, ce qui permet une repr\u00e9sentation d\u00e9taill\u00e9e du signal. La profondeur de m\u00e9moire est de 2500 Mpts, ce qui permet de capturer et d'analyser de nombreuses donn\u00e9es. Ce mod\u00e8le comprend des canaux num\u00e9riques, ce qui \u00e9largit ses fonctionnalit\u00e9s pour diverses applications. L'appareil est con\u00e7u avec un profil bas, ce qui le rend adapt\u00e9 aux environnements o\u00f9 l'espace est un facteur important. Il ne comporte pas d'interface \u00e0 \u00e9cran tactile. Le SDS5058L fonctionne avec un taux d'\u00e9chantillonnage global de 5 GSa\/s, ce qui permet une acquisition de donn\u00e9es \u00e0 grande vitesse sur tous les canaux.<\/p>","protected":false},"excerpt":{"rendered":"<p>8 canaux, 500 MHz, 5 G\u00e9ch\/s, 12 bits, profil bas<\/p>","protected":false},"featured_media":6363,"comment_status":"closed","ping_status":"closed","template":"","meta":{"_acf_changed":false,"slim_seo":{"title":"SDS5058L - YOTAVIS AG","description":"8 canaux, 500 MHz, 5 G\u00e9ch\/s, 12 bits, profil bas"}},"product_brand":[506],"product_cat":[507,539],"product_tag":[],"class_list":{"0":"post-3753","1":"product","2":"type-product","3":"status-publish","4":"has-post-thumbnail","6":"product_brand-siglent","7":"product_cat-oscilloscope","8":"product_cat-without-screen-en","9":"pa_bandwidth-mhz-83","10":"pa_channels-459","11":"pa_digital-channels-yes","12":"pa_memory-depht-mpts-244","13":"pa_sampling-rate-channels-ms-s-339","14":"pa_touch-screen-no","15":"pa_vertical-resolution-bits-348","17":"first","18":"instock","19":"taxable","20":"shipping-taxable","21":"purchasable","22":"product-type-simple"},"acf":[],"_links":{"self":[{"href":"https:\/\/yotavis.ch\/fr\/wp-json\/wp\/v2\/product\/3753","targetHints":{"allow":["GET"]}}],"collection":[{"href":"https:\/\/yotavis.ch\/fr\/wp-json\/wp\/v2\/product"}],"about":[{"href":"https:\/\/yotavis.ch\/fr\/wp-json\/wp\/v2\/types\/product"}],"replies":[{"embeddable":true,"href":"https:\/\/yotavis.ch\/fr\/wp-json\/wp\/v2\/comments?post=3753"}],"wp:featuredmedia":[{"embeddable":true,"href":"https:\/\/yotavis.ch\/fr\/wp-json\/wp\/v2\/media\/6363"}],"wp:attachment":[{"href":"https:\/\/yotavis.ch\/fr\/wp-json\/wp\/v2\/media?parent=3753"}],"wp:term":[{"taxonomy":"product_brand","embeddable":true,"href":"https:\/\/yotavis.ch\/fr\/wp-json\/wp\/v2\/product_brand?post=3753"},{"taxonomy":"product_cat","embeddable":true,"href":"https:\/\/yotavis.ch\/fr\/wp-json\/wp\/v2\/product_cat?post=3753"},{"taxonomy":"product_tag","embeddable":true,"href":"https:\/\/yotavis.ch\/fr\/wp-json\/wp\/v2\/product_tag?post=3753"}],"curies":[{"name":"wp","href":"https:\/\/api.w.org\/{rel}","templated":true}]}}