{"id":3754,"date":"2025-10-09T00:00:00","date_gmt":"2025-10-08T22:00:00","guid":{"rendered":"https:\/\/yotavis.ch\/product\/sds5108l\/"},"modified":"2026-04-24T13:29:39","modified_gmt":"2026-04-24T11:29:39","slug":"sds5108l","status":"publish","type":"product","link":"https:\/\/yotavis.ch\/fr\/produit\/sds5108l\/","title":{"rendered":"SDS5108L"},"content":{"rendered":"<p>Le Siglent SDS5108L est un appareil \u00e0 8 voies dot\u00e9 d'une bande passante de 1000 MHz et d'un taux d'\u00e9chantillonnage de 2500 MS\/s par voie. Il offre une r\u00e9solution verticale de 12 bits, permettant une repr\u00e9sentation d\u00e9taill\u00e9e du signal. La profondeur de m\u00e9moire est de 2500 Mpts, ce qui permet de capturer de nombreuses donn\u00e9es pendant le fonctionnement. Ce mod\u00e8le comprend des voies num\u00e9riques, ce qui accro\u00eet sa polyvalence pour diverses applications. L'appareil est con\u00e7u avec un profil bas, ce qui le rend adapt\u00e9 aux installations o\u00f9 l'espace est un facteur important. Il ne comporte pas d'interface \u00e0 \u00e9cran tactile. Le SDS5108L fonctionne avec une bande passante maximale de 1 GHz et prend en charge un taux d'\u00e9chantillonnage de 5 GSa\/s au total.<\/p>","protected":false},"excerpt":{"rendered":"<p>8 canaux, 1 GHz, 5 G\u00e9ch\/s, 12 bits, profil bas<\/p>","protected":false},"featured_media":6361,"comment_status":"closed","ping_status":"closed","template":"","meta":{"_acf_changed":false,"slim_seo":{"title":"SDS5108L - YOTAVIS AG","description":"8 canaux, 1 GHz, 5 G\u00e9ch\/s, 12 bits, profil bas"}},"product_brand":[506],"product_cat":[507,539],"product_tag":[],"class_list":{"0":"post-3754","1":"product","2":"type-product","3":"status-publish","4":"has-post-thumbnail","6":"product_brand-siglent","7":"product_cat-oscilloscope","8":"product_cat-without-screen-en","9":"pa_bandwidth-mhz-84","10":"pa_channels-459","11":"pa_digital-channels-yes","12":"pa_memory-depht-mpts-244","13":"pa_sampling-rate-channels-ms-s-339","14":"pa_touch-screen-no","15":"pa_vertical-resolution-bits-348","17":"first","18":"instock","19":"taxable","20":"shipping-taxable","21":"purchasable","22":"product-type-simple"},"acf":[],"_links":{"self":[{"href":"https:\/\/yotavis.ch\/fr\/wp-json\/wp\/v2\/product\/3754","targetHints":{"allow":["GET"]}}],"collection":[{"href":"https:\/\/yotavis.ch\/fr\/wp-json\/wp\/v2\/product"}],"about":[{"href":"https:\/\/yotavis.ch\/fr\/wp-json\/wp\/v2\/types\/product"}],"replies":[{"embeddable":true,"href":"https:\/\/yotavis.ch\/fr\/wp-json\/wp\/v2\/comments?post=3754"}],"wp:featuredmedia":[{"embeddable":true,"href":"https:\/\/yotavis.ch\/fr\/wp-json\/wp\/v2\/media\/6361"}],"wp:attachment":[{"href":"https:\/\/yotavis.ch\/fr\/wp-json\/wp\/v2\/media?parent=3754"}],"wp:term":[{"taxonomy":"product_brand","embeddable":true,"href":"https:\/\/yotavis.ch\/fr\/wp-json\/wp\/v2\/product_brand?post=3754"},{"taxonomy":"product_cat","embeddable":true,"href":"https:\/\/yotavis.ch\/fr\/wp-json\/wp\/v2\/product_cat?post=3754"},{"taxonomy":"product_tag","embeddable":true,"href":"https:\/\/yotavis.ch\/fr\/wp-json\/wp\/v2\/product_tag?post=3754"}],"curies":[{"name":"wp","href":"https:\/\/api.w.org\/{rel}","templated":true}]}}