{"id":3755,"date":"2025-10-09T00:00:00","date_gmt":"2025-10-08T22:00:00","guid":{"rendered":"https:\/\/yotavis.ch\/product\/odp6050b\/"},"modified":"2026-04-24T13:29:46","modified_gmt":"2026-04-24T11:29:46","slug":"odp6050b","status":"publish","type":"product","link":"https:\/\/yotavis.ch\/fr\/produit\/odp6050b\/","title":{"rendered":"ODP6050B"},"content":{"rendered":"<p>L'ODP6050B est une sonde optique isol\u00e9e avec une bande passante de 500 MHz et un facteur d'att\u00e9nuation de 50X. Elle prend en charge une tension de test diff\u00e9rentielle maximale de plus ou moins 25 volts pour les mesures en courant continu et en courant alternatif de cr\u00eate. La sonde pr\u00e9sente une tension nominale isol\u00e9e allant jusqu'\u00e0 60 kilovolts, ce qui garantit un fonctionnement s\u00fbr dans les environnements \u00e0 haute tension. L'alimentation peut \u00eatre assur\u00e9e soit par un adaptateur DC 5 volts, soit par une batterie 7,4 volts, ce qui offre une grande souplesse dans les diff\u00e9rents sc\u00e9narios d'utilisation. L'appareil comprend des att\u00e9nuateurs standard avec des options pour 50X, 1000X, 2000X et 5000X, ce qui permet une large gamme de mise \u00e0 l'\u00e9chelle du signal. Fabriqu\u00e9e par Siglent, la sonde est con\u00e7ue pour s'interfacer de mani\u00e8re universelle et s'adapter \u00e0 diverses configurations de test. Cette combinaison de caract\u00e9ristiques permet \u00e0 l'ODP6050B de r\u00e9aliser des mesures de tension pr\u00e9cises et isol\u00e9es sur une large gamme de fr\u00e9quences.<\/p>","protected":false},"excerpt":{"rendered":"<p>Sonde optique isol\u00e9e : 500 MHz, 50X, Tension de test diff\u00e9rentielle max. Tension diff\u00e9rentielle de test (DC + pic AC) +\/-25 V, tension isol\u00e9e +\/-60 kV, adaptateur DC 5 V ou batterie 7,4 V Alimentation\uff0cStandard 50X\/1000X\/2000X\/5000X att\u00e9nuateur<\/p>","protected":false},"featured_media":6366,"comment_status":"closed","ping_status":"closed","template":"","meta":{"_acf_changed":false,"slim_seo":{"title":"ODP6050B - YOTAVIS AG","description":"Optical isolated probe: 500 MHz, 50X, Max. Differential Test Voltage (DC + Peak AC) +\/-25 V, Isolated Voltage +\/-60 kV, DC 5 V adapter or 7.4 V battery Power su"}},"product_brand":[506],"product_cat":[535,509],"product_tag":[],"class_list":{"0":"post-3755","1":"product","2":"type-product","3":"status-publish","4":"has-post-thumbnail","6":"product_brand-siglent","7":"product_cat-differential-probes-en","8":"product_cat-probes-en","9":"pa_bandwidth-mhz-83","10":"pa_interface-uniiversal","11":"pa_voltage-max-v-246","13":"first","14":"instock","15":"taxable","16":"shipping-taxable","17":"purchasable","18":"product-type-simple"},"acf":[],"_links":{"self":[{"href":"https:\/\/yotavis.ch\/fr\/wp-json\/wp\/v2\/product\/3755","targetHints":{"allow":["GET"]}}],"collection":[{"href":"https:\/\/yotavis.ch\/fr\/wp-json\/wp\/v2\/product"}],"about":[{"href":"https:\/\/yotavis.ch\/fr\/wp-json\/wp\/v2\/types\/product"}],"replies":[{"embeddable":true,"href":"https:\/\/yotavis.ch\/fr\/wp-json\/wp\/v2\/comments?post=3755"}],"wp:featuredmedia":[{"embeddable":true,"href":"https:\/\/yotavis.ch\/fr\/wp-json\/wp\/v2\/media\/6366"}],"wp:attachment":[{"href":"https:\/\/yotavis.ch\/fr\/wp-json\/wp\/v2\/media?parent=3755"}],"wp:term":[{"taxonomy":"product_brand","embeddable":true,"href":"https:\/\/yotavis.ch\/fr\/wp-json\/wp\/v2\/product_brand?post=3755"},{"taxonomy":"product_cat","embeddable":true,"href":"https:\/\/yotavis.ch\/fr\/wp-json\/wp\/v2\/product_cat?post=3755"},{"taxonomy":"product_tag","embeddable":true,"href":"https:\/\/yotavis.ch\/fr\/wp-json\/wp\/v2\/product_tag?post=3755"}],"curies":[{"name":"wp","href":"https:\/\/api.w.org\/{rel}","templated":true}]}}