{"id":3756,"date":"2025-10-09T00:00:00","date_gmt":"2025-10-08T22:00:00","guid":{"rendered":"https:\/\/yotavis.ch\/product\/odp6100b\/"},"modified":"2026-04-24T13:29:47","modified_gmt":"2026-04-24T11:29:47","slug":"odp6100b","status":"publish","type":"product","link":"https:\/\/yotavis.ch\/fr\/produit\/odp6100b\/","title":{"rendered":"ODP6100B"},"content":{"rendered":"<p>Le Siglent ODP6100B est une sonde optique isol\u00e9e con\u00e7ue pour fonctionner avec une bande passante de 1 GHz et une att\u00e9nuation standard de 50X, 1000X, 2000X et 5000X. Elle supporte une tension de test diff\u00e9rentielle maximale de plus ou moins 25 volts pour les mesures en courant continu et en courant alternatif de cr\u00eate, tandis que sa capacit\u00e9 de tension isol\u00e9e atteint plus ou moins 60 kilovolts. L'appareil peut \u00eatre aliment\u00e9 soit par un adaptateur CC de 5 volts, soit par une batterie de 7,4 volts, ce qui lui conf\u00e8re une grande souplesse d'utilisation dans divers environnements de test. Cette sonde convient aux applications n\u00e9cessitant une isolation de la tension \u00e9lev\u00e9e et une att\u00e9nuation pr\u00e9cise du signal. Sa conception garantit la compatibilit\u00e9 avec une gamme de configurations de mesure, en particulier lorsque l'isolation \u00e9lectrique est critique. L'inclusion de plusieurs options d'att\u00e9nuation permet une adaptabilit\u00e9 en fonction de la force du signal et des exigences de mesure. L'ODP6100B fait partie de la gamme de produits Siglent, connue pour ses sp\u00e9cifications techniques qui r\u00e9pondent aux besoins de tests \u00e9lectroniques avanc\u00e9s.<\/p>","protected":false},"excerpt":{"rendered":"<p>Sonde optique isol\u00e9e : 1 GHz, 50X, Tension de test diff\u00e9rentielle max. Tension diff\u00e9rentielle de test (DC + pic AC) +\/-25 V, tension isol\u00e9e +\/-60 kV, adaptateur DC 5 V ou batterie 7.4 V Alimentation\uff0cStandard 50X\/1000X\/2000X\/5000X att\u00e9nuateur<\/p>","protected":false},"featured_media":6367,"comment_status":"closed","ping_status":"closed","template":"","meta":{"_acf_changed":false,"slim_seo":{"title":"ODP6100B - YOTAVIS AG","description":"Optical isolated probe: 1 GHz, 50X, Max. Differential Test Voltage (DC + Peak AC) +\/-25 V, Isolated Voltage +\/-60 kV, DC 5 V adapter or 7.4 V battery Power supp"}},"product_brand":[506],"product_cat":[535,509],"product_tag":[],"class_list":{"0":"post-3756","1":"product","2":"type-product","3":"status-publish","4":"has-post-thumbnail","6":"product_brand-siglent","7":"product_cat-differential-probes-en","8":"product_cat-probes-en","9":"pa_bandwidth-mhz-84","10":"pa_interface-uniiversal","11":"pa_voltage-max-v-246","13":"first","14":"instock","15":"taxable","16":"shipping-taxable","17":"purchasable","18":"product-type-simple"},"acf":[],"_links":{"self":[{"href":"https:\/\/yotavis.ch\/fr\/wp-json\/wp\/v2\/product\/3756","targetHints":{"allow":["GET"]}}],"collection":[{"href":"https:\/\/yotavis.ch\/fr\/wp-json\/wp\/v2\/product"}],"about":[{"href":"https:\/\/yotavis.ch\/fr\/wp-json\/wp\/v2\/types\/product"}],"replies":[{"embeddable":true,"href":"https:\/\/yotavis.ch\/fr\/wp-json\/wp\/v2\/comments?post=3756"}],"wp:featuredmedia":[{"embeddable":true,"href":"https:\/\/yotavis.ch\/fr\/wp-json\/wp\/v2\/media\/6367"}],"wp:attachment":[{"href":"https:\/\/yotavis.ch\/fr\/wp-json\/wp\/v2\/media?parent=3756"}],"wp:term":[{"taxonomy":"product_brand","embeddable":true,"href":"https:\/\/yotavis.ch\/fr\/wp-json\/wp\/v2\/product_brand?post=3756"},{"taxonomy":"product_cat","embeddable":true,"href":"https:\/\/yotavis.ch\/fr\/wp-json\/wp\/v2\/product_cat?post=3756"},{"taxonomy":"product_tag","embeddable":true,"href":"https:\/\/yotavis.ch\/fr\/wp-json\/wp\/v2\/product_tag?post=3756"}],"curies":[{"name":"wp","href":"https:\/\/api.w.org\/{rel}","templated":true}]}}