{"id":3757,"date":"2025-10-09T00:00:00","date_gmt":"2025-10-08T22:00:00","guid":{"rendered":"https:\/\/yotavis.ch\/product\/sna5002a\/"},"modified":"2026-04-24T13:29:50","modified_gmt":"2026-04-24T11:29:50","slug":"sna5002a","status":"publish","type":"product","link":"https:\/\/yotavis.ch\/fr\/produit\/sna5002a\/","title":{"rendered":"SNA5002A"},"content":{"rendered":"<p>Le Siglent SNA5002A fonctionne dans une gamme de fr\u00e9quences de 9 kHz \u00e0 4,5 GHz et dispose de deux ports pour une connectivit\u00e9 polyvalente. Il offre une r\u00e9solution de fr\u00e9quence de 1 Hz, ce qui permet des mesures de fr\u00e9quence pr\u00e9cises. La largeur de bande de fr\u00e9quence interm\u00e9diaire (IFBW) de l'instrument s'\u00e9tend de 10 Hz \u00e0 3 MHz, ce qui permet une analyse d\u00e9taill\u00e9e des signaux. Avec une plage dynamique de 125 dB, il peut traiter un large spectre d'amplitudes de signaux. La gamme de niveaux de sortie s'\u00e9tend de -55 dBm \u00e0 +10 dBm, ce qui offre une grande souplesse dans les niveaux de sortie des signaux. L'appareil est \u00e9quip\u00e9 d'un \u00e9cran tactile de 12,1 pouces, facilitant l'interaction et le contr\u00f4le par l'utilisateur. La fr\u00e9quence maximale est de 4,5 GHz et la fr\u00e9quence minimale de 9 kHz, ce qui couvre une large gamme d'applications. Gr\u00e2ce \u00e0 cette combinaison de caract\u00e9ristiques, le SNA5002A convient \u00e0 diverses t\u00e2ches de mesure de fr\u00e9quence et de signal.<\/p>","protected":false},"excerpt":{"rendered":"<p>Frequency Range: 9 kHz~4.5 GHz, 2 ports\uff0cFrequencey Resolution 1 Hz, IFBW 10 Hz~3 MHz, Dynamic Range 125 dB, Output Level Range -55 dBm ~ +10 dBm, 12.1&#8221; Touch Screen<\/p>","protected":false},"featured_media":6378,"comment_status":"closed","ping_status":"closed","template":"","meta":{"_acf_changed":false,"slim_seo":{"title":"SNA5002A - YOTAVIS AG","description":"Frequency Range: 9 kHz~4.5 GHz, 2 ports\uff0cFrequencey Resolution 1 Hz, IFBW 10 Hz~3 MHz, Dynamic Range 125 dB, Output Level Range -55 dBm ~ +10 dBm, 12.1'' Touch S"}},"product_brand":[506],"product_cat":[523,525],"product_tag":[],"class_list":{"0":"post-3757","1":"product","2":"type-product","3":"status-publish","4":"has-post-thumbnail","6":"product_brand-siglent","7":"product_cat-analyser","8":"product_cat-vna","9":"pa_dynamic-range-db-248","10":"pa_frequency-max-mhz-462","11":"pa_frequency-min-hz-177","12":"pa_handheld-no","13":"pa_ports-188","15":"first","16":"instock","17":"taxable","18":"shipping-taxable","19":"purchasable","20":"product-type-simple"},"acf":[],"_links":{"self":[{"href":"https:\/\/yotavis.ch\/fr\/wp-json\/wp\/v2\/product\/3757","targetHints":{"allow":["GET"]}}],"collection":[{"href":"https:\/\/yotavis.ch\/fr\/wp-json\/wp\/v2\/product"}],"about":[{"href":"https:\/\/yotavis.ch\/fr\/wp-json\/wp\/v2\/types\/product"}],"replies":[{"embeddable":true,"href":"https:\/\/yotavis.ch\/fr\/wp-json\/wp\/v2\/comments?post=3757"}],"wp:featuredmedia":[{"embeddable":true,"href":"https:\/\/yotavis.ch\/fr\/wp-json\/wp\/v2\/media\/6378"}],"wp:attachment":[{"href":"https:\/\/yotavis.ch\/fr\/wp-json\/wp\/v2\/media?parent=3757"}],"wp:term":[{"taxonomy":"product_brand","embeddable":true,"href":"https:\/\/yotavis.ch\/fr\/wp-json\/wp\/v2\/product_brand?post=3757"},{"taxonomy":"product_cat","embeddable":true,"href":"https:\/\/yotavis.ch\/fr\/wp-json\/wp\/v2\/product_cat?post=3757"},{"taxonomy":"product_tag","embeddable":true,"href":"https:\/\/yotavis.ch\/fr\/wp-json\/wp\/v2\/product_tag?post=3757"}],"curies":[{"name":"wp","href":"https:\/\/api.w.org\/{rel}","templated":true}]}}